{"id":1764,"date":"2023-01-30T16:03:39","date_gmt":"2023-01-30T16:03:39","guid":{"rendered":"https:\/\/loops.jonolsson.se\/privacy-policy-2\/"},"modified":"2025-04-10T11:59:41","modified_gmt":"2025-04-10T11:59:41","slug":"privacy-policy","status":"publish","type":"page","link":"https:\/\/loops.jonolsson.se\/en\/privacy-policy\/","title":{"rendered":"Privacy Policy"},"content":{"rendered":"\n<div class=\"wp-block-group has-link-color wp-elements-ec44f412db3c07149ecda69508f6c380 has-global-padding is-layout-constrained wp-block-group-is-layout-constrained\">\n<h2 class=\"wp-block-heading\" id=\"h-loops-education-ab-och-personuppgifter\" style=\"padding-top:var(--wp--preset--spacing--x-large)\">Loops Education AB och personuppgifter<\/h2>\n\n\n\n<p>ENPrecis som alla andra webbplatser hanterar vi information som du v\u00e4ljer att delge oss via formul\u00e4r, nedladdningar eller webbplatsbes\u00f6k. Vi vill att du ska k\u00e4nna dig fullkomligt trygg i att l\u00e4mna information till oss. D\u00e4rf\u00f6r borde du ta del av hur vi hanterar din data nedan, och tveka inte att h\u00f6ra av dig om du har fr\u00e5gor.<\/p>\n\n\n\n<p>Den h\u00e4r policyn g\u00e4ller n\u00e4r du l\u00e4mnar information p\u00e5 loopseducation.com f\u00f6r att ta del av information eller uttrycka intresse f\u00f6r ett event. Loops Education (Loops Education AB, 559172-2250, nedan f\u00f6rkortat \u201dLoops\u201d) ansvarar f\u00f6r datan som samlas in n\u00e4r du fyller i formul\u00e4r p\u00e5 v\u00e5r hemsida.<\/p>\n\n\n\n<h3 class=\"wp-block-heading\" id=\"h-information-vi-samlar-in-om-dig\">Information vi samlar in om dig<\/h3>\n\n\n\n<p>N\u00e4r du bes\u00f6ker v\u00e5r hemsida samlar vi in f\u00f6ljande information: Din IP-address, vilken browser du anv\u00e4nder, hur du anv\u00e4nder v\u00e5r hemsida (exempelvis vilka sidor du bes\u00f6kt) samt information om vilken enhet du anv\u00e4nder, se v\u00e5r&nbsp;<a href=\"https:\/\/loopseducation.com\/cookie-policy\/\">Cookie Policy<\/a>&nbsp;f\u00f6r mer information. Detta inneh\u00e5ller inte personlig information om du inte sj\u00e4lv valt tillhandah\u00e5lla den. Det g\u00e5r fint att utforska v\u00e5r site utan att l\u00e4mna personlig information, du v\u00e4ljer alltid sj\u00e4lv om du vill l\u00e4mna data genom formul\u00e4r. Information som inh\u00e4mtas via formul\u00e4r kan vara namn, e-postadress eller annan f\u00f6retagsrelaterad information.<\/p>\n\n\n\n<h3 class=\"wp-block-heading\" id=\"h-sa-anvander-vi-insamlad-data\">S\u00e5 anv\u00e4nder vi insamlad data<\/h3>\n\n\n\n<p>Vi hanterar persondata f\u00f6r att ge dig en b\u00e4ttre upplevelse, och i marknadsf\u00f6ringssyfte f\u00f6r att kunna erbjuda dig relevant information. Vi anv\u00e4nder \u00e4ven data f\u00f6r att hantera, m\u00e4ta och f\u00f6rb\u00e4ttra marknadsf\u00f6ringsinitiativ och svara p\u00e5 dina \u00f6nskem\u00e5l om information, nyhetsbrev eller eventanm\u00e4lningar. Du kan n\u00e4r som helst v\u00e4lja att avregistrera dig fr\u00e5n v\u00e5r marknadskommunikation genom att f\u00f6lja instruktionerna i v\u00e5ra utskick.<br><br>Loops anv\u00e4nder underleverant\u00f6rer som kan komma att ha begr\u00e4nsad \u00e5tkomst till dina personuppgifter f\u00f6r att underh\u00e5lla eller ge support f\u00f6r deras tj\u00e4nst. <br><br>F\u00f6rvaring och dataanv\u00e4ndning sker endast inom EU. Vi sparar och f\u00f6rvarar datan du l\u00e4mnar till oss i tolv m\u00e5nader fr\u00e5n ditt senaste bes\u00f6k p\u00e5 v\u00e5r sida. Du kan alltid kontakta oss om du vill att vi tar bort din information tidigare. Interagerar du inte med oss (l\u00e4ser v\u00e5ra e-mail, bes\u00f6ker v\u00e5ra hemsidor eller liknande) raderas din information.<\/p>\n\n\n\n<h3 class=\"wp-block-heading\" id=\"h-vill-du-fa-tillgang-till-din-data\">Vill du f\u00e5 tillg\u00e5ng till din data?<\/h3>\n\n\n\n<p>Har du fr\u00e5gor g\u00e4llande v\u00e5r policy? H\u00f6r av dig till oss p\u00e5&nbsp;<a href=\"mailto:hello@loopseducation.com\">hello@loopseducation.com<\/a>.<\/p>\n\n\n\n<h2 class=\"wp-block-heading\" id=\"h-loops-och-gdpr\">Loops och GDPR<\/h2>\n\n\n\n<p>Den tekniska utvecklingen har g\u00e5tt i rasande fart de senaste \u00e5ren, och vi \u00e4gnar nu stora delar av v\u00e5r vakna tid p\u00e5 n\u00e4tet. I takt med att n\u00e4tbaserade tj\u00e4nster vill ha mer information av dig som anv\u00e4ndare blir det viktigt att f\u00f6rst\u00e5 hur dina personuppgifter anv\u00e4nds och vilka r\u00e4ttigheter du har.&nbsp;<strong>GDPR ger dig st\u00f6rre r\u00e4ttigheter, och st\u00e4ller mycket h\u00f6ga krav p\u00e5 f\u00f6retag<\/strong>&nbsp;som tillhandah\u00e5ller tj\u00e4nster samt hur underleverant\u00f6rer behandlar personuppgifter.<\/p>\n\n\n\n<p>Den tidigare personuppgiftslagen tog hantering av personuppgifter p\u00e5 stort allvar. I utbildningskontext s\u00e5g vi det inte minst i dialogen som kommuner drivit mot stora molntj\u00e4nstleverant\u00f6rer g\u00e4llande anv\u00e4ndning av tj\u00e4nsterna i klassrumspraktiken. Hanteringen av personuppgifter s\u00e5g dock olika ut i EU:s medlemsl\u00e4nder, och den snabba teknikutvecklingen motiverade en EU-\u00f6vergripande lagstiftning f\u00f6r hantering av personuppgifter.<\/p>\n\n\n\n<h3 class=\"wp-block-heading\" id=\"h-hur-paverkar-det-loops-da\">Hur p\u00e5verkar det Loops d\u00e5?<\/h3>\n\n\n\n<p>Vi v\u00e4lkomnar GDPR och kraven som st\u00e4lls p\u00e5 oss som tj\u00e4nsteleverant\u00f6r. F\u00f6r oss har det alltid varit sj\u00e4lvklart att hantera dina personuppgifter med st\u00f6rsta allvar och f\u00f6rsiktighet, precis som vi sj\u00e4lva f\u00f6rv\u00e4ntar oss att bli behandlade.&nbsp;<strong>Vi fr\u00e5gar om ditt medgivande f\u00f6r att spara uppgifter du ger oss, och du har alltid r\u00e4tt att f\u00e5 din data exporterad och\/eller raderad om du vill nyttja r\u00e4tten att bli gl\u00f6md.<\/strong>&nbsp;Du ska k\u00e4nna dig fullkomligt trygg i din relation till oss. D\u00e4rf\u00f6r har vi genom fokuserat arbete lyckats vara GDPR-f\u00f6renliga fr\u00e5n b\u00f6rjan av maj 2018.<\/p>\n\n\n\n<p>Rent konkret inneb\u00e4r GDPR b\u00e5de organisatoriska och tekniska \u00e5tg\u00e4rder fr\u00e5n v\u00e5r sida. Ur ett tekniskt perspektiv har vi sett \u00f6ver vilken data vi lagrar och var den lagras f\u00f6r att kunna s\u00e4kerst\u00e4lla att allt sk\u00f6ts korrekt. Vi har \u00e4ven uppdaterat v\u00e5ra system f\u00f6r att kunna erbjuda m\u00f6jligheter till dataexport och radering av personuppgifter. Skulle olyckan mot f\u00f6rmodan vara framme har vi \u00e4ven tagit fram strikta rutiner kring incidenthantering och kommunikation. Allt f\u00f6r att konsekvenserna av en eventuell incident ska minimeras med s\u00e5 tydlig och omedelbar information som m\u00f6jligt.<\/p>\n\n\n\n<h3 class=\"wp-block-heading\" id=\"h-bli-underrattad\">Bli underr\u00e4ttad<\/h3>\n\n\n\n<p>GDPR ger dig \u00e4ven r\u00e4tt att informeras om\/n\u00e4r vi anlitar nya underbitr\u00e4den som hanterar persondata, eller n\u00e4r vi avslutar v\u00e5r relation med existerande underbitr\u00e4den. Skriv till oss p\u00e5&nbsp;<a href=\"mailto:hello@loopseducation.com?subject=GDPR\">hello@loopseducation.com<\/a>&nbsp;om du vill f\u00e5 en automatisk notis n\u00e4r vi g\u00f6r f\u00f6r\u00e4ndringar.<\/p>\n\n\n\n<p>P.S. Vi kommer aldrig att anv\u00e4nda denna e-post till n\u00e5got annat \u00e4n information om uppdateringar kring v\u00e5ra underbitr\u00e4den. Du kan alltid kontakta oss p\u00e5&nbsp;<a href=\"mailto:hello@loopseducation.com?subject=GDPR\">hello@loopseducation.com<\/a>&nbsp;om du vill f\u00e5 din email borttagen eller anv\u00e4nda l\u00e4nken l\u00e4ngst ner i varje mail.<\/p>\n<\/div>\n","protected":false},"excerpt":{"rendered":"<p>Loops Education AB och personuppgifter ENPrecis som alla andra webbplatser hanterar vi information som du v\u00e4ljer att delge oss via formul\u00e4r, nedladdningar eller webbplatsbes\u00f6k. Vi vill att du ska k\u00e4nna dig fullkomligt trygg i att l\u00e4mna information till oss. D\u00e4rf\u00f6r borde du ta del av hur vi hanterar din data nedan, och tveka inte att [&hellip;]<\/p>\n","protected":false},"author":1,"featured_media":0,"parent":0,"menu_order":0,"comment_status":"closed","ping_status":"open","template":"","meta":{"_acf_changed":false,"footnotes":""},"class_list":["post-1764","page","type-page","status-publish","hentry"],"acf":[],"mb":[],"mfb_rest_fields":["title"],"_links":{"self":[{"href":"https:\/\/loops.jonolsson.se\/en\/wp-json\/wp\/v2\/pages\/1764","targetHints":{"allow":["GET"]}}],"collection":[{"href":"https:\/\/loops.jonolsson.se\/en\/wp-json\/wp\/v2\/pages"}],"about":[{"href":"https:\/\/loops.jonolsson.se\/en\/wp-json\/wp\/v2\/types\/page"}],"author":[{"embeddable":true,"href":"https:\/\/loops.jonolsson.se\/en\/wp-json\/wp\/v2\/users\/1"}],"replies":[{"embeddable":true,"href":"https:\/\/loops.jonolsson.se\/en\/wp-json\/wp\/v2\/comments?post=1764"}],"version-history":[{"count":2,"href":"https:\/\/loops.jonolsson.se\/en\/wp-json\/wp\/v2\/pages\/1764\/revisions"}],"predecessor-version":[{"id":1788,"href":"https:\/\/loops.jonolsson.se\/en\/wp-json\/wp\/v2\/pages\/1764\/revisions\/1788"}],"wp:attachment":[{"href":"https:\/\/loops.jonolsson.se\/en\/wp-json\/wp\/v2\/media?parent=1764"}],"curies":[{"name":"wp","href":"https:\/\/api.w.org\/{rel}","templated":true}]}}