{"id":1059,"date":"2024-07-24T18:08:28","date_gmt":"2024-07-24T18:08:28","guid":{"rendered":"https:\/\/loops.jonolsson.se\/logga-in\/"},"modified":"2025-04-08T19:18:16","modified_gmt":"2025-04-08T19:18:16","slug":"logg-inn","status":"publish","type":"page","link":"https:\/\/loops.jonolsson.se\/no\/logg-inn\/","title":{"rendered":"Logg inn"},"content":{"rendered":"\n<div class=\"wp-block-cover alignfull\" style=\"padding-top:0;padding-right:0;padding-bottom:0;padding-left:0;min-height:450px;aspect-ratio:unset;\"><span aria-hidden=\"true\" class=\"wp-block-cover__background has-contrast-background-color has-background-dim-80 has-background-dim\"><\/span><video class=\"wp-block-cover__video-background intrinsic-ignore\" autoplay muted loop playsinline src=\"https:\/\/loops.jonolsson.se\/wp-content\/uploads\/Hero-loops.mp4\" data-object-fit=\"cover\"><\/video><div class=\"wp-block-cover__inner-container is-layout-flow wp-block-cover-is-layout-flow\">\n<div class=\"wp-block-group has-global-padding is-layout-constrained wp-container-core-group-is-layout-0ca5253d wp-block-group-is-layout-constrained\" style=\"padding-top:var(--wp--preset--spacing--medium);padding-right:var(--wp--preset--spacing--small);padding-bottom:var(--wp--preset--spacing--medium);padding-left:var(--wp--preset--spacing--small)\">\n<div class=\"wp-block-group alignwide has-global-padding is-content-justification-left is-layout-constrained wp-container-core-group-is-layout-12dd3699 wp-block-group-is-layout-constrained\">\n<div class=\"wp-block-columns alignwide has-base-color has-text-color has-link-color wp-elements-bfae744cc759bb9a0ee33ed6e0b39546 is-layout-flex wp-container-core-columns-is-layout-28f84493 wp-block-columns-is-layout-flex\">\n<div class=\"wp-block-column is-vertically-aligned-stretch is-layout-flow wp-block-column-is-layout-flow\">\n<div class=\"wp-block-group has-background with-text-alignment is-vertical is-content-justification-center is-layout-flex wp-container-core-group-is-layout-01b2a0ff wp-block-group-is-layout-flex core-group core-group-69fb1cc1c79d9\" style=\"border-style:none;border-width:0px;border-radius:10px;background-color:#114f66ba;min-height:100%;padding-top:var(--wp--preset--spacing--x-small);padding-right:var(--wp--preset--spacing--x-small);padding-bottom:var(--wp--preset--spacing--x-small);padding-left:var(--wp--preset--spacing--x-small)\">\n<h2 class=\"wp-block-heading has-text-align-center\">Logg in<\/h2>\n\n\n\n<p class=\"has-text-align-center has-base-color has-text-color has-link-color wp-elements-9410852ef9ba024333d54dfb6d2cbd1d\">Har du allerede en Loops-konto du vil logge p\u00e5?<\/p>\n\n\n\n<div class=\"wp-block-buttons is-content-justification-center is-layout-flex wp-container-core-buttons-is-layout-a89b3969 wp-block-buttons-is-layout-flex\">\n<div class=\"wp-block-button is-style-outline is-style-outline--1\" style=\"font-style:normal;font-weight:600\"><a class=\"wp-block-button__link has-primary-color has-text-color has-link-color wp-element-button\" href=\"https:\/\/loops.education\/#login\" style=\"border-width:2px;padding-top:8px;padding-bottom:8px\" target=\"_blank\" rel=\"noreferrer noopener\">Logg inn<\/a><\/div>\n<\/div>\n<\/div>\n<\/div>\n\n\n\n<div class=\"wp-block-column is-vertically-aligned-stretch is-layout-flow wp-block-column-is-layout-flow\">\n<div class=\"wp-block-group has-background is-vertical is-content-justification-center is-layout-flex wp-container-core-group-is-layout-10032409 wp-block-group-is-layout-flex\" style=\"border-style:none;border-width:0px;border-radius:10px;background-color:#114f66ba;min-height:100%;padding-top:var(--wp--preset--spacing--x-small);padding-right:var(--wp--preset--spacing--x-small);padding-bottom:var(--wp--preset--spacing--x-small);padding-left:var(--wp--preset--spacing--x-small)\">\n<h2 class=\"wp-block-heading has-text-align-center\">Appar<\/h2>\n\n\n\n<p class=\"has-text-align-center has-base-color has-text-color has-link-color wp-elements-c809b84b2e58e5036b8b9ef5bf271805\">Det er tre forskjellige Loops-apper du kan velge mellom.<\/p>\n\n\n\n<div class=\"wp-block-buttons is-content-justification-center is-layout-flex wp-container-core-buttons-is-layout-a89b3969 wp-block-buttons-is-layout-flex\">\n<div class=\"wp-block-button is-style-outline is-style-outline--2\" style=\"font-style:normal;font-weight:600\"><a class=\"wp-block-button__link has-primary-color has-text-color has-link-color wp-element-button\" href=\"\/no\/produkt#eko\" style=\"border-width:2px;padding-top:8px;padding-bottom:8px\">Les mer<\/a><\/div>\n<\/div>\n<\/div>\n<\/div>\n<\/div>\n<\/div>\n<\/div>\n<\/div><\/div>\n\n\n\n<div class=\"wp-block-group alignfull mychild-parallax-grey has-global-padding is-layout-constrained wp-container-core-group-is-layout-bd03884e wp-block-group-is-layout-constrained\" style=\"padding-top:var(--wp--preset--spacing--large);padding-right:var(--wp--preset--spacing--small);padding-bottom:var(--wp--preset--spacing--large);padding-left:var(--wp--preset--spacing--small)\">\n<div class=\"wp-block-group alignwide is-layout-flow wp-block-group-is-layout-flow\">\n<h2 class=\"wp-block-heading\">Ny i Loops?<\/h2>\n\n\n\n<h3 class=\"wp-block-heading\" id=\"h-svara-pa-en-inbjudan-som-du-fatt\">Svar p\u00e5 en invitasjon du har mottatt<\/h3>\n\n\n\n<ul class=\"wp-block-list\">\n<li>Du kan ha blitt invitert via e -post, s\u00e5 har du en e -post fra Loops med en lenke i, som du bruker til \u00e5 opprette kontoen din.<\/li>\n\n\n\n<li>Du kan ogs\u00e5 ha blitt invitert via en lenke til en loop som noen har delt med deg p\u00e5 noen m\u00e5te. Klikk p\u00e5 lenken for \u00e5 opprette kontoen din og logge inn.<\/li>\n<\/ul>\n\n\n\n<h3 class=\"wp-block-heading\" id=\"h-logga-in-efter-att-ha-blivit-importerad\">Logg inn etter \u00e5 ha blitt importert<\/h3>\n\n\n\n<p>Loops-kontoen din kan opprettes av noen som importerer deg som bruker. Dette kan gj\u00f8res p\u00e5 forskjellige m\u00e5ter, og du m\u00e5 vite fra personen som foretok importen, hvilken m\u00e5te du b\u00f8r logge deg p\u00e5. Dette kan gj\u00f8res som f\u00f8lger (etter \u00e5 ha g\u00e5tt til p\u00e5loggingsboksen ved \u00e5 klikke Logg inn ovenfor):<\/p>\n\n\n\n<ul class=\"wp-block-list\">\n<li>Med brukerinformasjon som du mottok fra personen som importerte deg som bruker. Klikk p\u00e5 Logg inn med e -post og passord for \u00e5 angi dem.<\/li>\n\n\n\n<li>Med din Microsoft-e-post eller din Google-e-post hvis Loops er koblet til det milj\u00f8et n\u00e5r du importerer med en enkelt p\u00e5loggingsl\u00f8sning. Klikk p\u00e5 Logg inn med SSO. Kanskje du ikke trenger \u00e5 logge p\u00e5 i det hele tatt, men du kan finne Loops via ditt vanlige digitale arbeidsmilj\u00f8.<\/li>\n<\/ul>\n<\/div>\n<\/div>\n\n\n\n<div class=\"wp-block-group alignfull mychild-parallax-black has-global-padding is-layout-constrained wp-block-group-is-layout-constrained\" style=\"padding-top:var(--wp--preset--spacing--x-small);padding-bottom:var(--wp--preset--spacing--x-small)\">\n<div class=\"wp-block-columns alignfull mychild-reverse-mobile is-layout-flex wp-container-core-columns-is-layout-28f84493 wp-block-columns-is-layout-flex\">\n<div class=\"wp-block-column is-vertically-aligned-center with-text-alignment is-layout-flow wp-block-column-is-layout-flow core-column core-column-69fb1cc1c9470\" style=\"padding-top:var(--wp--preset--spacing--small);padding-right:var(--wp--preset--spacing--small);padding-bottom:var(--wp--preset--spacing--small);padding-left:var(--wp--preset--spacing--small)\">\n<h2 class=\"wp-block-heading\" id=\"ny-i-loops\">L\u00e6r deg Loops p\u00e5 5 minutter<\/h2>\n\n\n\n<p>Vil du forst\u00e5 hva Loops er og hvordan det fungerer ved \u00e5 pr\u00f8ve det selv? Opprett en testkonto med full funksjonalitet som er gyldig i 45 dager!<\/p>\n\n\n\n<div class=\"wp-block-buttons is-content-justification-center is-layout-flex wp-container-core-buttons-is-layout-a89b3969 wp-block-buttons-is-layout-flex\">\n<div class=\"wp-block-button is-style-outline is-style-outline--3\" style=\"font-style:normal;font-weight:600\"><a class=\"wp-block-button__link has-primary-color has-text-color has-link-color wp-element-button\" href=\"\/no\/produkt\/prov-loops\/\" style=\"border-width:2px;padding-top:8px;padding-bottom:8px\">Les mer<\/a><\/div>\n<\/div>\n<\/div>\n\n\n\n<div class=\"wp-block-column is-vertically-aligned-center is-layout-flow wp-block-column-is-layout-flow\" style=\"flex-basis:50%\">\n<figure class=\"wp-block-image aligncenter size-full\"><img loading=\"lazy\" decoding=\"async\" width=\"720\" height=\"404\" src=\"https:\/\/loops.jonolsson.se\/wp-content\/uploads\/Loops-Learn.gif\" alt=\"\" class=\"wp-image-252\"\/><\/figure>\n<\/div>\n<\/div>\n<\/div>\n","protected":false},"excerpt":{"rendered":"<p>Ny i Loops? Svar p\u00e5 en invitasjon du har mottatt Logg inn etter \u00e5 ha blitt importert Loops-kontoen din kan opprettes av noen som importerer deg som bruker. Dette kan gj\u00f8res p\u00e5 forskjellige m\u00e5ter, og du m\u00e5 vite fra personen som foretok importen, hvilken m\u00e5te du b\u00f8r logge deg p\u00e5. Dette kan gj\u00f8res som f\u00f8lger [&hellip;]<\/p>\n","protected":false},"author":1,"featured_media":1052,"parent":0,"menu_order":0,"comment_status":"closed","ping_status":"closed","template":"","meta":{"_acf_changed":false,"footnotes":""},"class_list":["post-1059","page","type-page","status-publish","has-post-thumbnail","hentry"],"acf":[],"mb":[],"mfb_rest_fields":["title"],"_links":{"self":[{"href":"https:\/\/loops.jonolsson.se\/no\/wp-json\/wp\/v2\/pages\/1059","targetHints":{"allow":["GET"]}}],"collection":[{"href":"https:\/\/loops.jonolsson.se\/no\/wp-json\/wp\/v2\/pages"}],"about":[{"href":"https:\/\/loops.jonolsson.se\/no\/wp-json\/wp\/v2\/types\/page"}],"author":[{"embeddable":true,"href":"https:\/\/loops.jonolsson.se\/no\/wp-json\/wp\/v2\/users\/1"}],"replies":[{"embeddable":true,"href":"https:\/\/loops.jonolsson.se\/no\/wp-json\/wp\/v2\/comments?post=1059"}],"version-history":[{"count":5,"href":"https:\/\/loops.jonolsson.se\/no\/wp-json\/wp\/v2\/pages\/1059\/revisions"}],"predecessor-version":[{"id":1286,"href":"https:\/\/loops.jonolsson.se\/no\/wp-json\/wp\/v2\/pages\/1059\/revisions\/1286"}],"wp:featuredmedia":[{"embeddable":true,"href":"https:\/\/loops.jonolsson.se\/no\/wp-json\/wp\/v2\/media\/1052"}],"wp:attachment":[{"href":"https:\/\/loops.jonolsson.se\/no\/wp-json\/wp\/v2\/media?parent=1059"}],"curies":[{"name":"wp","href":"https:\/\/api.w.org\/{rel}","templated":true}]}}