{"id":1061,"date":"2024-07-24T18:05:49","date_gmt":"2024-07-24T18:05:49","guid":{"rendered":"https:\/\/loops.jonolsson.se\/om-oss\/"},"modified":"2025-04-08T19:16:00","modified_gmt":"2025-04-08T19:16:00","slug":"om-oss","status":"publish","type":"page","link":"https:\/\/loops.jonolsson.se\/no\/om-oss\/","title":{"rendered":"Om oss"},"content":{"rendered":"\n<div class=\"wp-block-cover alignfull is-light\" style=\"padding-top:0;padding-right:0;padding-bottom:0;padding-left:0;min-height:450px;aspect-ratio:unset;\"><span aria-hidden=\"true\" class=\"wp-block-cover__background has-contrast-background-color has-background-dim-40 has-background-dim\"><\/span><video class=\"wp-block-cover__video-background intrinsic-ignore\" autoplay muted loop playsinline src=\"https:\/\/loops.jonolsson.se\/wp-content\/uploads\/Hero-Film-3.mp4\" data-object-fit=\"cover\"><\/video><div class=\"wp-block-cover__inner-container is-layout-flow wp-block-cover-is-layout-flow\">\n<div class=\"wp-block-group has-global-padding is-layout-constrained wp-container-core-group-is-layout-0ca5253d wp-block-group-is-layout-constrained\" style=\"padding-top:var(--wp--preset--spacing--medium);padding-right:var(--wp--preset--spacing--small);padding-bottom:var(--wp--preset--spacing--medium);padding-left:var(--wp--preset--spacing--small)\">\n<div class=\"wp-block-group alignwide has-global-padding is-content-justification-left is-layout-constrained wp-container-core-group-is-layout-12dd3699 wp-block-group-is-layout-constrained\">\n<div class=\"wp-block-group alignwide with-text-alignment has-global-padding is-layout-constrained wp-container-core-group-is-layout-6f4be487 wp-block-group-is-layout-constrained\" style=\"padding-top:0;padding-right:0;padding-bottom:0;padding-left:0\">\n<h1 class=\"wp-block-heading alignwide has-text-align-center samskolan-text-shadow has-base-color has-text-color with-text-shadow core-heading core-heading-69fb1cbbcdbb1\">Loops Education<\/h1>\n\n\n\n<p class=\"has-text-align-center samskolan-text-shadow has-base-color has-text-color has-medium-font-size\" style=\"line-height:1.3\">Vi i Loops Education er en liten, dynamisk og engasjert gruppe med et felles m\u00e5l; \u00e5 gj\u00f8re l\u00e6ring tilgjengelig for alle, hvem de enn er og uansett hvor de er. Gjennom bred kunnskap innen teknologi og pedagogikk har vi bygget Loops, et innovativt digitalt verkt\u00f8y som gj\u00f8r dette mulig.<\/p>\n<\/div>\n<\/div>\n<\/div>\n<\/div><\/div>\n\n\n\n<div class=\"wp-block-group alignfull mychild-parallax-black has-background has-global-padding is-layout-constrained wp-container-core-group-is-layout-670e2573 wp-block-group-is-layout-constrained\" style=\"background-color:#114f6654;padding-top:var(--wp--preset--spacing--large);padding-right:var(--wp--preset--spacing--small);padding-bottom:var(--wp--preset--spacing--large);padding-left:var(--wp--preset--spacing--small)\">\n<h2 class=\"wp-block-heading alignwide\">Om Loops Education og hva vi tror p\u00e5<\/h2>\n\n\n\n<div class=\"wp-block-columns alignwide is-layout-flex wp-container-core-columns-is-layout-0780762d wp-block-columns-is-layout-flex\">\n<div class=\"wp-block-column is-vertically-aligned-top is-layout-flow wp-block-column-is-layout-flow\" style=\"flex-basis:50%\">\n<p>Vi tror at l\u00e6ring er en reise, og at den reisen vokser n\u00e5r den er drevet av nysgjerrighet og oppdagelse. Det er derfor vi ser Loops som et digitalt kart der du lager og deler spennende l\u00e6ringsturer med elevene eller kollegene dine. Du kan f\u00f8lge hver enkelt deltaker p\u00e5 reisen og ogs\u00e5 utdype sin erfaring og l\u00e6ring gjennom samarbeid og formativ dialog. Planlegg og fyll dine egne reiser med kunnskap og aktiviteter, eller la deg inspirere av andre.<\/p>\n\n\n\n<p>Tradisjonell utdanning ble skapt for en annen tid, da v\u00e5r verden og v\u00e5re behov s\u00e5 annerledes ut. I dag er kreativitet og samarbeid n\u00f8kkelen til engasjert l\u00e6ring, innovasjon og vellykket organisasjonsutvikling.<\/p>\n\n\n\n<figure class=\"wp-block-embed is-type-video is-provider-youtube wp-block-embed-youtube wp-embed-aspect-16-9 wp-has-aspect-ratio\"><div class=\"wp-block-embed__wrapper\">\n<iframe loading=\"lazy\" title=\"Loops\" width=\"500\" height=\"281\" src=\"https:\/\/www.youtube.com\/embed\/0SLZazscgp8?feature=oembed\" frameborder=\"0\" allow=\"accelerometer; autoplay; clipboard-write; encrypted-media; gyroscope; picture-in-picture; web-share\" referrerpolicy=\"strict-origin-when-cross-origin\" allowfullscreen><\/iframe>\n<\/div><\/figure>\n<\/div>\n\n\n\n<div class=\"wp-block-column is-vertically-aligned-top is-layout-flow wp-block-column-is-layout-flow\">\n<p>For \u00e5 sikre at Loops muliggj\u00f8r dyp og rik l\u00e6ring, har vi basert produktet p\u00e5 bevist forskning og pedagogisk ekspertise. Med Loops trenger du ikke lenger \u00e5 f\u00f8lge gamle kart, i stedet kan vi selv v\u00e6re kartforfattere og lede l\u00e6ringen v\u00e5r mot fremtiden vi \u00f8nsker \u00e5 m\u00f8te.<\/p>\n\n\n\n<p>Vi jobber for en fremtid bygget p\u00e5 nysgjerrighet, b\u00e6rekraft og tillit. En fremtid hvor informasjon og utdanning er en menneskerettighet for alle, ikke et privilegium for bare noen f\u00e5. Veien dit er imidlertid full av utfordringer, og m\u00e5let blir ofte skjult av \u00f8kende polarisering, formidling av desinformasjon og monopolisering av kunnskap. Det er derfor vi trenger din hjelp, bare sammen kan vi redusere kunnskapshullene og gj\u00f8re l\u00e6ring tilgjengelig for alle. Sammen kan vi gj\u00f8re Loops til et forbilde som viser at det er samarbeid som vil berike og lede oss p\u00e5 v\u00e5r felles l\u00e6ringsreise mot fremtiden.<\/p>\n\n\n\n<h4 class=\"wp-block-heading\" id=\"laeringen-du-trenger-for-fremtiden-du-vil-mote\"><em>L\u00e6ringen du trenger for fremtiden du vil m\u00f8te.<\/em><\/h4>\n\n\n\n<p>\/\/ Loops-teamet<\/p>\n<\/div>\n<\/div>\n<\/div>\n\n\n\n<div class=\"wp-block-group alignfull mychild-parallax-black has-global-padding is-layout-constrained wp-container-core-group-is-layout-670e2573 wp-block-group-is-layout-constrained\" style=\"padding-top:var(--wp--preset--spacing--large);padding-right:var(--wp--preset--spacing--small);padding-bottom:var(--wp--preset--spacing--large);padding-left:var(--wp--preset--spacing--small)\">\n<h2 class=\"wp-block-heading alignwide\">Loops sin historie<\/h2>\n\n\n\n<div class=\"wp-block-columns alignwide is-layout-flex wp-container-core-columns-is-layout-0780762d wp-block-columns-is-layout-flex\">\n<div class=\"wp-block-column is-vertically-aligned-top is-layout-flow wp-block-column-is-layout-flow\" style=\"flex-basis:50%\">\n<p>Loops ble utviklet som en id\u00e9 i 2012 som en del av Lin Education, og det opprinnelige navnet p\u00e5 produktet var P\u00e5 Riktigt. Det var et samarbeidsprosjekt mellom fire kommuner i Vest-Sverige: Varberg, Kungsbacka, Stenungsund, Alings\u00e5s og Lin Education.<\/p>\n\n\n\n<p><strong>P\u00e5 Riktigt fikk en helt unik start og er virkelig bygget av l\u00e6rere for l\u00e6rere.<\/strong><\/p>\n\n\n\n<p>I juni 2012 samlet 10 l\u00e6rere fra hver av partnerkommunene, programmerere, designere og pedagogiske prosessledere i tre dager for \u00e5 bestemme sammen hvordan verkt\u00f8yet ville fungere og hvordan det skulle se ut.<\/p>\n\n\n\n<p>H\u00f8sten 2012 utviklet vi ideen om \u00e5 publisere innholdet som et tankekart i stedet for line\u00e6rt, og det har siden v\u00e6rt sentralt i produktet.<\/p>\n\n\n\n<figure class=\"wp-block-image aligncenter size-full\"><a href=\"https:\/\/loops.jonolsson.se\/wp-content\/uploads\/om-oss-no.webp\"><img loading=\"lazy\" decoding=\"async\" width=\"349\" height=\"276\" src=\"https:\/\/loops.jonolsson.se\/wp-content\/uploads\/om-oss-no.webp\" alt=\"\" class=\"wp-image-1273\" srcset=\"https:\/\/loops.jonolsson.se\/wp-content\/uploads\/om-oss-no.webp 349w, https:\/\/loops.jonolsson.se\/wp-content\/uploads\/om-oss-no-300x237.webp 300w\" sizes=\"auto, (max-width: 349px) 100vw, 349px\" \/><\/a><\/figure>\n\n\n\n<p>I b\u00e5de P\u00e5 Riktigt og senere Loops har vi sortert innholdet i en rekke noder og lagt vekt p\u00e5 at kommunikasjon i film- og lydformat skal v\u00e6re like naturlig som i tekst. Det har ogs\u00e5 alltid v\u00e6rt tanken at det skal v\u00e6re enkelt \u00e5 bygge innhold selv og at det er bygget opp av en blanding av forfatterens eget materiale og interessante innhold som er lenket fra nettet og andre digitale ressurser.<\/p>\n\n\n\n<p><strong>I 2014 vant P\u00e5 Riktigt prisen for &laquo;Beste digitale l\u00e6remiddel&raquo; i Sverige.<\/strong><\/p>\n\n\n\n<p>Relativt tidlig \u00e5pnet flere store selskaper \u00f8ynene for P\u00e5 Riktigt, og en egen versjon av produktet ble bygget for selskaper.<\/p>\n\n\n\n<p>I 2017 hadde vi samlet nok erfaring og tilbakemeldinger fra brukere til \u00e5 investere i en st\u00f8rre ombygging av produktet. S\u00e5 byttet vi ogs\u00e5 navn fra P\u00e5 Riktigt til Loops. Det var en del av investeringen \u00e5 g\u00e5 ut med produktet internasjonalt.<\/p>\n<\/div>\n\n\n\n<div class=\"wp-block-column is-vertically-aligned-top is-layout-flow wp-block-column-is-layout-flow\">\n<figure class=\"wp-block-embed is-type-video is-provider-youtube wp-block-embed-youtube wp-embed-aspect-16-9 wp-has-aspect-ratio\"><div class=\"wp-block-embed__wrapper\">\n<iframe loading=\"lazy\" title=\"Fr\u00e5n P\u00e5 Riktigt till Loops\" width=\"500\" height=\"281\" src=\"https:\/\/www.youtube.com\/embed\/A3rsp446nto?feature=oembed\" frameborder=\"0\" allow=\"accelerometer; autoplay; clipboard-write; encrypted-media; gyroscope; picture-in-picture; web-share\" referrerpolicy=\"strict-origin-when-cross-origin\" allowfullscreen><\/iframe>\n<\/div><\/figure>\n\n\n\n<p>De st\u00f8rste forskjellene var at dialogen mellom lederen og deltakerne ble flyttet inn i nodene, og at det n\u00e5 er mulig \u00e5 kombinere forskjellige typer medier i nodene. Tidligere hadde dialogene blitt samlet i en blogglignende flyt, og vi hadde en node for hvert medium. Vi investerte ogs\u00e5 i \u00e5 bygge et og samme produkt for b\u00e5de skole og bedrift.<\/p>\n\n\n\n<p><strong>H\u00f8sten 2017 ble Loops lansert.<\/strong><\/p>\n\n\n\n<p>I 2017 ble Lin Education kj\u00f8pt opp av Summa Equity, som i 2019 solgte Lin Education til Xllnc, som n\u00e5 er blitt Foxway. Loops Education ble deretter sitt eget selskap i regi av Summa.<\/p>\n\n\n\n<p>V\u00e5ren 2020 ble Loops Education solgt til <a href=\"https:\/\/www.skooler.com\" target=\"_blank\" rel=\"noreferrer noopener\">Skooler<\/a>. <\/p>\n\n\n\n<p>I dag brukes Loops i skoler og selskaper i flere land foruten Sverige, som <strong>Norge<\/strong>, <strong>USA, Tyskland, Italia, Nederland og India.<\/strong><\/p>\n\n\n\n<p>Vi er glade for \u00e5 se hvordan produktet <strong>utgj\u00f8r en forskjell i pedagogiske prosesser i mange forskjellige milj\u00f8er<\/strong>, og holder oss til ideen om \u00e5 utvikle produktet v\u00e5rt i tett dialog med brukerne v\u00e5re. Det siste \u00e5ret har vi gjort produktet &laquo;renere&raquo; og gjort det lettere \u00e5 komme i gang. Vi har laget guider som lar brukeren starte med Loops p\u00e5 sine egne og innholdsrike st\u00f8ttesider, samt nyttige looper for alle m\u00e5lgrupper.<\/p>\n\n\n\n<p>Vi har ogs\u00e5 investert tid i \u00e5 f\u00e5 Loops til \u00e5 fungere godt i ulike digitale systemer gjennom onboardingsl\u00f8sninger og Send-to-funksjoner. V\u00e5ren 2021 ga vi ogs\u00e5 ut 3 apper, hvorav Teams-appen er den vi er mest etterspurt. Vi har ogs\u00e5 utarbeidet en betalingsl\u00f8sning online og opprettet den nye nettsiden her!<\/p>\n<\/div>\n<\/div>\n<\/div>\n","protected":false},"excerpt":{"rendered":"<p>Om Loops Education og hva vi tror p\u00e5 Vi tror at l\u00e6ring er en reise, og at den reisen vokser n\u00e5r den er drevet av nysgjerrighet og oppdagelse. Det er derfor vi ser Loops som et digitalt kart der du lager og deler spennende l\u00e6ringsturer med elevene eller kollegene dine. Du kan f\u00f8lge hver enkelt [&hellip;]<\/p>\n","protected":false},"author":1,"featured_media":1040,"parent":0,"menu_order":0,"comment_status":"closed","ping_status":"closed","template":"","meta":{"_acf_changed":false,"footnotes":""},"class_list":["post-1061","page","type-page","status-publish","has-post-thumbnail","hentry"],"acf":[],"mb":[],"mfb_rest_fields":["title"],"_links":{"self":[{"href":"https:\/\/loops.jonolsson.se\/no\/wp-json\/wp\/v2\/pages\/1061","targetHints":{"allow":["GET"]}}],"collection":[{"href":"https:\/\/loops.jonolsson.se\/no\/wp-json\/wp\/v2\/pages"}],"about":[{"href":"https:\/\/loops.jonolsson.se\/no\/wp-json\/wp\/v2\/types\/page"}],"author":[{"embeddable":true,"href":"https:\/\/loops.jonolsson.se\/no\/wp-json\/wp\/v2\/users\/1"}],"replies":[{"embeddable":true,"href":"https:\/\/loops.jonolsson.se\/no\/wp-json\/wp\/v2\/comments?post=1061"}],"version-history":[{"count":5,"href":"https:\/\/loops.jonolsson.se\/no\/wp-json\/wp\/v2\/pages\/1061\/revisions"}],"predecessor-version":[{"id":1283,"href":"https:\/\/loops.jonolsson.se\/no\/wp-json\/wp\/v2\/pages\/1061\/revisions\/1283"}],"wp:featuredmedia":[{"embeddable":true,"href":"https:\/\/loops.jonolsson.se\/no\/wp-json\/wp\/v2\/media\/1040"}],"wp:attachment":[{"href":"https:\/\/loops.jonolsson.se\/no\/wp-json\/wp\/v2\/media?parent=1061"}],"curies":[{"name":"wp","href":"https:\/\/api.w.org\/{rel}","templated":true}]}}