{"id":1065,"date":"2024-07-24T18:07:06","date_gmt":"2024-07-24T18:07:06","guid":{"rendered":"https:\/\/loops.jonolsson.se\/om-oss\/support\/"},"modified":"2025-04-08T19:30:33","modified_gmt":"2025-04-08T19:30:33","slug":"support","status":"publish","type":"page","link":"https:\/\/loops.jonolsson.se\/no\/om-oss\/support\/","title":{"rendered":"Support"},"content":{"rendered":"\n<div class=\"wp-block-cover alignfull\" style=\"padding-top:0;padding-right:0;padding-bottom:0;padding-left:0;min-height:450px;aspect-ratio:unset;\"><span aria-hidden=\"true\" class=\"wp-block-cover__background has-secondary-background-color has-background-dim-80 has-background-dim\"><\/span><video class=\"wp-block-cover__video-background intrinsic-ignore\" autoplay muted loop playsinline src=\"https:\/\/loops.jonolsson.se\/wp-content\/uploads\/Hero-Film-3.mp4\" data-object-fit=\"cover\"><\/video><div class=\"wp-block-cover__inner-container is-layout-flow wp-block-cover-is-layout-flow\">\n<div class=\"wp-block-group has-global-padding is-layout-constrained wp-container-core-group-is-layout-0ca5253d wp-block-group-is-layout-constrained\" style=\"padding-top:var(--wp--preset--spacing--medium);padding-right:var(--wp--preset--spacing--small);padding-bottom:var(--wp--preset--spacing--medium);padding-left:var(--wp--preset--spacing--small)\">\n<div class=\"wp-block-group alignwide has-global-padding is-content-justification-left is-layout-constrained wp-container-core-group-is-layout-12dd3699 wp-block-group-is-layout-constrained\">\n<div class=\"wp-block-group alignwide with-text-alignment is-layout-flow wp-container-core-group-is-layout-3507b13f wp-block-group-is-layout-flow\" style=\"padding-top:0;padding-right:0;padding-bottom:0;padding-left:0\">\n<h1 class=\"wp-block-heading alignwide has-text-align-left samskolan-text-shadow has-base-color has-text-color with-text-shadow core-heading core-heading-69fb1c81aaf1b\">Brukerst\u00f8tte<\/h1>\n\n\n\n<p class=\"has-text-align-left samskolan-text-shadow has-base-color has-text-color has-medium-font-size\" style=\"line-height:1.3\">Vi har velutviklede supportsider for Loops med over 150 artikler der du kan finne ut alt du vil vite. G\u00e5 til supportsidene for din spesifikke m\u00e5lgruppe, hvor du ogs\u00e5 finner en taleboble der du kan chatte med Loops supportteam.<\/p>\n<\/div>\n<\/div>\n<\/div>\n<\/div><\/div>\n\n\n\n<div class=\"wp-block-group alignfull mychild-parallax-black has-global-padding is-layout-constrained wp-container-core-group-is-layout-670e2573 wp-block-group-is-layout-constrained\" style=\"padding-top:var(--wp--preset--spacing--large);padding-right:var(--wp--preset--spacing--small);padding-bottom:var(--wp--preset--spacing--large);padding-left:var(--wp--preset--spacing--small)\">\n<div class=\"wp-block-group alignwide has-global-padding is-content-justification-left is-layout-constrained wp-container-core-group-is-layout-12dd3699 wp-block-group-is-layout-constrained\">\n<div class=\"wp-block-columns alignwide has-base-color has-text-color has-link-color wp-elements-6df67ed5136ca17697e41b91c5bb4101 is-layout-flex wp-container-core-columns-is-layout-28f84493 wp-block-columns-is-layout-flex\">\n<div class=\"wp-block-column is-vertically-aligned-stretch is-layout-flow wp-block-column-is-layout-flow\">\n<div class=\"wp-block-group has-base-color has-text-color has-background has-link-color with-text-alignment wp-elements-f54b82c25fd731fd9300a1e05c9fe6ee is-vertical is-content-justification-center is-layout-flex wp-container-core-group-is-layout-10032409 wp-block-group-is-layout-flex core-group core-group-69fb1c81afe84\" style=\"border-style:none;border-width:0px;border-radius:10px;background-color:#ab700045;min-height:100%;padding-top:var(--wp--preset--spacing--x-small);padding-right:var(--wp--preset--spacing--x-small);padding-bottom:var(--wp--preset--spacing--x-small);padding-left:var(--wp--preset--spacing--x-small)\">\n<h3 class=\"wp-block-heading has-text-align-center\">Skole<\/h3>\n\n\n\n<figure class=\"wp-block-image size-full has-custom-border\"><a href=\"https:\/\/help.loops.education\/sv-SE\/support\/solutions\" target=\"_blank\" rel=\"noreferrer noopener\"><img loading=\"lazy\" decoding=\"async\" width=\"783\" height=\"643\" src=\"https:\/\/loops.jonolsson.se\/wp-content\/uploads\/support-grundskola.png\" alt=\"\" class=\"wp-image-448\" style=\"border-radius:5px;aspect-ratio:4\/3;object-fit:cover\" srcset=\"https:\/\/loops.jonolsson.se\/wp-content\/uploads\/support-grundskola.png 783w, https:\/\/loops.jonolsson.se\/wp-content\/uploads\/support-grundskola-300x246.png 300w, https:\/\/loops.jonolsson.se\/wp-content\/uploads\/support-grundskola-768x631.png 768w\" sizes=\"auto, (max-width: 783px) 100vw, 783px\" \/><\/a><\/figure>\n\n\n\n<div class=\"wp-block-buttons is-content-justification-center is-layout-flex wp-container-core-buttons-is-layout-a89b3969 wp-block-buttons-is-layout-flex\">\n<div class=\"wp-block-button is-style-outline is-style-outline--1\" style=\"font-style:normal;font-weight:600\"><a class=\"wp-block-button__link has-primary-color has-text-color has-link-color wp-element-button\" href=\"https:\/\/help.loops.education\/nb-NO\/support\/solutions\" style=\"border-width:2px;padding-top:8px;padding-bottom:8px\" target=\"_blank\" rel=\"noreferrer noopener\">Till st\u00f8ttesidene<\/a><\/div>\n<\/div>\n<\/div>\n<\/div>\n\n\n\n<div class=\"wp-block-column is-vertically-aligned-stretch is-layout-flow wp-block-column-is-layout-flow\">\n<div class=\"wp-block-group has-background is-vertical is-content-justification-center is-layout-flex wp-container-core-group-is-layout-10032409 wp-block-group-is-layout-flex\" style=\"border-style:none;border-width:0px;border-radius:10px;background-color:#0d482745;min-height:100%;padding-top:var(--wp--preset--spacing--x-small);padding-right:var(--wp--preset--spacing--x-small);padding-bottom:var(--wp--preset--spacing--x-small);padding-left:var(--wp--preset--spacing--x-small)\">\n<h3 class=\"wp-block-heading has-text-align-center\">Annen oppl\u00e6ring<\/h3>\n\n\n\n<figure class=\"wp-block-image size-full has-custom-border\"><a href=\"https:\/\/help-e.loops.education\/sv-SE\/support\/solutions\" target=\"_blank\" rel=\"noreferrer noopener\"><img loading=\"lazy\" decoding=\"async\" width=\"560\" height=\"400\" src=\"https:\/\/loops.jonolsson.se\/wp-content\/uploads\/support-utbildning.png\" alt=\"\" class=\"wp-image-449\" style=\"border-radius:5px;aspect-ratio:4\/3;object-fit:cover\" srcset=\"https:\/\/loops.jonolsson.se\/wp-content\/uploads\/support-utbildning.png 560w, https:\/\/loops.jonolsson.se\/wp-content\/uploads\/support-utbildning-300x214.png 300w\" sizes=\"auto, (max-width: 560px) 100vw, 560px\" \/><\/a><\/figure>\n\n\n\n<div class=\"wp-block-buttons is-content-justification-center is-layout-flex wp-container-core-buttons-is-layout-a89b3969 wp-block-buttons-is-layout-flex\">\n<div class=\"wp-block-button is-style-outline is-style-outline--2\" style=\"font-style:normal;font-weight:600\"><a class=\"wp-block-button__link has-primary-color has-text-color has-link-color wp-element-button\" href=\"https:\/\/help-e.loops.education\/en\/support\/solutions\" style=\"border-width:2px;padding-top:8px;padding-bottom:8px\" target=\"_blank\" rel=\"noreferrer noopener\">Till st\u00f8ttesidene<\/a><\/div>\n<\/div>\n<\/div>\n<\/div>\n\n\n\n<div class=\"wp-block-column is-vertically-aligned-stretch is-layout-flow wp-block-column-is-layout-flow\">\n<div class=\"wp-block-group has-background is-vertical is-content-justification-center is-layout-flex wp-container-core-group-is-layout-10032409 wp-block-group-is-layout-flex\" style=\"border-style:none;border-width:0px;border-radius:10px;background-color:#385e7e45;min-height:100%;padding-top:var(--wp--preset--spacing--x-small);padding-right:var(--wp--preset--spacing--x-small);padding-bottom:var(--wp--preset--spacing--x-small);padding-left:var(--wp--preset--spacing--x-small)\">\n<h3 class=\"wp-block-heading has-text-align-center\">Bedrifter<\/h3>\n\n\n\n<figure class=\"wp-block-image size-full has-custom-border\"><a href=\"https:\/\/help-e.loops.education\/sv-SE\/support\/solutions\" target=\"_blank\" rel=\"noreferrer noopener\"><img loading=\"lazy\" decoding=\"async\" width=\"331\" height=\"295\" src=\"https:\/\/loops.jonolsson.se\/wp-content\/uploads\/support-foretag.png\" alt=\"\" class=\"wp-image-450\" style=\"border-radius:5px;aspect-ratio:4\/3;object-fit:cover\" srcset=\"https:\/\/loops.jonolsson.se\/wp-content\/uploads\/support-foretag.png 331w, https:\/\/loops.jonolsson.se\/wp-content\/uploads\/support-foretag-300x267.png 300w\" sizes=\"auto, (max-width: 331px) 100vw, 331px\" \/><\/a><\/figure>\n\n\n\n<div class=\"wp-block-buttons is-content-justification-center is-layout-flex wp-container-core-buttons-is-layout-a89b3969 wp-block-buttons-is-layout-flex\">\n<div class=\"wp-block-button is-style-outline is-style-outline--3\" style=\"font-style:normal;font-weight:600\"><a class=\"wp-block-button__link has-primary-color has-text-color has-link-color wp-element-button\" href=\"https:\/\/help-e.loops.education\/en\/support\/solutions\" style=\"border-width:2px;padding-top:8px;padding-bottom:8px\" target=\"_blank\" rel=\"noreferrer noopener\">Till st\u00f8ttesidene<\/a><\/div>\n<\/div>\n<\/div>\n<\/div>\n<\/div>\n\n\n\n<div class=\"wp-block-buttons alignwide is-content-justification-center is-layout-flex wp-container-core-buttons-is-layout-a89b3969 wp-block-buttons-is-layout-flex\">\n<div class=\"wp-block-button has-custom-width wp-block-button__width-100\"><a class=\"wp-block-button__link has-text-align-center wp-element-button\" href=\"https:\/\/loops.education\/l\/egUeKHwd\" target=\"_blank\" rel=\"noreferrer noopener\"><strong>Newsletters &amp; Release Notes<\/strong><\/a><\/div>\n<\/div>\n<\/div>\n<\/div>\n","protected":false},"excerpt":{"rendered":"<p>Skole Annen oppl\u00e6ring Bedrifter<\/p>\n","protected":false},"author":1,"featured_media":1040,"parent":1061,"menu_order":0,"comment_status":"closed","ping_status":"closed","template":"","meta":{"_acf_changed":false,"footnotes":""},"class_list":["post-1065","page","type-page","status-publish","has-post-thumbnail","hentry"],"acf":[],"mb":[],"mfb_rest_fields":["title"],"_links":{"self":[{"href":"https:\/\/loops.jonolsson.se\/no\/wp-json\/wp\/v2\/pages\/1065","targetHints":{"allow":["GET"]}}],"collection":[{"href":"https:\/\/loops.jonolsson.se\/no\/wp-json\/wp\/v2\/pages"}],"about":[{"href":"https:\/\/loops.jonolsson.se\/no\/wp-json\/wp\/v2\/types\/page"}],"author":[{"embeddable":true,"href":"https:\/\/loops.jonolsson.se\/no\/wp-json\/wp\/v2\/users\/1"}],"replies":[{"embeddable":true,"href":"https:\/\/loops.jonolsson.se\/no\/wp-json\/wp\/v2\/comments?post=1065"}],"version-history":[{"count":4,"href":"https:\/\/loops.jonolsson.se\/no\/wp-json\/wp\/v2\/pages\/1065\/revisions"}],"predecessor-version":[{"id":1299,"href":"https:\/\/loops.jonolsson.se\/no\/wp-json\/wp\/v2\/pages\/1065\/revisions\/1299"}],"up":[{"embeddable":true,"href":"https:\/\/loops.jonolsson.se\/no\/wp-json\/wp\/v2\/pages\/1061"}],"wp:featuredmedia":[{"embeddable":true,"href":"https:\/\/loops.jonolsson.se\/no\/wp-json\/wp\/v2\/media\/1040"}],"wp:attachment":[{"href":"https:\/\/loops.jonolsson.se\/no\/wp-json\/wp\/v2\/media?parent=1065"}],"curies":[{"name":"wp","href":"https:\/\/api.w.org\/{rel}","templated":true}]}}