{"id":1067,"date":"2024-07-24T16:10:40","date_gmt":"2024-07-24T16:10:40","guid":{"rendered":"https:\/\/loops.jonolsson.se\/produkt\/foretag\/"},"modified":"2025-04-09T17:55:54","modified_gmt":"2025-04-09T17:55:54","slug":"bedrifter","status":"publish","type":"page","link":"https:\/\/loops.jonolsson.se\/no\/produkt\/bedrifter\/","title":{"rendered":"Bedrifter"},"content":{"rendered":"\n<div class=\"wp-block-cover alignfull\" style=\"padding-top:0;padding-right:0;padding-bottom:0;padding-left:0;min-height:450px;aspect-ratio:unset;\"><span aria-hidden=\"true\" class=\"wp-block-cover__background has-custom-foretag-background-color has-background-dim-100 has-background-dim\"><\/span><div class=\"wp-block-cover__inner-container is-layout-flow wp-block-cover-is-layout-flow\">\n<div class=\"wp-block-group has-global-padding is-layout-constrained wp-container-core-group-is-layout-670e2573 wp-block-group-is-layout-constrained\" style=\"padding-top:var(--wp--preset--spacing--large);padding-right:var(--wp--preset--spacing--small);padding-bottom:var(--wp--preset--spacing--large);padding-left:var(--wp--preset--spacing--small)\">\n<div class=\"wp-block-group alignwide has-global-padding is-content-justification-left is-layout-constrained wp-container-core-group-is-layout-12dd3699 wp-block-group-is-layout-constrained\">\n<div class=\"wp-block-group alignwide with-text-alignment is-layout-flow wp-container-core-group-is-layout-3507b13f wp-block-group-is-layout-flow\" style=\"padding-top:0;padding-right:0;padding-bottom:0;padding-left:0\">\n<h1 class=\"wp-block-heading alignwide has-text-align-left samskolan-text-shadow has-base-color has-text-color with-text-shadow core-heading core-heading-69fb1cc3bf4ac\">Loops for bedrifter<\/h1>\n\n\n\n<p class=\"has-text-align-left samskolan-text-shadow has-base-color has-text-color has-medium-font-size\" style=\"line-height:1.3\">I et milj\u00f8 som krever kontinuerlig videreutvikling, trengs fleksible verkt\u00f8y for \u00e5 enkelt lage og implementere oppl\u00e6rings- og endringsprosesser. Med Loops som verkt\u00f8y kan du:<\/p>\n\n\n\n<div class=\"wp-block-columns alignwide is-layout-flex wp-container-core-columns-is-layout-65eef5bf wp-block-columns-is-layout-flex\">\n<div class=\"wp-block-column is-vertically-aligned-center is-layout-flow wp-block-column-is-layout-flow\" style=\"flex-basis:50%\">\n<ul class=\"wp-block-list with-icon core-list core-list-69fb1cc3bfa82\">\n<li>Bygge digital onboarding for nyansatte<\/li>\n\n\n\n<li>Innf\u00f8re og implementere endringsarbeid<\/li>\n\n\n\n<li>L\u00e6re opp dine ansatte videre, p\u00e5 avstand eller p\u00e5 stedet<\/li>\n<\/ul>\n<\/div>\n\n\n\n<div class=\"wp-block-column is-vertically-aligned-center is-layout-flow wp-block-column-is-layout-flow\">\n<ul class=\"wp-block-list with-icon core-list core-list-69fb1cc3c2cbd\">\n<li>Spre kunnskap og kreativitet i selskapet<\/li>\n\n\n\n<li>Holde lederoppl\u00e6ring<\/li>\n\n\n\n<li>S\u00f8rge for at alle ansatte har tilgang til viktig informasjon<\/li>\n<\/ul>\n<\/div>\n<\/div>\n<\/div>\n<\/div>\n<\/div>\n<\/div><\/div>\n\n\n\n<div class=\"wp-block-group alignfull foretag has-background has-global-padding is-layout-constrained wp-container-core-group-is-layout-670e2573 wp-block-group-is-layout-constrained\" style=\"background-color:#385e7e54;padding-top:var(--wp--preset--spacing--large);padding-right:var(--wp--preset--spacing--small);padding-bottom:var(--wp--preset--spacing--large);padding-left:var(--wp--preset--spacing--small)\">\n<h2 class=\"wp-block-heading has-text-align-center\">Inspirert av andres looper!<\/h2>\n\n\n\n<p>Vil du se hva andre selskaper bruker Loops til i sin virksomhet? Her finner du looper som andre har bygget, og loopmaler som vi i Loops har laget slik at du enkelt kan komme i gang.<\/p>\n\n\n\n<div class=\"wp-block-query alignwide is-layout-flow wp-block-query-is-layout-flow\"><ul class=\"columns-3 wp-block-post-template is-layout-grid wp-container-core-post-template-is-layout-c494e2e5 wp-block-post-template-is-layout-grid\"><li class=\"wp-block-post post-1652 post type-post status-publish format-standard has-post-thumbnail hentry category-inspiration-no tag-foretag-no\">\n\n<div class=\"wp-block-group featured-image-with-text-base has-global-padding is-layout-constrained wp-container-core-group-is-layout-19e250f3 wp-block-group-is-layout-constrained\" style=\"border-style:none;border-width:0px;border-radius:5px\"><figure style=\"aspect-ratio:16\/9;\" class=\"wp-block-post-featured-image\"><a href=\"https:\/\/loops.jonolsson.se\/no\/den-gode-samtalen\/\" target=\"_self\"  ><img loading=\"lazy\" decoding=\"async\" width=\"1023\" height=\"658\" src=\"https:\/\/loops.jonolsson.se\/wp-content\/uploads\/Inspiration-gode-samtalen-no.webp\" class=\"attachment-large size-large wp-post-image\" alt=\"Den gode samtalen\" style=\"border-radius:5px;width:100%;height:100%;object-fit:cover;\" srcset=\"https:\/\/loops.jonolsson.se\/wp-content\/uploads\/Inspiration-gode-samtalen-no.webp 1023w, https:\/\/loops.jonolsson.se\/wp-content\/uploads\/Inspiration-gode-samtalen-no-300x193.webp 300w, https:\/\/loops.jonolsson.se\/wp-content\/uploads\/Inspiration-gode-samtalen-no-768x494.webp 768w\" sizes=\"auto, (max-width: 1023px) 100vw, 1023px\" \/><\/a><\/figure>\n\n<h3 class=\"has-text-align-center featured-image-with-text wp-block-post-title\"><a href=\"https:\/\/loops.jonolsson.se\/no\/den-gode-samtalen\/\" target=\"_self\" >Den gode samtalen<\/a><\/h3><\/div>\n\n<\/li><li class=\"wp-block-post post-1651 post type-post status-publish format-standard has-post-thumbnail hentry category-inspiration-no tag-foretag-no\">\n\n<div class=\"wp-block-group featured-image-with-text-base has-global-padding is-layout-constrained wp-container-core-group-is-layout-19e250f3 wp-block-group-is-layout-constrained\" style=\"border-style:none;border-width:0px;border-radius:5px\"><figure style=\"aspect-ratio:16\/9;\" class=\"wp-block-post-featured-image\"><a href=\"https:\/\/loops.jonolsson.se\/no\/god-fjernledelse\/\" target=\"_self\"  ><img loading=\"lazy\" decoding=\"async\" width=\"1023\" height=\"642\" src=\"https:\/\/loops.jonolsson.se\/wp-content\/uploads\/Inspiration-god-fjern-no.webp\" class=\"attachment-large size-large wp-post-image\" alt=\"God fjernledelse\" style=\"border-radius:5px;width:100%;height:100%;object-fit:cover;\" srcset=\"https:\/\/loops.jonolsson.se\/wp-content\/uploads\/Inspiration-god-fjern-no.webp 1023w, https:\/\/loops.jonolsson.se\/wp-content\/uploads\/Inspiration-god-fjern-no-300x188.webp 300w, https:\/\/loops.jonolsson.se\/wp-content\/uploads\/Inspiration-god-fjern-no-768x482.webp 768w\" sizes=\"auto, (max-width: 1023px) 100vw, 1023px\" \/><\/a><\/figure>\n\n<h3 class=\"has-text-align-center featured-image-with-text wp-block-post-title\"><a href=\"https:\/\/loops.jonolsson.se\/no\/god-fjernledelse\/\" target=\"_self\" >God fjernledelse<\/a><\/h3><\/div>\n\n<\/li><li class=\"wp-block-post post-1650 post type-post status-publish format-standard has-post-thumbnail hentry category-inspiration-no tag-foretag-no\">\n\n<div class=\"wp-block-group featured-image-with-text-base has-global-padding is-layout-constrained wp-container-core-group-is-layout-19e250f3 wp-block-group-is-layout-constrained\" style=\"border-style:none;border-width:0px;border-radius:5px\"><figure style=\"aspect-ratio:16\/9;\" class=\"wp-block-post-featured-image\"><a href=\"https:\/\/loops.jonolsson.se\/no\/todays-meeting\/\" target=\"_self\"  ><img loading=\"lazy\" decoding=\"async\" width=\"1024\" height=\"724\" src=\"https:\/\/loops.jonolsson.se\/wp-content\/uploads\/Inspiration-meeting-no.webp\" class=\"attachment-large size-large wp-post-image\" alt=\"Today&#8217;s meeting!\" style=\"border-radius:5px;width:100%;height:100%;object-fit:cover;\" srcset=\"https:\/\/loops.jonolsson.se\/wp-content\/uploads\/Inspiration-meeting-no.webp 1024w, https:\/\/loops.jonolsson.se\/wp-content\/uploads\/Inspiration-meeting-no-300x212.webp 300w, https:\/\/loops.jonolsson.se\/wp-content\/uploads\/Inspiration-meeting-no-768x543.webp 768w\" sizes=\"auto, (max-width: 1024px) 100vw, 1024px\" \/><\/a><\/figure>\n\n<h3 class=\"has-text-align-center featured-image-with-text wp-block-post-title\"><a href=\"https:\/\/loops.jonolsson.se\/no\/todays-meeting\/\" target=\"_self\" >Today&#8217;s meeting!<\/a><\/h3><\/div>\n\n<\/li><\/ul><\/div>\n\n\n\n<div class=\"wp-block-buttons is-content-justification-center is-layout-flex wp-container-core-buttons-is-layout-a89b3969 wp-block-buttons-is-layout-flex\">\n<div class=\"wp-block-button is-style-outline is-style-outline--1\" style=\"font-style:normal;font-weight:600\"><a class=\"wp-block-button__link has-primary-color has-text-color has-link-color wp-element-button\" href=\".\/inspiration\/\" style=\"border-width:2px;padding-top:8px;padding-bottom:8px\">Les mer<\/a><\/div>\n<\/div>\n<\/div>\n\n\n\n<div class=\"wp-block-group alignfull mychild-parallax-black has-global-padding is-layout-constrained wp-block-group-is-layout-constrained\">\n<div class=\"wp-block-columns alignfull mychild-reverse-mobile is-layout-flex wp-container-core-columns-is-layout-89fde3e1 wp-block-columns-is-layout-flex\" style=\"padding-top:var(--wp--preset--spacing--x-small);padding-bottom:var(--wp--preset--spacing--x-small)\">\n<div class=\"wp-block-column is-vertically-aligned-center with-text-alignment is-layout-flow wp-block-column-is-layout-flow core-column core-column-69fb1cc3c879e\" style=\"padding-top:var(--wp--preset--spacing--small);padding-right:var(--wp--preset--spacing--small);padding-bottom:var(--wp--preset--spacing--small);padding-left:var(--wp--preset--spacing--small)\">\n<h2 class=\"wp-block-heading\">Utforsk p\u00e5 egen h\u00e5nd<\/h2>\n\n\n\n<p>Opprett en gratis pr\u00f8vekonto i dag! Opplev selv hva Loops kan gj\u00f8re for \u00e5 skape effektiv og engasjerende l\u00e6ring i din bedrift. Testkontoen har full funksjonalitet i 45 dager.<\/p>\n\n\n\n<div class=\"wp-block-buttons is-content-justification-center is-layout-flex wp-container-core-buttons-is-layout-a89b3969 wp-block-buttons-is-layout-flex\">\n<div class=\"wp-block-button is-style-outline is-style-outline--2\" style=\"font-style:normal;font-weight:600\"><a class=\"wp-block-button__link has-primary-color has-text-color has-link-color wp-element-button\" href=\"https:\/\/loops.jonolsson.se\/no\/produkt\/prov-loops\/\" style=\"border-width:2px;padding-top:8px;padding-bottom:8px\">Les mer<\/a><\/div>\n<\/div>\n<\/div>\n\n\n\n<div class=\"wp-block-column is-vertically-aligned-center is-layout-flow wp-block-column-is-layout-flow\" style=\"flex-basis:50%\">\n<figure class=\"wp-block-image aligncenter size-full\"><img loading=\"lazy\" decoding=\"async\" width=\"720\" height=\"404\" src=\"https:\/\/loops.jonolsson.se\/wp-content\/uploads\/Loops-Learn.gif\" alt=\"\" class=\"wp-image-252\"\/><\/figure>\n<\/div>\n<\/div>\n<\/div>\n\n\n\n<div class=\"wp-block-group alignfull foretag has-background has-global-padding is-layout-constrained wp-container-core-group-is-layout-670e2573 wp-block-group-is-layout-constrained\" style=\"background-color:#385e7e54;padding-top:var(--wp--preset--spacing--large);padding-right:var(--wp--preset--spacing--small);padding-bottom:var(--wp--preset--spacing--large);padding-left:var(--wp--preset--spacing--small)\">\n<h2 class=\"wp-block-heading has-text-align-center\">Brukerhistorier fra bedrifter<\/h2>\n\n\n\n<p>Vil du oppleve hva noen av Loops sine bedriftskunder har \u00e5 si om hvordan de bruker Loops i sin virksomhet i dag, og hvilke fordeler det gir dem?<\/p>\n\n\n\n<div class=\"wp-block-query alignwide is-layout-flow wp-block-query-is-layout-flow\"><ul class=\"columns-3 wp-block-post-template is-layout-grid wp-container-core-post-template-is-layout-c494e2e5 wp-block-post-template-is-layout-grid\"><li class=\"wp-block-post post-1414 post type-post status-publish format-standard has-post-thumbnail hentry category-user-stories-no tag-foretag-no\">\n\n<div class=\"wp-block-group featured-image-with-text-base has-base-background-color has-background is-vertical is-content-justification-center is-layout-flex wp-container-core-group-is-layout-8f5e43e0 wp-block-group-is-layout-flex\" style=\"border-style:none;border-width:0px;border-radius:5px;min-height:100%\"><figure style=\"aspect-ratio:16\/9;height:100%;\" class=\"wp-block-post-featured-image\"><a href=\"https:\/\/loops.jonolsson.se\/no\/tubus-system\/\" target=\"_self\"  style=\"height:100%\"><img loading=\"lazy\" decoding=\"async\" width=\"1374\" height=\"496\" src=\"https:\/\/loops.jonolsson.se\/wp-content\/uploads\/user-stories-tubus.png\" class=\"attachment-full size-full wp-post-image\" alt=\"Tubus System\" style=\"border-radius:5px;width:100%;height:100%;object-fit:contain;\" srcset=\"https:\/\/loops.jonolsson.se\/wp-content\/uploads\/user-stories-tubus.png 1374w, https:\/\/loops.jonolsson.se\/wp-content\/uploads\/user-stories-tubus-300x108.png 300w, https:\/\/loops.jonolsson.se\/wp-content\/uploads\/user-stories-tubus-1024x370.png 1024w, https:\/\/loops.jonolsson.se\/wp-content\/uploads\/user-stories-tubus-768x277.png 768w\" sizes=\"auto, (max-width: 1374px) 100vw, 1374px\" \/><\/a><\/figure>\n\n<h3 class=\"has-text-align-center featured-image-with-text wp-block-post-title\"><a href=\"https:\/\/loops.jonolsson.se\/no\/tubus-system\/\" target=\"_self\" >Tubus System<\/a><\/h3><\/div>\n\n<\/li><li class=\"wp-block-post post-1435 post type-post status-publish format-standard has-post-thumbnail hentry category-user-stories-no tag-foretag-no\">\n\n<div class=\"wp-block-group featured-image-with-text-base has-base-background-color has-background is-vertical is-content-justification-center is-layout-flex wp-container-core-group-is-layout-8f5e43e0 wp-block-group-is-layout-flex\" style=\"border-style:none;border-width:0px;border-radius:5px;min-height:100%\"><figure style=\"aspect-ratio:16\/9;height:100%;\" class=\"wp-block-post-featured-image\"><a href=\"https:\/\/loops.jonolsson.se\/no\/eton\/\" target=\"_self\"  style=\"height:100%\"><img loading=\"lazy\" decoding=\"async\" width=\"658\" height=\"332\" src=\"https:\/\/loops.jonolsson.se\/wp-content\/uploads\/user-stories-eton.png\" class=\"attachment-full size-full wp-post-image\" alt=\"Eton\" style=\"border-radius:5px;width:100%;height:100%;object-fit:contain;\" srcset=\"https:\/\/loops.jonolsson.se\/wp-content\/uploads\/user-stories-eton.png 658w, https:\/\/loops.jonolsson.se\/wp-content\/uploads\/user-stories-eton-300x151.png 300w\" sizes=\"auto, (max-width: 658px) 100vw, 658px\" \/><\/a><\/figure>\n\n<h3 class=\"has-text-align-center featured-image-with-text wp-block-post-title\"><a href=\"https:\/\/loops.jonolsson.se\/no\/eton\/\" target=\"_self\" >Eton<\/a><\/h3><\/div>\n\n<\/li><li class=\"wp-block-post post-1445 post type-post status-publish format-standard has-post-thumbnail hentry category-user-stories-no tag-foretag-no\">\n\n<div class=\"wp-block-group featured-image-with-text-base has-base-background-color has-background is-vertical is-content-justification-center is-layout-flex wp-container-core-group-is-layout-8f5e43e0 wp-block-group-is-layout-flex\" style=\"border-style:none;border-width:0px;border-radius:5px;min-height:100%\"><figure style=\"aspect-ratio:16\/9;height:100%;\" class=\"wp-block-post-featured-image\"><a href=\"https:\/\/loops.jonolsson.se\/no\/nordic-choice-hotels\/\" target=\"_self\"  style=\"height:100%\"><img loading=\"lazy\" decoding=\"async\" width=\"293\" height=\"300\" src=\"https:\/\/loops.jonolsson.se\/wp-content\/uploads\/user-stories-noridc-hotels-logo.jpeg\" class=\"attachment-full size-full wp-post-image\" alt=\"Nordic Choice Hotels\" style=\"border-radius:5px;width:100%;height:100%;object-fit:contain;\" \/><\/a><\/figure>\n\n<h3 class=\"has-text-align-center featured-image-with-text wp-block-post-title\"><a href=\"https:\/\/loops.jonolsson.se\/no\/nordic-choice-hotels\/\" target=\"_self\" >Nordic Choice Hotels<\/a><\/h3><\/div>\n\n<\/li><\/ul><\/div>\n<\/div>\n\n\n\n<div class=\"wp-block-group alignfull mychild-parallax-black has-global-padding is-layout-constrained wp-block-group-is-layout-constrained\">\n<div class=\"wp-block-columns alignfull mychild-reverse-mobile is-layout-flex wp-container-core-columns-is-layout-28f84493 wp-block-columns-is-layout-flex\">\n<div class=\"wp-block-column is-vertically-aligned-center with-text-alignment is-layout-flow wp-block-column-is-layout-flow core-column core-column-69fb1cc3cda0d\" style=\"padding-top:var(--wp--preset--spacing--medium);padding-right:var(--wp--preset--spacing--small);padding-bottom:var(--wp--preset--spacing--medium);padding-left:var(--wp--preset--spacing--small)\">\n<h2 class=\"wp-block-heading\">Loops i ditt digitale milj\u00f8<\/h2>\n\n\n\n<p>Les mer om hvordan Loops fungerer sammen med dine eksisterende digitale milj\u00f8er, og hvordan du enkelt kan komme i gang med Loops gjennom en jevn import eller din n\u00e5v\u00e6rende l\u00f8sning for enkel p\u00e5logging.<\/p>\n\n\n\n<figure class=\"wp-block-image aligncenter size-large is-resized\"><img loading=\"lazy\" decoding=\"async\" width=\"1024\" height=\"243\" src=\"https:\/\/loops.jonolsson.se\/wp-content\/uploads\/Eko-share-1024x243.png\" alt=\"\" class=\"wp-image-324\" style=\"width:200px\" srcset=\"https:\/\/loops.jonolsson.se\/wp-content\/uploads\/Eko-share-1024x243.png 1024w, https:\/\/loops.jonolsson.se\/wp-content\/uploads\/Eko-share-300x71.png 300w, https:\/\/loops.jonolsson.se\/wp-content\/uploads\/Eko-share-768x182.png 768w, https:\/\/loops.jonolsson.se\/wp-content\/uploads\/Eko-share.png 1500w\" sizes=\"auto, (max-width: 1024px) 100vw, 1024px\" \/><\/figure>\n\n\n\n<div class=\"wp-block-buttons is-content-justification-center is-layout-flex wp-container-core-buttons-is-layout-a89b3969 wp-block-buttons-is-layout-flex\">\n<div class=\"wp-block-button is-style-outline is-style-outline--3\" style=\"font-style:normal;font-weight:600\"><a class=\"wp-block-button__link has-primary-color has-text-color has-link-color wp-element-button\" href=\"\/no\/produkt\/#eko\" style=\"border-width:2px;padding-top:8px;padding-bottom:8px\">Les mer<\/a><\/div>\n<\/div>\n<\/div>\n\n\n\n<div class=\"wp-block-column is-vertically-aligned-center is-layout-flow wp-block-column-is-layout-flow\" style=\"flex-basis:50%\">\n<figure class=\"wp-block-video\"><video height=\"404\" style=\"aspect-ratio: 720 \/ 404;\" width=\"720\" autoplay loop muted src=\"https:\/\/loops.jonolsson.se\/wp-content\/uploads\/Loops-eko.mp4\" playsinline><\/video><\/figure>\n<\/div>\n<\/div>\n<\/div>\n\n\n\n<div class=\"wp-block-group alignfull mychild-parallax-darkgrey has-global-padding is-layout-constrained wp-container-core-group-is-layout-dbf27b9b wp-block-group-is-layout-constrained\" style=\"padding-top:var(--wp--preset--spacing--small);padding-right:var(--wp--preset--spacing--small);padding-bottom:var(--wp--preset--spacing--small);padding-left:var(--wp--preset--spacing--small)\">\n<div class=\"wp-block-columns alignfull mychild-reverse-mobile is-layout-flex wp-container-core-columns-is-layout-28f84493 wp-block-columns-is-layout-flex\">\n<div class=\"wp-block-column is-vertically-aligned-center with-text-alignment is-layout-flow wp-block-column-is-layout-flow core-column core-column-69fb1cc3ce973\" style=\"padding-top:var(--wp--preset--spacing--small);padding-right:var(--wp--preset--spacing--small);padding-bottom:var(--wp--preset--spacing--small);padding-left:var(--wp--preset--spacing--small)\">\n<h2 class=\"wp-block-heading\">Hva koster Loops?<\/h2>\n\n\n\n<p>I Loops kj\u00f8per du lisenser for l\u00e6rere eller pedagogiske ledere, og med disse lisensene f\u00f8lger en rekke student- eller deltakerlisenser. Vi har forskjellige priser for grunnskolen og bedrifter, s\u00e5 vel som det vi kaller annen oppl\u00e6ring. Klikk p\u00e5 les mer for \u00e5 se hva kostnaden vil v\u00e6re for virksomheten din.<\/p>\n\n\n\n<div class=\"wp-block-buttons is-content-justification-center is-layout-flex wp-container-core-buttons-is-layout-a89b3969 wp-block-buttons-is-layout-flex\">\n<div class=\"wp-block-button is-style-outline is-style-outline--4\" style=\"font-style:normal;font-weight:600\"><a class=\"wp-block-button__link has-primary-color has-text-color has-link-color wp-element-button\" href=\"\/no\/produkt\/pris\/\" style=\"border-width:2px;padding-top:8px;padding-bottom:8px\">Les mer<\/a><\/div>\n<\/div>\n<\/div>\n\n\n\n<div class=\"wp-block-column is-vertically-aligned-center is-layout-flow wp-block-column-is-layout-flow\" style=\"padding-top:var(--wp--preset--spacing--x-small);padding-right:var(--wp--preset--spacing--small);padding-bottom:var(--wp--preset--spacing--x-small);padding-left:var(--wp--preset--spacing--small);flex-basis:50%\">\n<figure class=\"wp-block-image aligncenter size-full has-custom-border\"><a href=\"https:\/\/loops.jonolsson.se\/wp-content\/uploads\/Engelska-byggifen.gif\"><img loading=\"lazy\" decoding=\"async\" width=\"720\" height=\"416\" src=\"https:\/\/loops.jonolsson.se\/wp-content\/uploads\/Engelska-byggifen.gif\" alt=\"\" class=\"wp-image-312\" style=\"border-radius:5px\"\/><\/a><\/figure>\n<\/div>\n<\/div>\n<\/div>\n\n\n\n<div class=\"wp-block-group alignfull has-custom-foretag-background-color has-background has-global-padding is-layout-constrained wp-container-core-group-is-layout-5287f2a8 wp-block-group-is-layout-constrained\" style=\"padding-top:var(--wp--preset--spacing--x-large);padding-right:var(--wp--preset--spacing--small);padding-bottom:var(--wp--preset--spacing--x-large);padding-left:var(--wp--preset--spacing--small)\">\n<div class=\"wp-block-columns alignwide are-vertically-aligned-bottom is-layout-flex wp-container-core-columns-is-layout-28f84493 wp-block-columns-is-layout-flex\">\n<div class=\"wp-block-column is-vertically-aligned-bottom is-layout-flow wp-block-column-is-layout-flow\">\n<div class=\"wp-block-group has-global-padding is-layout-constrained wp-container-core-group-is-layout-7d0d3654 wp-block-group-is-layout-constrained\" style=\"border-style:none;border-width:0px;border-top-left-radius:5px;border-top-right-radius:5px;border-bottom-left-radius:5px;border-bottom-right-radius:5px\">\n<h3 class=\"wp-block-heading has-text-align-center\">Loops for skole<\/h3>\n\n\n\n<div class=\"wp-block-buttons is-content-justification-center is-layout-flex wp-container-core-buttons-is-layout-a89b3969 wp-block-buttons-is-layout-flex\">\n<div class=\"wp-block-button\"><a class=\"wp-block-button__link has-custom-ovrig-background-color has-background wp-element-button\" href=\"https:\/\/loops.jonolsson.se\/no\/produkt\/skole\/\">L\u00e4s mer<\/a><\/div>\n<\/div>\n<\/div>\n<\/div>\n\n\n\n<div class=\"wp-block-column is-vertically-aligned-bottom is-layout-flow wp-block-column-is-layout-flow\">\n<div class=\"wp-block-group has-global-padding is-layout-constrained wp-container-core-group-is-layout-7d0d3654 wp-block-group-is-layout-constrained\" style=\"border-style:none;border-width:0px;border-top-left-radius:5px;border-top-right-radius:5px;border-bottom-left-radius:5px;border-bottom-right-radius:5px\">\n<h3 class=\"wp-block-heading has-text-align-center\">Loops annen oppl\u00e6ring<\/h3>\n\n\n\n<div class=\"wp-block-buttons is-content-justification-center is-layout-flex wp-container-core-buttons-is-layout-a89b3969 wp-block-buttons-is-layout-flex\">\n<div class=\"wp-block-button\"><a class=\"wp-block-button__link has-custom-grundskolan-background-color has-background wp-element-button\" href=\"https:\/\/loops.jonolsson.se\/no\/produkt\/opplaering\/\">L\u00e4s mer<\/a><\/div>\n<\/div>\n<\/div>\n<\/div>\n<\/div>\n<\/div>\n","protected":false},"excerpt":{"rendered":"<p>Inspirert av andres looper! Vil du se hva andre selskaper bruker Loops til i sin virksomhet? Her finner du looper som andre har bygget, og loopmaler som vi i Loops har laget slik at du enkelt kan komme i gang. Utforsk p\u00e5 egen h\u00e5nd Opprett en gratis pr\u00f8vekonto i dag! Opplev selv hva Loops kan [&hellip;]<\/p>\n","protected":false},"author":1,"featured_media":1055,"parent":1022,"menu_order":0,"comment_status":"closed","ping_status":"closed","template":"","meta":{"_acf_changed":false,"footnotes":""},"class_list":["post-1067","page","type-page","status-publish","has-post-thumbnail","hentry"],"acf":[],"mb":[],"mfb_rest_fields":["title"],"_links":{"self":[{"href":"https:\/\/loops.jonolsson.se\/no\/wp-json\/wp\/v2\/pages\/1067","targetHints":{"allow":["GET"]}}],"collection":[{"href":"https:\/\/loops.jonolsson.se\/no\/wp-json\/wp\/v2\/pages"}],"about":[{"href":"https:\/\/loops.jonolsson.se\/no\/wp-json\/wp\/v2\/types\/page"}],"author":[{"embeddable":true,"href":"https:\/\/loops.jonolsson.se\/no\/wp-json\/wp\/v2\/users\/1"}],"replies":[{"embeddable":true,"href":"https:\/\/loops.jonolsson.se\/no\/wp-json\/wp\/v2\/comments?post=1067"}],"version-history":[{"count":5,"href":"https:\/\/loops.jonolsson.se\/no\/wp-json\/wp\/v2\/pages\/1067\/revisions"}],"predecessor-version":[{"id":1679,"href":"https:\/\/loops.jonolsson.se\/no\/wp-json\/wp\/v2\/pages\/1067\/revisions\/1679"}],"up":[{"embeddable":true,"href":"https:\/\/loops.jonolsson.se\/no\/wp-json\/wp\/v2\/pages\/1022"}],"wp:featuredmedia":[{"embeddable":true,"href":"https:\/\/loops.jonolsson.se\/no\/wp-json\/wp\/v2\/media\/1055"}],"wp:attachment":[{"href":"https:\/\/loops.jonolsson.se\/no\/wp-json\/wp\/v2\/media?parent=1067"}],"curies":[{"name":"wp","href":"https:\/\/api.w.org\/{rel}","templated":true}]}}