{"id":1069,"date":"2024-07-26T15:52:40","date_gmt":"2024-07-26T15:52:40","guid":{"rendered":"https:\/\/loops.jonolsson.se\/produkt\/foretag\/inspiration\/"},"modified":"2025-04-09T09:36:43","modified_gmt":"2025-04-09T09:36:43","slug":"inspiration","status":"publish","type":"page","link":"https:\/\/loops.jonolsson.se\/no\/produkt\/bedrifter\/inspiration\/","title":{"rendered":"Inspiration"},"content":{"rendered":"\n<div class=\"wp-block-cover alignfull\" style=\"padding-top:0;padding-right:0;padding-bottom:0;padding-left:0;min-height:450px;aspect-ratio:unset;\"><span aria-hidden=\"true\" class=\"wp-block-cover__background has-custom-foretag-background-color has-background-dim-100 has-background-dim\"><\/span><div class=\"wp-block-cover__inner-container is-layout-flow wp-block-cover-is-layout-flow\">\n<div class=\"wp-block-group has-global-padding is-layout-constrained wp-container-core-group-is-layout-0ca5253d wp-block-group-is-layout-constrained\" style=\"padding-top:var(--wp--preset--spacing--medium);padding-right:var(--wp--preset--spacing--small);padding-bottom:var(--wp--preset--spacing--medium);padding-left:var(--wp--preset--spacing--small)\">\n<div class=\"wp-block-group alignwide has-global-padding is-content-justification-left is-layout-constrained wp-container-core-group-is-layout-12dd3699 wp-block-group-is-layout-constrained\">\n<div class=\"wp-block-group alignwide with-text-alignment is-layout-flow wp-container-core-group-is-layout-3507b13f wp-block-group-is-layout-flow\" style=\"padding-top:0;padding-right:0;padding-bottom:0;padding-left:0\">\n<h1 class=\"wp-block-heading alignwide has-text-align-left samskolan-text-shadow has-base-color has-text-color with-text-shadow core-heading core-heading-69fb2e31ad5ce\">Inspirert av andres looper!<\/h1>\n\n\n\n<p class=\"has-text-align-left samskolan-text-shadow has-base-color has-text-color has-medium-font-size\" style=\"line-height:1.3\">Bedrifter bruker Loops til akkurat det de trenger i virksomheten. I Loops bibliotek for selskaper har vi looper for inspirasjon, men ogs\u00e5 ferdige maler som du kan bruke. Nedenfor ser du noen av l\u00f8kkene fra biblioteket, pluss et par av v\u00e5re kunders l\u00f8kker som de lot oss vise deg.<\/p>\n<\/div>\n<\/div>\n<\/div>\n<\/div><\/div>\n\n\n\n<div class=\"wp-block-group alignfull mychild-parallax-grey has-background has-global-padding is-layout-constrained wp-container-core-group-is-layout-dbf27b9b wp-block-group-is-layout-constrained\" style=\"background-color:#385e7e54;padding-top:var(--wp--preset--spacing--small);padding-right:var(--wp--preset--spacing--small);padding-bottom:var(--wp--preset--spacing--small);padding-left:var(--wp--preset--spacing--small)\">\n<div class=\"wp-block-query alignwide is-layout-flow wp-block-query-is-layout-flow\"><ul class=\"wp-block-post-template is-layout-flow wp-container-core-post-template-is-layout-582de10d wp-block-post-template-is-layout-flow\"><li class=\"wp-block-post post-1649 post type-post status-publish format-standard has-post-thumbnail hentry category-inspiration-no tag-foretag-no\">\n\n<div class=\"wp-block-columns alignfull mychild-reverse-mobile is-layout-flex wp-container-core-columns-is-layout-28f84493 wp-block-columns-is-layout-flex\">\n<div class=\"wp-block-column is-vertically-aligned-center is-layout-flow wp-block-column-is-layout-flow\" style=\"padding-top:var(--wp--preset--spacing--x-small);padding-right:var(--wp--preset--spacing--small);padding-bottom:var(--wp--preset--spacing--x-small);padding-left:var(--wp--preset--spacing--small);flex-basis:50%\"><figure style=\"aspect-ratio:4\/3;\" class=\"wp-block-post-featured-image\"><img loading=\"lazy\" decoding=\"async\" width=\"1024\" height=\"558\" src=\"https:\/\/loops.jonolsson.se\/wp-content\/uploads\/Inspiration-onboarding-no.webp\" class=\"attachment-post-thumbnail size-post-thumbnail wp-post-image\" alt=\"\" style=\"width:100%;height:100%;object-fit:contain;\" srcset=\"https:\/\/loops.jonolsson.se\/wp-content\/uploads\/Inspiration-onboarding-no.webp 1024w, https:\/\/loops.jonolsson.se\/wp-content\/uploads\/Inspiration-onboarding-no-300x163.webp 300w, https:\/\/loops.jonolsson.se\/wp-content\/uploads\/Inspiration-onboarding-no-768x419.webp 768w\" sizes=\"auto, (max-width: 1024px) 100vw, 1024px\" \/><\/figure><\/div>\n\n\n\n<div class=\"wp-block-column is-vertically-aligned-center with-text-alignment is-layout-flow wp-block-column-is-layout-flow core-column core-column-69fb2e31b87f9\" style=\"padding-top:var(--wp--preset--spacing--x-small);padding-right:var(--wp--preset--spacing--small);padding-bottom:var(--wp--preset--spacing--x-small);padding-left:var(--wp--preset--spacing--small)\"><h2 class=\"wp-block-post-title\">Bygg din onboardingloop<\/h2>\n\n<div class=\"entry-content wp-block-post-content is-layout-flow wp-block-post-content-is-layout-flow\">\n<p>Denne loopen er et eksempel p\u00e5 hvordan en onboarding-rejse kan se ut. Den inneholder for tiden materiale som fungerer som en instruksjon for deg. Erstatt innholdet med instruksjonene dine til den nye medarbeideren.<\/p>\n\n\n\n<p><em>Loopen er p\u00e5 svensk.<\/em><\/p>\n\n\n\n<div class=\"wp-block-buttons is-content-justification-left is-layout-flex wp-container-core-buttons-is-layout-fc4fd283 wp-block-buttons-is-layout-flex\">\n<div class=\"wp-block-button is-style-outline is-style-outline--1\" style=\"font-style:normal;font-weight:600\"><a class=\"wp-block-button__link has-primary-color has-text-color has-link-color wp-element-button\" href=\"https:\/\/loops.education\/l\/v5SE9mar\" style=\"border-width:2px;padding-top:8px;padding-bottom:8px\" target=\"_blank\" rel=\"noreferrer noopener\">G\u00e5 til Loopen<\/a><\/div>\n<\/div>\n<\/div><\/div>\n<\/div>\n\n<\/li><li class=\"wp-block-post post-1652 post type-post status-publish format-standard has-post-thumbnail hentry category-inspiration-no tag-foretag-no\">\n\n<div class=\"wp-block-columns alignfull mychild-reverse-mobile is-layout-flex wp-container-core-columns-is-layout-28f84493 wp-block-columns-is-layout-flex\">\n<div class=\"wp-block-column is-vertically-aligned-center is-layout-flow wp-block-column-is-layout-flow\" style=\"padding-top:var(--wp--preset--spacing--x-small);padding-right:var(--wp--preset--spacing--small);padding-bottom:var(--wp--preset--spacing--x-small);padding-left:var(--wp--preset--spacing--small);flex-basis:50%\"><figure style=\"aspect-ratio:4\/3;\" class=\"wp-block-post-featured-image\"><img loading=\"lazy\" decoding=\"async\" width=\"1023\" height=\"658\" src=\"https:\/\/loops.jonolsson.se\/wp-content\/uploads\/Inspiration-gode-samtalen-no.webp\" class=\"attachment-post-thumbnail size-post-thumbnail wp-post-image\" alt=\"\" style=\"width:100%;height:100%;object-fit:contain;\" srcset=\"https:\/\/loops.jonolsson.se\/wp-content\/uploads\/Inspiration-gode-samtalen-no.webp 1023w, https:\/\/loops.jonolsson.se\/wp-content\/uploads\/Inspiration-gode-samtalen-no-300x193.webp 300w, https:\/\/loops.jonolsson.se\/wp-content\/uploads\/Inspiration-gode-samtalen-no-768x494.webp 768w\" sizes=\"auto, (max-width: 1023px) 100vw, 1023px\" \/><\/figure><\/div>\n\n\n\n<div class=\"wp-block-column is-vertically-aligned-center with-text-alignment is-layout-flow wp-block-column-is-layout-flow core-column core-column-69fb2e31b9725\" style=\"padding-top:var(--wp--preset--spacing--x-small);padding-right:var(--wp--preset--spacing--small);padding-bottom:var(--wp--preset--spacing--x-small);padding-left:var(--wp--preset--spacing--small)\"><h2 class=\"wp-block-post-title\">Den gode samtalen<\/h2>\n\n<div class=\"entry-content wp-block-post-content is-layout-flow wp-block-post-content-is-layout-flow\">\n<p>Sp\u00f8rsm\u00e5l jeg bygger samtaler p\u00e5, er ganske likt om det er veiledning, salg, leder osv. Likevel tenker jeg at det er noe viktig utenom selve sp\u00f8rsm\u00e5lene. Hva som m\u00e5 ligge til grunn for den gode samtalen&#8230;men det bygges p\u00e5 evne til interesse, evne til \u00e5 \u00e5 v\u00e6re tilstede, evne til \u00e5 se den andre.\u00a0<\/p>\n\n\n\n<p><em>Denne loopen kan remikses og er laget av Wittario som underlag(lenker) til sine spill.<\/em><\/p>\n\n\n\n<div class=\"wp-block-buttons is-content-justification-left is-layout-flex wp-container-core-buttons-is-layout-fc4fd283 wp-block-buttons-is-layout-flex\">\n<div class=\"wp-block-button is-style-outline is-style-outline--2\" style=\"font-style:normal;font-weight:600\"><a class=\"wp-block-button__link has-primary-color has-text-color has-link-color wp-element-button\" href=\"https:\/\/loops.education\/l\/BveFBH6a\" style=\"border-width:2px;padding-top:8px;padding-bottom:8px\" target=\"_blank\" rel=\"noreferrer noopener\">G\u00e5 til Loopen<\/a><\/div>\n<\/div>\n<\/div><\/div>\n<\/div>\n\n<\/li><li class=\"wp-block-post post-1651 post type-post status-publish format-standard has-post-thumbnail hentry category-inspiration-no tag-foretag-no\">\n\n<div class=\"wp-block-columns alignfull mychild-reverse-mobile is-layout-flex wp-container-core-columns-is-layout-28f84493 wp-block-columns-is-layout-flex\">\n<div class=\"wp-block-column is-vertically-aligned-center is-layout-flow wp-block-column-is-layout-flow\" style=\"padding-top:var(--wp--preset--spacing--x-small);padding-right:var(--wp--preset--spacing--small);padding-bottom:var(--wp--preset--spacing--x-small);padding-left:var(--wp--preset--spacing--small);flex-basis:50%\"><figure style=\"aspect-ratio:4\/3;\" class=\"wp-block-post-featured-image\"><img loading=\"lazy\" decoding=\"async\" width=\"1023\" height=\"642\" src=\"https:\/\/loops.jonolsson.se\/wp-content\/uploads\/Inspiration-god-fjern-no.webp\" class=\"attachment-post-thumbnail size-post-thumbnail wp-post-image\" alt=\"\" style=\"width:100%;height:100%;object-fit:contain;\" srcset=\"https:\/\/loops.jonolsson.se\/wp-content\/uploads\/Inspiration-god-fjern-no.webp 1023w, https:\/\/loops.jonolsson.se\/wp-content\/uploads\/Inspiration-god-fjern-no-300x188.webp 300w, https:\/\/loops.jonolsson.se\/wp-content\/uploads\/Inspiration-god-fjern-no-768x482.webp 768w\" sizes=\"auto, (max-width: 1023px) 100vw, 1023px\" \/><\/figure><\/div>\n\n\n\n<div class=\"wp-block-column is-vertically-aligned-center with-text-alignment is-layout-flow wp-block-column-is-layout-flow core-column core-column-69fb2e31ba2d5\" style=\"padding-top:var(--wp--preset--spacing--x-small);padding-right:var(--wp--preset--spacing--small);padding-bottom:var(--wp--preset--spacing--x-small);padding-left:var(--wp--preset--spacing--small)\"><h2 class=\"wp-block-post-title\">God fjernledelse<\/h2>\n\n<div class=\"entry-content wp-block-post-content is-layout-flow wp-block-post-content-is-layout-flow\">\n<p>Ledelse i seg selv er et komplekst fag fordi det hele tiden handler om mennesker. Avstandsledelse gjennom digitale verkt\u00f8y gir noen ekstra utfordringer.<br><em>Dette er en Loop som inneholder innhold knyttet til lederskap, og det \u00e5 lede p\u00e5 avstand (hjemmekontor). Denne loopen kan remikses og er laget av Wittario som underlag(lenker) til sine spill.<\/em><\/p>\n\n\n\n<div class=\"wp-block-buttons is-content-justification-left is-layout-flex wp-container-core-buttons-is-layout-fc4fd283 wp-block-buttons-is-layout-flex\">\n<div class=\"wp-block-button is-style-outline is-style-outline--3\" style=\"font-style:normal;font-weight:600\"><a class=\"wp-block-button__link has-primary-color has-text-color has-link-color wp-element-button\" href=\"https:\/\/loops.education\/l\/ckUggXTE\" style=\"border-width:2px;padding-top:8px;padding-bottom:8px\" target=\"_blank\" rel=\"noreferrer noopener\">G\u00e5 til Loopen<\/a><\/div>\n<\/div>\n<\/div><\/div>\n<\/div>\n\n<\/li><li class=\"wp-block-post post-1650 post type-post status-publish format-standard has-post-thumbnail hentry category-inspiration-no tag-foretag-no\">\n\n<div class=\"wp-block-columns alignfull mychild-reverse-mobile is-layout-flex wp-container-core-columns-is-layout-28f84493 wp-block-columns-is-layout-flex\">\n<div class=\"wp-block-column is-vertically-aligned-center is-layout-flow wp-block-column-is-layout-flow\" style=\"padding-top:var(--wp--preset--spacing--x-small);padding-right:var(--wp--preset--spacing--small);padding-bottom:var(--wp--preset--spacing--x-small);padding-left:var(--wp--preset--spacing--small);flex-basis:50%\"><figure style=\"aspect-ratio:4\/3;\" class=\"wp-block-post-featured-image\"><img loading=\"lazy\" decoding=\"async\" width=\"1024\" height=\"724\" src=\"https:\/\/loops.jonolsson.se\/wp-content\/uploads\/Inspiration-meeting-no.webp\" class=\"attachment-post-thumbnail size-post-thumbnail wp-post-image\" alt=\"\" style=\"width:100%;height:100%;object-fit:contain;\" srcset=\"https:\/\/loops.jonolsson.se\/wp-content\/uploads\/Inspiration-meeting-no.webp 1024w, https:\/\/loops.jonolsson.se\/wp-content\/uploads\/Inspiration-meeting-no-300x212.webp 300w, https:\/\/loops.jonolsson.se\/wp-content\/uploads\/Inspiration-meeting-no-768x543.webp 768w\" sizes=\"auto, (max-width: 1024px) 100vw, 1024px\" \/><\/figure><\/div>\n\n\n\n<div class=\"wp-block-column is-vertically-aligned-center with-text-alignment is-layout-flow wp-block-column-is-layout-flow core-column core-column-69fb2e31baed1\" style=\"padding-top:var(--wp--preset--spacing--x-small);padding-right:var(--wp--preset--spacing--small);padding-bottom:var(--wp--preset--spacing--x-small);padding-left:var(--wp--preset--spacing--small)\"><h2 class=\"wp-block-post-title\">Today&#8217;s meeting!<\/h2>\n\n<div class=\"entry-content wp-block-post-content is-layout-flow wp-block-post-content-is-layout-flow\">\n<p>Hello and welcome to today&#8217;s meeting!<br>This digital surface, called a loop, is created so that we can discuss important questions during our digital meeting, quickly and with high quality<br>Your manager or leader will distribute the loop before or during the meeting.<\/p>\n\n\n\n<div class=\"wp-block-buttons is-content-justification-left is-layout-flex wp-container-core-buttons-is-layout-fc4fd283 wp-block-buttons-is-layout-flex\">\n<div class=\"wp-block-button is-style-outline is-style-outline--4\" style=\"font-style:normal;font-weight:600\"><a class=\"wp-block-button__link has-primary-color has-text-color has-link-color wp-element-button\" href=\"https:\/\/loops.education\/l\/DrXihyPt\" style=\"border-width:2px;padding-top:8px;padding-bottom:8px\" target=\"_blank\" rel=\"noreferrer noopener\">G\u00e5 til Loopen<\/a><\/div>\n<\/div>\n<\/div><\/div>\n<\/div>\n\n<\/li><\/ul><\/div>\n<\/div>\n\n\n\n<div class=\"wp-block-group alignfull mychild-parallax-black has-global-padding is-layout-constrained wp-block-group-is-layout-constrained\">\n<div class=\"wp-block-columns alignfull mychild-reverse-mobile is-layout-flex wp-container-core-columns-is-layout-28f84493 wp-block-columns-is-layout-flex\">\n<div class=\"wp-block-column is-vertically-aligned-center with-text-alignment is-layout-flow wp-block-column-is-layout-flow core-column core-column-69fb2e31bbc44\" style=\"padding-top:var(--wp--preset--spacing--medium);padding-right:var(--wp--preset--spacing--small);padding-bottom:var(--wp--preset--spacing--medium);padding-left:var(--wp--preset--spacing--small)\">\n<h2 class=\"wp-block-heading\">Loops i ditt digitale milj\u00f8<\/h2>\n\n\n\n<p>Les mer om hvordan Loops fungerer sammen med dine eksisterende digitale milj\u00f8er, og hvordan du enkelt kan komme i gang med Loops gjennom en jevn import eller din n\u00e5v\u00e6rende l\u00f8sning for enkel p\u00e5logging.<\/p>\n\n\n\n<figure class=\"wp-block-image aligncenter size-large is-resized\"><img loading=\"lazy\" decoding=\"async\" width=\"1024\" height=\"243\" src=\"https:\/\/loops.jonolsson.se\/wp-content\/uploads\/Eko-share-1024x243.png\" alt=\"\" class=\"wp-image-324\" style=\"width:200px\" srcset=\"https:\/\/loops.jonolsson.se\/wp-content\/uploads\/Eko-share-1024x243.png 1024w, https:\/\/loops.jonolsson.se\/wp-content\/uploads\/Eko-share-300x71.png 300w, https:\/\/loops.jonolsson.se\/wp-content\/uploads\/Eko-share-768x182.png 768w, https:\/\/loops.jonolsson.se\/wp-content\/uploads\/Eko-share.png 1500w\" sizes=\"auto, (max-width: 1024px) 100vw, 1024px\" \/><\/figure>\n\n\n\n<div class=\"wp-block-buttons is-content-justification-center is-layout-flex wp-container-core-buttons-is-layout-a89b3969 wp-block-buttons-is-layout-flex\">\n<div class=\"wp-block-button is-style-outline is-style-outline--5\" style=\"font-style:normal;font-weight:600\"><a class=\"wp-block-button__link has-primary-color has-text-color has-link-color wp-element-button\" href=\"\/no\/produkt\/#eko\" style=\"border-width:2px;padding-top:8px;padding-bottom:8px\">Les mer<\/a><\/div>\n<\/div>\n<\/div>\n\n\n\n<div class=\"wp-block-column is-vertically-aligned-center is-layout-flow wp-block-column-is-layout-flow\" style=\"flex-basis:50%\">\n<figure class=\"wp-block-video\"><video height=\"404\" style=\"aspect-ratio: 720 \/ 404;\" width=\"720\" autoplay loop muted src=\"https:\/\/loops.jonolsson.se\/wp-content\/uploads\/Loops-eko.mp4\" playsinline><\/video><\/figure>\n<\/div>\n<\/div>\n<\/div>\n\n\n\n<div class=\"wp-block-group alignfull mychild-parallax-darkgrey has-global-padding is-layout-constrained wp-container-core-group-is-layout-dbf27b9b wp-block-group-is-layout-constrained\" style=\"padding-top:var(--wp--preset--spacing--small);padding-right:var(--wp--preset--spacing--small);padding-bottom:var(--wp--preset--spacing--small);padding-left:var(--wp--preset--spacing--small)\">\n<div class=\"wp-block-columns alignfull mychild-reverse-mobile is-layout-flex wp-container-core-columns-is-layout-28f84493 wp-block-columns-is-layout-flex\">\n<div class=\"wp-block-column is-vertically-aligned-center with-text-alignment is-layout-flow wp-block-column-is-layout-flow core-column core-column-69fb2e31bcad6\" style=\"padding-top:var(--wp--preset--spacing--small);padding-right:var(--wp--preset--spacing--small);padding-bottom:var(--wp--preset--spacing--small);padding-left:var(--wp--preset--spacing--small)\">\n<h2 class=\"wp-block-heading\">Hva koster Loops?<\/h2>\n\n\n\n<p>I Loops kj\u00f8per du lisenser for l\u00e6rere eller pedagogiske ledere, og med disse lisensene f\u00f8lger en rekke student- eller deltakerlisenser. Vi har forskjellige priser for grunnskolen og bedrifter, s\u00e5 vel som det vi kaller annen oppl\u00e6ring. Klikk p\u00e5 les mer for \u00e5 se hva kostnaden vil v\u00e6re for virksomheten din.<\/p>\n\n\n\n<div class=\"wp-block-buttons is-content-justification-center is-layout-flex wp-container-core-buttons-is-layout-a89b3969 wp-block-buttons-is-layout-flex\">\n<div class=\"wp-block-button is-style-outline is-style-outline--6\" style=\"font-style:normal;font-weight:600\"><a class=\"wp-block-button__link has-primary-color has-text-color has-link-color wp-element-button\" href=\"\/no\/produkt\/pris\/\" style=\"border-width:2px;padding-top:8px;padding-bottom:8px\">Les mer<\/a><\/div>\n<\/div>\n<\/div>\n\n\n\n<div class=\"wp-block-column is-vertically-aligned-center is-layout-flow wp-block-column-is-layout-flow\" style=\"padding-top:var(--wp--preset--spacing--x-small);padding-right:var(--wp--preset--spacing--small);padding-bottom:var(--wp--preset--spacing--x-small);padding-left:var(--wp--preset--spacing--small);flex-basis:50%\">\n<figure class=\"wp-block-image aligncenter size-full has-custom-border\"><a href=\"https:\/\/loops.jonolsson.se\/wp-content\/uploads\/Engelska-byggifen.gif\"><img loading=\"lazy\" decoding=\"async\" width=\"720\" height=\"416\" src=\"https:\/\/loops.jonolsson.se\/wp-content\/uploads\/Engelska-byggifen.gif\" alt=\"\" class=\"wp-image-312\" style=\"border-radius:5px\"\/><\/a><\/figure>\n<\/div>\n<\/div>\n<\/div>\n\n\n\n<div class=\"wp-block-group alignfull has-custom-foretag-background-color has-background has-global-padding is-layout-constrained wp-container-core-group-is-layout-5287f2a8 wp-block-group-is-layout-constrained\" style=\"padding-top:var(--wp--preset--spacing--x-large);padding-right:var(--wp--preset--spacing--small);padding-bottom:var(--wp--preset--spacing--x-large);padding-left:var(--wp--preset--spacing--small)\">\n<div class=\"wp-block-columns alignwide are-vertically-aligned-bottom is-layout-flex wp-container-core-columns-is-layout-28f84493 wp-block-columns-is-layout-flex\">\n<div class=\"wp-block-column is-vertically-aligned-bottom is-layout-flow wp-block-column-is-layout-flow\">\n<div class=\"wp-block-group has-global-padding is-layout-constrained wp-container-core-group-is-layout-7d0d3654 wp-block-group-is-layout-constrained\" style=\"border-style:none;border-width:0px;border-top-left-radius:5px;border-top-right-radius:5px;border-bottom-left-radius:5px;border-bottom-right-radius:5px\">\n<h3 class=\"wp-block-heading has-text-align-center\">Loops for skole<\/h3>\n\n\n\n<div class=\"wp-block-buttons is-content-justification-center is-layout-flex wp-container-core-buttons-is-layout-a89b3969 wp-block-buttons-is-layout-flex\">\n<div class=\"wp-block-button\"><a class=\"wp-block-button__link has-custom-ovrig-background-color has-background wp-element-button\" href=\"\/no\/produkt\/skole\/\">L\u00e4s mer<\/a><\/div>\n<\/div>\n<\/div>\n<\/div>\n\n\n\n<div class=\"wp-block-column is-vertically-aligned-bottom is-layout-flow wp-block-column-is-layout-flow\">\n<div class=\"wp-block-group has-global-padding is-layout-constrained wp-container-core-group-is-layout-7d0d3654 wp-block-group-is-layout-constrained\" style=\"border-style:none;border-width:0px;border-top-left-radius:5px;border-top-right-radius:5px;border-bottom-left-radius:5px;border-bottom-right-radius:5px\">\n<h3 class=\"wp-block-heading has-text-align-center\">Loops annen oppl\u00e6ring<\/h3>\n\n\n\n<div class=\"wp-block-buttons is-content-justification-center is-layout-flex wp-container-core-buttons-is-layout-a89b3969 wp-block-buttons-is-layout-flex\">\n<div class=\"wp-block-button\"><a class=\"wp-block-button__link has-custom-grundskolan-background-color has-background wp-element-button\" href=\"\/no\/produkt\/opplaering\/\">L\u00e4s mer<\/a><\/div>\n<\/div>\n<\/div>\n<\/div>\n<\/div>\n<\/div>\n","protected":false},"excerpt":{"rendered":"<p>Loops for skole Loops annen oppl\u00e6ring<\/p>\n","protected":false},"author":1,"featured_media":1055,"parent":1067,"menu_order":0,"comment_status":"closed","ping_status":"closed","template":"","meta":{"_acf_changed":false,"footnotes":""},"class_list":["post-1069","page","type-page","status-publish","has-post-thumbnail","hentry"],"acf":[],"mb":[],"mfb_rest_fields":["title"],"_links":{"self":[{"href":"https:\/\/loops.jonolsson.se\/no\/wp-json\/wp\/v2\/pages\/1069","targetHints":{"allow":["GET"]}}],"collection":[{"href":"https:\/\/loops.jonolsson.se\/no\/wp-json\/wp\/v2\/pages"}],"about":[{"href":"https:\/\/loops.jonolsson.se\/no\/wp-json\/wp\/v2\/types\/page"}],"author":[{"embeddable":true,"href":"https:\/\/loops.jonolsson.se\/no\/wp-json\/wp\/v2\/users\/1"}],"replies":[{"embeddable":true,"href":"https:\/\/loops.jonolsson.se\/no\/wp-json\/wp\/v2\/comments?post=1069"}],"version-history":[{"count":2,"href":"https:\/\/loops.jonolsson.se\/no\/wp-json\/wp\/v2\/pages\/1069\/revisions"}],"predecessor-version":[{"id":1387,"href":"https:\/\/loops.jonolsson.se\/no\/wp-json\/wp\/v2\/pages\/1069\/revisions\/1387"}],"up":[{"embeddable":true,"href":"https:\/\/loops.jonolsson.se\/no\/wp-json\/wp\/v2\/pages\/1067"}],"wp:featuredmedia":[{"embeddable":true,"href":"https:\/\/loops.jonolsson.se\/no\/wp-json\/wp\/v2\/media\/1055"}],"wp:attachment":[{"href":"https:\/\/loops.jonolsson.se\/no\/wp-json\/wp\/v2\/media?parent=1069"}],"curies":[{"name":"wp","href":"https:\/\/api.w.org\/{rel}","templated":true}]}}