{"id":1071,"date":"2023-04-29T14:51:42","date_gmt":"2023-04-29T14:51:42","guid":{"rendered":"https:\/\/loops.jonolsson.se\/produkt\/skola\/"},"modified":"2025-04-09T17:54:41","modified_gmt":"2025-04-09T17:54:41","slug":"skole","status":"publish","type":"page","link":"https:\/\/loops.jonolsson.se\/no\/produkt\/skole\/","title":{"rendered":"Skole"},"content":{"rendered":"\n<div class=\"wp-block-cover alignfull\" style=\"padding-top:0;padding-right:0;padding-bottom:0;padding-left:0;min-height:450px;aspect-ratio:unset;\"><span aria-hidden=\"true\" class=\"wp-block-cover__background has-custom-grundskolan-background-color has-background-dim-100 has-background-dim\"><\/span><div class=\"wp-block-cover__inner-container is-layout-flow wp-block-cover-is-layout-flow\">\n<div class=\"wp-block-group has-global-padding is-layout-constrained wp-container-core-group-is-layout-670e2573 wp-block-group-is-layout-constrained\" style=\"padding-top:var(--wp--preset--spacing--large);padding-right:var(--wp--preset--spacing--small);padding-bottom:var(--wp--preset--spacing--large);padding-left:var(--wp--preset--spacing--small)\">\n<div class=\"wp-block-group alignwide has-global-padding is-content-justification-left is-layout-constrained wp-container-core-group-is-layout-12dd3699 wp-block-group-is-layout-constrained\">\n<div class=\"wp-block-group alignwide with-text-alignment is-layout-flow wp-container-core-group-is-layout-3507b13f wp-block-group-is-layout-flow\" style=\"padding-top:0;padding-right:0;padding-bottom:0;padding-left:0\">\n<h1 class=\"wp-block-heading alignwide has-text-align-left samskolan-text-shadow has-base-color has-text-color with-text-shadow core-heading core-heading-69fb1c9592cd5\">Loops for skole<\/h1>\n\n\n\n<p class=\"has-text-align-left samskolan-text-shadow has-base-color has-text-color has-medium-font-size\" style=\"line-height:1.3\">En skole i en verden i endring stiller store krav til fleksibelt og kvalitetssikret undervisningsmateriell. Mange l\u00e6rere foretrekker \u00e5 kunne gj\u00f8re endringer i undervisningsmaterialet selv eller \u00e5 lage sitt eget materiale. Med Loops som verkt\u00f8y kan du:<\/p>\n\n\n\n<div class=\"wp-block-columns alignwide is-layout-flex wp-container-core-columns-is-layout-65eef5bf wp-block-columns-is-layout-flex\">\n<div class=\"wp-block-column is-vertically-aligned-center is-layout-flow wp-block-column-is-layout-flow\" style=\"flex-basis:50%\">\n<ul class=\"wp-block-list with-icon core-list core-list-69fb1c9593133\">\n<li>Bygge l\u00e6ringsslooper selv eller sammen med kolleger og distribuere dem til elevene dine&nbsp;<\/li>\n\n\n\n<li>La deg inspirere av looper i biblioteket, i forskjellige fag<\/li>\n\n\n\n<li>Bruke loopene i biblioteket som de er, eller bygge dem opp igjen etter din egen gruppes behov<\/li>\n<\/ul>\n<\/div>\n\n\n\n<div class=\"wp-block-column is-vertically-aligned-center is-layout-flow wp-block-column-is-layout-flow\">\n<ul class=\"wp-block-list with-icon core-list core-list-69fb1c9596036\">\n<li>Starte p\u00e5 en loop, distribuere den til elevgruppen din og bygge den videre etterp\u00e5 sammen med elevene<\/li>\n\n\n\n<li>Implementere endringsarbeid og oppl\u00e6ring av ansatte<\/li>\n\n\n\n<li>Lage et \u00e5rshjul eller en h\u00e5ndbok for skolen din, for eksisterende og nytt personale<\/li>\n<\/ul>\n<\/div>\n<\/div>\n<\/div>\n<\/div>\n<\/div>\n<\/div><\/div>\n\n\n\n<div class=\"wp-block-group alignfull grundskolan has-background has-global-padding is-layout-constrained wp-container-core-group-is-layout-bd03884e wp-block-group-is-layout-constrained\" style=\"background-color:#ab700033;padding-top:var(--wp--preset--spacing--large);padding-right:var(--wp--preset--spacing--small);padding-bottom:var(--wp--preset--spacing--large);padding-left:var(--wp--preset--spacing--small)\">\n<h2 class=\"wp-block-heading has-text-align-center\">Inspirert av andres looper!<\/h2>\n\n\n\n<p>Vil du se eksempler p\u00e5 hvordan andre bruker Loops? Dyktige og kreative l\u00e6rere har delt materiale og undervisningsideer i Loops bibliotek, her har vi valgt noen inspirerende looper du kan se p\u00e5.<\/p>\n\n\n\n<div class=\"wp-block-query alignwide is-layout-flow wp-block-query-is-layout-flow\"><ul class=\"columns-3 wp-block-post-template is-layout-grid wp-container-core-post-template-is-layout-c494e2e5 wp-block-post-template-is-layout-grid\"><li class=\"wp-block-post post-1555 post type-post status-publish format-standard has-post-thumbnail hentry category-inspiration-no tag-grundskolan-no\">\n\n<div class=\"wp-block-group featured-image-with-text-base has-global-padding is-layout-constrained wp-container-core-group-is-layout-19e250f3 wp-block-group-is-layout-constrained\" style=\"border-style:none;border-width:0px;border-radius:5px\"><figure style=\"aspect-ratio:16\/9;\" class=\"wp-block-post-featured-image\"><a href=\"https:\/\/loops.jonolsson.se\/no\/fysikk-pa-lekeplatssen\/\" target=\"_self\"  ><img loading=\"lazy\" decoding=\"async\" width=\"1024\" height=\"760\" src=\"https:\/\/loops.jonolsson.se\/wp-content\/uploads\/Inspiration-Fysikk-pa-lekplassen-no.webp\" class=\"attachment-large size-large wp-post-image\" alt=\"Fysikk p\u00e5 lekeplatssen\" style=\"border-radius:5px;width:100%;height:100%;object-fit:cover;\" srcset=\"https:\/\/loops.jonolsson.se\/wp-content\/uploads\/Inspiration-Fysikk-pa-lekplassen-no.webp 1024w, https:\/\/loops.jonolsson.se\/wp-content\/uploads\/Inspiration-Fysikk-pa-lekplassen-no-300x223.webp 300w, https:\/\/loops.jonolsson.se\/wp-content\/uploads\/Inspiration-Fysikk-pa-lekplassen-no-768x570.webp 768w\" sizes=\"auto, (max-width: 1024px) 100vw, 1024px\" \/><\/a><\/figure>\n\n<h3 class=\"has-text-align-center featured-image-with-text wp-block-post-title\"><a href=\"https:\/\/loops.jonolsson.se\/no\/fysikk-pa-lekeplatssen\/\" target=\"_self\" >Fysikk p\u00e5 lekeplatssen<\/a><\/h3><\/div>\n\n<\/li><li class=\"wp-block-post post-1557 post type-post status-publish format-standard has-post-thumbnail hentry category-inspiration-no tag-grundskolan-no\">\n\n<div class=\"wp-block-group featured-image-with-text-base has-global-padding is-layout-constrained wp-container-core-group-is-layout-19e250f3 wp-block-group-is-layout-constrained\" style=\"border-style:none;border-width:0px;border-radius:5px\"><figure style=\"aspect-ratio:16\/9;\" class=\"wp-block-post-featured-image\"><a href=\"https:\/\/loops.jonolsson.se\/no\/arstid-host\/\" target=\"_self\"  ><img loading=\"lazy\" decoding=\"async\" width=\"1023\" height=\"583\" src=\"https:\/\/loops.jonolsson.se\/wp-content\/uploads\/Inspiration-host-no.webp\" class=\"attachment-large size-large wp-post-image\" alt=\"\u00c5rstid: H\u00f8st\" style=\"border-radius:5px;width:100%;height:100%;object-fit:cover;\" srcset=\"https:\/\/loops.jonolsson.se\/wp-content\/uploads\/Inspiration-host-no.webp 1023w, https:\/\/loops.jonolsson.se\/wp-content\/uploads\/Inspiration-host-no-300x171.webp 300w, https:\/\/loops.jonolsson.se\/wp-content\/uploads\/Inspiration-host-no-768x438.webp 768w\" sizes=\"auto, (max-width: 1023px) 100vw, 1023px\" \/><\/a><\/figure>\n\n<h3 class=\"has-text-align-center featured-image-with-text wp-block-post-title\"><a href=\"https:\/\/loops.jonolsson.se\/no\/arstid-host\/\" target=\"_self\" >\u00c5rstid: H\u00f8st<\/a><\/h3><\/div>\n\n<\/li><li class=\"wp-block-post post-1558 post type-post status-publish format-standard has-post-thumbnail hentry category-inspiration-no tag-grundskolan-no\">\n\n<div class=\"wp-block-group featured-image-with-text-base has-global-padding is-layout-constrained wp-container-core-group-is-layout-19e250f3 wp-block-group-is-layout-constrained\" style=\"border-style:none;border-width:0px;border-radius:5px\"><figure style=\"aspect-ratio:16\/9;\" class=\"wp-block-post-featured-image\"><a href=\"https:\/\/loops.jonolsson.se\/no\/tidsoppfatning-en-reise-i-tiden\/\" target=\"_self\"  ><img loading=\"lazy\" decoding=\"async\" width=\"1024\" height=\"618\" src=\"https:\/\/loops.jonolsson.se\/wp-content\/uploads\/Inspiration-tidsoppfattning-no.webp\" class=\"attachment-large size-large wp-post-image\" alt=\"Tidsoppfatning &#8211; En reise i tiden\" style=\"border-radius:5px;width:100%;height:100%;object-fit:cover;\" srcset=\"https:\/\/loops.jonolsson.se\/wp-content\/uploads\/Inspiration-tidsoppfattning-no.webp 1024w, https:\/\/loops.jonolsson.se\/wp-content\/uploads\/Inspiration-tidsoppfattning-no-300x181.webp 300w, https:\/\/loops.jonolsson.se\/wp-content\/uploads\/Inspiration-tidsoppfattning-no-768x464.webp 768w\" sizes=\"auto, (max-width: 1024px) 100vw, 1024px\" \/><\/a><\/figure>\n\n<h3 class=\"has-text-align-center featured-image-with-text wp-block-post-title\"><a href=\"https:\/\/loops.jonolsson.se\/no\/tidsoppfatning-en-reise-i-tiden\/\" target=\"_self\" >Tidsoppfatning &#8211; En reise i tiden<\/a><\/h3><\/div>\n\n<\/li><\/ul><\/div>\n\n\n\n<div class=\"wp-block-buttons is-content-justification-center is-layout-flex wp-container-core-buttons-is-layout-a89b3969 wp-block-buttons-is-layout-flex\">\n<div class=\"wp-block-button is-style-outline is-style-outline--1\" style=\"font-style:normal;font-weight:600\"><a class=\"wp-block-button__link has-primary-color has-text-color has-link-color wp-element-button\" href=\".\/inspiration\/\" style=\"border-width:2px;padding-top:8px;padding-bottom:8px\">Les mer<\/a><\/div>\n<\/div>\n<\/div>\n\n\n\n<div class=\"wp-block-group alignfull mychild-parallax-black has-global-padding is-layout-constrained wp-block-group-is-layout-constrained\" style=\"padding-top:var(--wp--preset--spacing--x-small);padding-bottom:var(--wp--preset--spacing--x-small)\">\n<div class=\"wp-block-columns alignfull mychild-reverse-mobile is-layout-flex wp-container-core-columns-is-layout-28f84493 wp-block-columns-is-layout-flex\">\n<div class=\"wp-block-column is-vertically-aligned-center with-text-alignment is-layout-flow wp-block-column-is-layout-flow core-column core-column-69fb1c959cf00\" style=\"padding-top:var(--wp--preset--spacing--small);padding-right:var(--wp--preset--spacing--small);padding-bottom:var(--wp--preset--spacing--small);padding-left:var(--wp--preset--spacing--small)\">\n<h2 class=\"wp-block-heading\">Utforsk p\u00e5 egen h\u00e5nd<\/h2>\n\n\n\n<p>Opprett en gratis testkonto i dag! Med en testkonto kan du se alt innholdet i Loops-biblioteket. Du kan bygge om looper du finner der, eller bygge dine egne. Pr\u00f8v \u00e5 dele ut en loop til elevene dine og opplev selv hva Loops kan gj\u00f8re for \u00e5 skape effektiv og engasjerende l\u00e6ring!<\/p>\n\n\n\n<div class=\"wp-block-buttons is-content-justification-center is-layout-flex wp-container-core-buttons-is-layout-a89b3969 wp-block-buttons-is-layout-flex\">\n<div class=\"wp-block-button is-style-outline is-style-outline--2\" style=\"font-style:normal;font-weight:600\"><a class=\"wp-block-button__link has-primary-color has-text-color has-link-color wp-element-button\" href=\"https:\/\/loops.jonolsson.se\/no\/produkt\/prov-loops\/\" style=\"border-width:2px;padding-top:8px;padding-bottom:8px\">Les mer<\/a><\/div>\n<\/div>\n<\/div>\n\n\n\n<div class=\"wp-block-column is-vertically-aligned-center is-layout-flow wp-block-column-is-layout-flow\" style=\"flex-basis:50%\">\n<figure class=\"wp-block-image aligncenter size-full\"><img loading=\"lazy\" decoding=\"async\" width=\"720\" height=\"404\" src=\"https:\/\/loops.jonolsson.se\/wp-content\/uploads\/Loops-Learn.gif\" alt=\"\" class=\"wp-image-252\"\/><\/figure>\n<\/div>\n<\/div>\n<\/div>\n\n\n\n<div class=\"wp-block-group alignfull grundskolan has-background has-global-padding is-layout-constrained wp-container-core-group-is-layout-670e2573 wp-block-group-is-layout-constrained\" style=\"background-color:#ab700033;padding-top:var(--wp--preset--spacing--large);padding-right:var(--wp--preset--spacing--small);padding-bottom:var(--wp--preset--spacing--large);padding-left:var(--wp--preset--spacing--small)\">\n<h2 class=\"wp-block-heading has-text-align-center\">Brukerhistorier<\/h2>\n\n\n\n<p>Vil du v\u00e6re med p\u00e5 det de som bruker Loops i dag har \u00e5 si om hvordan de bruker Loops i sin virksomhet?<\/p>\n\n\n\n<div class=\"wp-block-query alignwide is-layout-flow wp-block-query-is-layout-flow\"><ul class=\"columns-3 wp-block-post-template is-layout-grid wp-container-core-post-template-is-layout-c494e2e5 wp-block-post-template-is-layout-grid\"><li class=\"wp-block-post post-1454 post type-post status-publish format-standard has-post-thumbnail hentry category-user-stories-no tag-grundskolan-no\">\n\n<div class=\"wp-block-group featured-image-with-text-base has-global-padding is-layout-constrained wp-container-core-group-is-layout-19e250f3 wp-block-group-is-layout-constrained\" style=\"border-style:none;border-width:0px;border-radius:5px\"><figure style=\"aspect-ratio:16\/9;\" class=\"wp-block-post-featured-image\"><a href=\"https:\/\/loops.jonolsson.se\/no\/riverview-skoledistrikt-i-usa\/\" target=\"_self\"  ><img loading=\"lazy\" decoding=\"async\" width=\"992\" height=\"545\" src=\"https:\/\/loops.jonolsson.se\/wp-content\/uploads\/riverview.jpg\" class=\"attachment-full size-full wp-post-image\" alt=\"Riverview skoledistrikt i USA\" style=\"border-radius:5px;width:100%;height:100%;object-fit:cover;\" srcset=\"https:\/\/loops.jonolsson.se\/wp-content\/uploads\/riverview.jpg 992w, https:\/\/loops.jonolsson.se\/wp-content\/uploads\/riverview-300x165.jpg 300w, https:\/\/loops.jonolsson.se\/wp-content\/uploads\/riverview-768x422.jpg 768w\" sizes=\"auto, (max-width: 992px) 100vw, 992px\" \/><\/a><\/figure>\n\n<h3 class=\"has-text-align-center featured-image-with-text wp-block-post-title\"><a href=\"https:\/\/loops.jonolsson.se\/no\/riverview-skoledistrikt-i-usa\/\" target=\"_self\" >Riverview skoledistrikt i USA<\/a><\/h3><\/div>\n\n<\/li><li class=\"wp-block-post post-1459 post type-post status-publish format-standard has-post-thumbnail hentry category-user-stories-no tag-grundskolan-no\">\n\n<div class=\"wp-block-group featured-image-with-text-base has-global-padding is-layout-constrained wp-container-core-group-is-layout-19e250f3 wp-block-group-is-layout-constrained\" style=\"border-style:none;border-width:0px;border-radius:5px\"><figure style=\"aspect-ratio:16\/9;\" class=\"wp-block-post-featured-image\"><a href=\"https:\/\/loops.jonolsson.se\/no\/nytorpsskolan-i-angered\/\" target=\"_self\"  ><img loading=\"lazy\" decoding=\"async\" width=\"1124\" height=\"1328\" src=\"https:\/\/loops.jonolsson.se\/wp-content\/uploads\/user-stories-elsemarie.jpg\" class=\"attachment-full size-full wp-post-image\" alt=\"Nytorpsskolan i Angered\" style=\"border-radius:5px;width:100%;height:100%;object-fit:cover;\" srcset=\"https:\/\/loops.jonolsson.se\/wp-content\/uploads\/user-stories-elsemarie.jpg 1124w, https:\/\/loops.jonolsson.se\/wp-content\/uploads\/user-stories-elsemarie-254x300.jpg 254w, https:\/\/loops.jonolsson.se\/wp-content\/uploads\/user-stories-elsemarie-867x1024.jpg 867w, https:\/\/loops.jonolsson.se\/wp-content\/uploads\/user-stories-elsemarie-768x907.jpg 768w\" sizes=\"auto, (max-width: 1124px) 100vw, 1124px\" \/><\/a><\/figure>\n\n<h3 class=\"has-text-align-center featured-image-with-text wp-block-post-title\"><a href=\"https:\/\/loops.jonolsson.se\/no\/nytorpsskolan-i-angered\/\" target=\"_self\" >Nytorpsskolan i Angered<\/a><\/h3><\/div>\n\n<\/li><li class=\"wp-block-post post-1463 post type-post status-publish format-standard has-post-thumbnail hentry category-user-stories-no tag-grundskolan-no\">\n\n<div class=\"wp-block-group featured-image-with-text-base has-global-padding is-layout-constrained wp-container-core-group-is-layout-19e250f3 wp-block-group-is-layout-constrained\" style=\"border-style:none;border-width:0px;border-radius:5px\"><figure style=\"aspect-ratio:16\/9;\" class=\"wp-block-post-featured-image\"><a href=\"https:\/\/loops.jonolsson.se\/no\/knutby-skole-i-uppsala-kommune\/\" target=\"_self\"  ><img loading=\"lazy\" decoding=\"async\" width=\"1500\" height=\"835\" src=\"https:\/\/loops.jonolsson.se\/wp-content\/uploads\/user-story-hands.jpg\" class=\"attachment-full size-full wp-post-image\" alt=\"Knutby skole i Uppsala kommune\" style=\"border-radius:5px;width:100%;height:100%;object-fit:cover;\" srcset=\"https:\/\/loops.jonolsson.se\/wp-content\/uploads\/user-story-hands.jpg 1500w, https:\/\/loops.jonolsson.se\/wp-content\/uploads\/user-story-hands-300x167.jpg 300w, https:\/\/loops.jonolsson.se\/wp-content\/uploads\/user-story-hands-1024x570.jpg 1024w, https:\/\/loops.jonolsson.se\/wp-content\/uploads\/user-story-hands-768x428.jpg 768w\" sizes=\"auto, (max-width: 1500px) 100vw, 1500px\" \/><\/a><\/figure>\n\n<h3 class=\"has-text-align-center featured-image-with-text wp-block-post-title\"><a href=\"https:\/\/loops.jonolsson.se\/no\/knutby-skole-i-uppsala-kommune\/\" target=\"_self\" >Knutby skole i Uppsala kommune<\/a><\/h3><\/div>\n\n<\/li><\/ul><\/div>\n<\/div>\n\n\n\n<div class=\"wp-block-group alignfull mychild-parallax-black has-global-padding is-layout-constrained wp-block-group-is-layout-constrained\">\n<div class=\"wp-block-columns alignfull mychild-reverse-mobile is-layout-flex wp-container-core-columns-is-layout-28f84493 wp-block-columns-is-layout-flex\">\n<div class=\"wp-block-column is-vertically-aligned-center with-text-alignment is-layout-flow wp-block-column-is-layout-flow core-column core-column-69fb1c95a129f\" style=\"padding-top:var(--wp--preset--spacing--medium);padding-right:var(--wp--preset--spacing--small);padding-bottom:var(--wp--preset--spacing--medium);padding-left:var(--wp--preset--spacing--small)\">\n<h2 class=\"wp-block-heading\">Loops i ditt digitale milj\u00f8<\/h2>\n\n\n\n<p>Les mer om hvordan Loops fungerer sammen med dine eksisterende digitale milj\u00f8er, og hvordan du enkelt kan komme i gang med Loops gjennom en jevn import eller din n\u00e5v\u00e6rende l\u00f8sning for enkel p\u00e5logging.<\/p>\n\n\n\n<figure class=\"wp-block-image aligncenter size-large is-resized\"><img loading=\"lazy\" decoding=\"async\" width=\"1024\" height=\"243\" src=\"https:\/\/loops.jonolsson.se\/wp-content\/uploads\/Eko-share-1024x243.png\" alt=\"\" class=\"wp-image-324\" style=\"width:200px\" srcset=\"https:\/\/loops.jonolsson.se\/wp-content\/uploads\/Eko-share-1024x243.png 1024w, https:\/\/loops.jonolsson.se\/wp-content\/uploads\/Eko-share-300x71.png 300w, https:\/\/loops.jonolsson.se\/wp-content\/uploads\/Eko-share-768x182.png 768w, https:\/\/loops.jonolsson.se\/wp-content\/uploads\/Eko-share.png 1500w\" sizes=\"auto, (max-width: 1024px) 100vw, 1024px\" \/><\/figure>\n\n\n\n<div class=\"wp-block-buttons is-content-justification-center is-layout-flex wp-container-core-buttons-is-layout-a89b3969 wp-block-buttons-is-layout-flex\">\n<div class=\"wp-block-button is-style-outline is-style-outline--3\" style=\"font-style:normal;font-weight:600\"><a class=\"wp-block-button__link has-primary-color has-text-color has-link-color wp-element-button\" href=\"\/no\/produkt\/#eko\" style=\"border-width:2px;padding-top:8px;padding-bottom:8px\">Les mer<\/a><\/div>\n<\/div>\n<\/div>\n\n\n\n<div class=\"wp-block-column is-vertically-aligned-center is-layout-flow wp-block-column-is-layout-flow\" style=\"flex-basis:50%\">\n<figure class=\"wp-block-video\"><video height=\"404\" style=\"aspect-ratio: 720 \/ 404;\" width=\"720\" autoplay loop muted src=\"https:\/\/loops.jonolsson.se\/wp-content\/uploads\/Loops-eko.mp4\" playsinline><\/video><\/figure>\n<\/div>\n<\/div>\n<\/div>\n\n\n\n<div class=\"wp-block-group alignfull mychild-parallax-darkgrey has-global-padding is-layout-constrained wp-container-core-group-is-layout-dbf27b9b wp-block-group-is-layout-constrained\" style=\"padding-top:var(--wp--preset--spacing--small);padding-right:var(--wp--preset--spacing--small);padding-bottom:var(--wp--preset--spacing--small);padding-left:var(--wp--preset--spacing--small)\">\n<div class=\"wp-block-columns alignfull mychild-reverse-mobile is-layout-flex wp-container-core-columns-is-layout-28f84493 wp-block-columns-is-layout-flex\">\n<div class=\"wp-block-column is-vertically-aligned-center with-text-alignment is-layout-flow wp-block-column-is-layout-flow core-column core-column-69fb1c95a22c6\" style=\"padding-top:var(--wp--preset--spacing--small);padding-right:var(--wp--preset--spacing--small);padding-bottom:var(--wp--preset--spacing--small);padding-left:var(--wp--preset--spacing--small)\">\n<h2 class=\"wp-block-heading\">Hva koster Loops?<\/h2>\n\n\n\n<p>I Loops kj\u00f8per du lisenser for l\u00e6rere eller pedagogiske ledere, og med disse lisensene f\u00f8lger en rekke student- eller deltakerlisenser. Vi har forskjellige priser for grunnskolen og bedrifter, s\u00e5 vel som det vi kaller annen oppl\u00e6ring. Klikk p\u00e5 les mer for \u00e5 se hva kostnaden vil v\u00e6re for virksomheten din.<\/p>\n\n\n\n<div class=\"wp-block-buttons is-content-justification-center is-layout-flex wp-container-core-buttons-is-layout-a89b3969 wp-block-buttons-is-layout-flex\">\n<div class=\"wp-block-button is-style-outline is-style-outline--4\" style=\"font-style:normal;font-weight:600\"><a class=\"wp-block-button__link has-primary-color has-text-color has-link-color wp-element-button\" href=\"\/no\/produkt\/pris\/\" style=\"border-width:2px;padding-top:8px;padding-bottom:8px\">Les mer<\/a><\/div>\n<\/div>\n<\/div>\n\n\n\n<div class=\"wp-block-column is-vertically-aligned-center is-layout-flow wp-block-column-is-layout-flow\" style=\"padding-top:var(--wp--preset--spacing--x-small);padding-right:var(--wp--preset--spacing--small);padding-bottom:var(--wp--preset--spacing--x-small);padding-left:var(--wp--preset--spacing--small);flex-basis:50%\">\n<figure class=\"wp-block-image aligncenter size-full has-custom-border\"><a href=\"https:\/\/loops.jonolsson.se\/wp-content\/uploads\/Engelska-byggifen.gif\"><img loading=\"lazy\" decoding=\"async\" width=\"720\" height=\"416\" src=\"https:\/\/loops.jonolsson.se\/wp-content\/uploads\/Engelska-byggifen.gif\" alt=\"\" class=\"wp-image-312\" style=\"border-radius:5px\"\/><\/a><\/figure>\n<\/div>\n<\/div>\n<\/div>\n\n\n\n<div class=\"wp-block-group alignfull has-custom-grundskolan-background-color has-background has-global-padding is-layout-constrained wp-container-core-group-is-layout-5287f2a8 wp-block-group-is-layout-constrained\" style=\"padding-top:var(--wp--preset--spacing--x-large);padding-right:var(--wp--preset--spacing--small);padding-bottom:var(--wp--preset--spacing--x-large);padding-left:var(--wp--preset--spacing--small)\">\n<div class=\"wp-block-columns alignwide are-vertically-aligned-bottom is-layout-flex wp-container-core-columns-is-layout-28f84493 wp-block-columns-is-layout-flex\">\n<div class=\"wp-block-column is-vertically-aligned-bottom is-layout-flow wp-block-column-is-layout-flow\">\n<div class=\"wp-block-group has-global-padding is-layout-constrained wp-container-core-group-is-layout-7d0d3654 wp-block-group-is-layout-constrained\" style=\"border-style:none;border-width:0px;border-top-left-radius:5px;border-top-right-radius:5px;border-bottom-left-radius:5px;border-bottom-right-radius:5px\">\n<h3 class=\"wp-block-heading has-text-align-center\">Loops for annen oppl\u00e6ring<\/h3>\n\n\n\n<div class=\"wp-block-buttons is-content-justification-center is-layout-flex wp-container-core-buttons-is-layout-a89b3969 wp-block-buttons-is-layout-flex\">\n<div class=\"wp-block-button\"><a class=\"wp-block-button__link has-custom-ovrig-background-color has-background wp-element-button\" href=\"https:\/\/loops.jonolsson.se\/no\/produkt\/opplaering\/\">Les mer<\/a><\/div>\n<\/div>\n<\/div>\n<\/div>\n\n\n\n<div class=\"wp-block-column is-vertically-aligned-bottom is-layout-flow wp-block-column-is-layout-flow\">\n<div class=\"wp-block-group has-global-padding is-layout-constrained wp-container-core-group-is-layout-7d0d3654 wp-block-group-is-layout-constrained\" style=\"border-style:none;border-width:0px;border-top-left-radius:5px;border-top-right-radius:5px;border-bottom-left-radius:5px;border-bottom-right-radius:5px\">\n<h3 class=\"wp-block-heading has-text-align-center\">Loops for bedrifter<\/h3>\n\n\n\n<div class=\"wp-block-buttons is-content-justification-center is-layout-flex wp-container-core-buttons-is-layout-a89b3969 wp-block-buttons-is-layout-flex\">\n<div class=\"wp-block-button\"><a class=\"wp-block-button__link has-custom-foretag-background-color has-background wp-element-button\" href=\"https:\/\/loops.jonolsson.se\/no\/produkt\/bedrifter\/\">Les mer<\/a><\/div>\n<\/div>\n<\/div>\n<\/div>\n<\/div>\n<\/div>\n","protected":false},"excerpt":{"rendered":"<p>Inspirert av andres looper! Vil du se eksempler p\u00e5 hvordan andre bruker Loops? Dyktige og kreative l\u00e6rere har delt materiale og undervisningsideer i Loops bibliotek, her har vi valgt noen inspirerende looper du kan se p\u00e5. Utforsk p\u00e5 egen h\u00e5nd Opprett en gratis testkonto i dag! Med en testkonto kan du se alt innholdet i [&hellip;]<\/p>\n","protected":false},"author":1,"featured_media":1043,"parent":1022,"menu_order":0,"comment_status":"closed","ping_status":"closed","template":"","meta":{"_acf_changed":false,"footnotes":""},"class_list":["post-1071","page","type-page","status-publish","has-post-thumbnail","hentry"],"acf":[],"mb":[],"mfb_rest_fields":["title"],"_links":{"self":[{"href":"https:\/\/loops.jonolsson.se\/no\/wp-json\/wp\/v2\/pages\/1071","targetHints":{"allow":["GET"]}}],"collection":[{"href":"https:\/\/loops.jonolsson.se\/no\/wp-json\/wp\/v2\/pages"}],"about":[{"href":"https:\/\/loops.jonolsson.se\/no\/wp-json\/wp\/v2\/types\/page"}],"author":[{"embeddable":true,"href":"https:\/\/loops.jonolsson.se\/no\/wp-json\/wp\/v2\/users\/1"}],"replies":[{"embeddable":true,"href":"https:\/\/loops.jonolsson.se\/no\/wp-json\/wp\/v2\/comments?post=1071"}],"version-history":[{"count":5,"href":"https:\/\/loops.jonolsson.se\/no\/wp-json\/wp\/v2\/pages\/1071\/revisions"}],"predecessor-version":[{"id":1675,"href":"https:\/\/loops.jonolsson.se\/no\/wp-json\/wp\/v2\/pages\/1071\/revisions\/1675"}],"up":[{"embeddable":true,"href":"https:\/\/loops.jonolsson.se\/no\/wp-json\/wp\/v2\/pages\/1022"}],"wp:featuredmedia":[{"embeddable":true,"href":"https:\/\/loops.jonolsson.se\/no\/wp-json\/wp\/v2\/media\/1043"}],"wp:attachment":[{"href":"https:\/\/loops.jonolsson.se\/no\/wp-json\/wp\/v2\/media?parent=1071"}],"curies":[{"name":"wp","href":"https:\/\/api.w.org\/{rel}","templated":true}]}}