{"id":1079,"date":"2024-07-24T16:10:47","date_gmt":"2024-07-24T16:10:47","guid":{"rendered":"https:\/\/loops.jonolsson.se\/produkt\/utbildning\/"},"modified":"2025-04-09T17:55:06","modified_gmt":"2025-04-09T17:55:06","slug":"opplaering","status":"publish","type":"page","link":"https:\/\/loops.jonolsson.se\/no\/produkt\/opplaering\/","title":{"rendered":"Opplaering"},"content":{"rendered":"\n<div class=\"wp-block-cover alignfull\" style=\"padding-top:0;padding-right:0;padding-bottom:0;padding-left:0;min-height:450px;aspect-ratio:unset;\"><span aria-hidden=\"true\" class=\"wp-block-cover__background has-custom-ovrig-background-color has-background-dim-100 has-background-dim\"><\/span><div class=\"wp-block-cover__inner-container is-layout-flow wp-block-cover-is-layout-flow\">\n<div class=\"wp-block-group has-global-padding is-layout-constrained wp-container-core-group-is-layout-670e2573 wp-block-group-is-layout-constrained\" style=\"padding-top:var(--wp--preset--spacing--large);padding-right:var(--wp--preset--spacing--small);padding-bottom:var(--wp--preset--spacing--large);padding-left:var(--wp--preset--spacing--small)\">\n<div class=\"wp-block-group alignwide has-global-padding is-content-justification-left is-layout-constrained wp-container-core-group-is-layout-12dd3699 wp-block-group-is-layout-constrained\">\n<div class=\"wp-block-group alignwide with-text-alignment is-layout-flow wp-container-core-group-is-layout-3507b13f wp-block-group-is-layout-flow\" style=\"padding-top:0;padding-right:0;padding-bottom:0;padding-left:0\">\n<h1 class=\"wp-block-heading alignwide has-text-align-left samskolan-text-shadow has-base-color has-text-color with-text-shadow core-heading core-heading-69fb2bfa29c96\">Loops for annen oppl\u00e6ring<\/h1>\n\n\n\n<p class=\"has-text-align-left samskolan-text-shadow has-base-color has-text-color has-medium-font-size\" style=\"line-height:1.3\">Med Loops kan du holde fjernoppl\u00e6ring, delvis fjernoppl\u00e6ring eller undervise p\u00e5 stedet. Det er like enkelt \u00e5 engasjere en liten gruppe deltakere som \u00e5 l\u00e6re opp flere tusen. Med Loops som verkt\u00f8y kan du:<\/p>\n\n\n\n<div class=\"wp-block-columns alignwide is-layout-flex wp-container-core-columns-is-layout-65eef5bf wp-block-columns-is-layout-flex\">\n<div class=\"wp-block-column is-vertically-aligned-center is-layout-flow wp-block-column-is-layout-flow\" style=\"flex-basis:50%\">\n<ul class=\"wp-block-list with-icon core-list core-list-69fb2bfa2aca7\">\n<li>Forvandle enkelt materialet du har i dag til et oppdatert og interaktivt pedagogisk materiale.<\/li>\n\n\n\n<li>Lage en klar prosess for \u00e5 undervise deltakere p\u00e5 avstand eller halv-avstand<\/li>\n\n\n\n<li>Velge hvilket interaksjonsniv\u00e5 du vil ha med deltakerne under oppl\u00e6ringen<\/li>\n<\/ul>\n<\/div>\n\n\n\n<div class=\"wp-block-column is-vertically-aligned-center is-layout-flow wp-block-column-is-layout-flow\">\n<ul class=\"wp-block-list with-icon core-list core-list-69fb2bfa2fb9e\">\n<li>Samarbeide med kolleger for \u00e5 lage materialet du trenger for virksomheten din<\/li>\n\n\n\n<li>Finne nye m\u00e5ter \u00e5 n\u00e5 m\u00e5lgruppen din ved \u00e5 digitalisere undervisningen din<\/li>\n\n\n\n<li>Informere et stort antall deltakere p\u00e5 en interessant m\u00e5te og med moderne medier<\/li>\n<\/ul>\n<\/div>\n<\/div>\n<\/div>\n<\/div>\n<\/div>\n<\/div><\/div>\n\n\n\n<div class=\"wp-block-group alignfull utbildning has-background has-global-padding is-layout-constrained wp-container-core-group-is-layout-670e2573 wp-block-group-is-layout-constrained\" style=\"background-color:#0d482754;padding-top:var(--wp--preset--spacing--large);padding-right:var(--wp--preset--spacing--small);padding-bottom:var(--wp--preset--spacing--large);padding-left:var(--wp--preset--spacing--small)\">\n<h2 class=\"wp-block-heading has-text-align-center\">Inspirert av andres looper<\/h2>\n\n\n\n<p>Vil du se hva andre som bruker looper til voksenoppl\u00e6ring har valgt for bygge for looper? Klikk p\u00e5 Les mer s\u00e5 finner du eksempler p\u00e5 hvordan Loops kan brukes b\u00e5de p\u00e5 avstand og n\u00e5r gruppen du trener er der du er.<\/p>\n\n\n\n<div class=\"wp-block-query alignwide is-layout-flow wp-block-query-is-layout-flow\"><ul class=\"columns-3 wp-block-post-template is-layout-grid wp-container-core-post-template-is-layout-c494e2e5 wp-block-post-template-is-layout-grid\"><li class=\"wp-block-post post-1630 post type-post status-publish format-standard has-post-thumbnail hentry category-inspiration-no tag-utbildning-no\">\n\n<div class=\"wp-block-group featured-image-with-text-base has-global-padding is-layout-constrained wp-container-core-group-is-layout-19e250f3 wp-block-group-is-layout-constrained\" style=\"border-style:none;border-width:0px;border-radius:5px\"><figure style=\"aspect-ratio:16\/9;\" class=\"wp-block-post-featured-image\"><a href=\"https:\/\/loops.jonolsson.se\/no\/farjestad-ccm-loop-camp\/\" target=\"_self\"  ><img loading=\"lazy\" decoding=\"async\" width=\"1023\" height=\"466\" src=\"https:\/\/loops.jonolsson.se\/wp-content\/uploads\/Inspiration-Farjestad-no.webp\" class=\"attachment-large size-large wp-post-image\" alt=\"F\u00e4rjestad CCM Loop Camp\" style=\"border-radius:5px;width:100%;height:100%;object-fit:cover;\" srcset=\"https:\/\/loops.jonolsson.se\/wp-content\/uploads\/Inspiration-Farjestad-no.webp 1023w, https:\/\/loops.jonolsson.se\/wp-content\/uploads\/Inspiration-Farjestad-no-300x137.webp 300w, https:\/\/loops.jonolsson.se\/wp-content\/uploads\/Inspiration-Farjestad-no-768x350.webp 768w\" sizes=\"auto, (max-width: 1023px) 100vw, 1023px\" \/><\/a><\/figure>\n\n<h3 class=\"has-text-align-center featured-image-with-text wp-block-post-title\"><a href=\"https:\/\/loops.jonolsson.se\/no\/farjestad-ccm-loop-camp\/\" target=\"_self\" >F\u00e4rjestad CCM Loop Camp<\/a><\/h3><\/div>\n\n<\/li><li class=\"wp-block-post post-1629 post type-post status-publish format-standard has-post-thumbnail hentry category-inspiration-no tag-utbildning-no\">\n\n<div class=\"wp-block-group featured-image-with-text-base has-global-padding is-layout-constrained wp-container-core-group-is-layout-19e250f3 wp-block-group-is-layout-constrained\" style=\"border-style:none;border-width:0px;border-radius:5px\"><figure style=\"aspect-ratio:16\/9;\" class=\"wp-block-post-featured-image\"><a href=\"https:\/\/loops.jonolsson.se\/no\/rettighetsreporterne\/\" target=\"_self\"  ><img loading=\"lazy\" decoding=\"async\" width=\"1024\" height=\"533\" src=\"https:\/\/loops.jonolsson.se\/wp-content\/uploads\/Inspiration-rattighetsreportrarna-no.webp\" class=\"attachment-large size-large wp-post-image\" alt=\"Rettighetsreporterne\" style=\"border-radius:5px;width:100%;height:100%;object-fit:cover;\" srcset=\"https:\/\/loops.jonolsson.se\/wp-content\/uploads\/Inspiration-rattighetsreportrarna-no.webp 1024w, https:\/\/loops.jonolsson.se\/wp-content\/uploads\/Inspiration-rattighetsreportrarna-no-300x156.webp 300w, https:\/\/loops.jonolsson.se\/wp-content\/uploads\/Inspiration-rattighetsreportrarna-no-768x400.webp 768w\" sizes=\"auto, (max-width: 1024px) 100vw, 1024px\" \/><\/a><\/figure>\n\n<h3 class=\"has-text-align-center featured-image-with-text wp-block-post-title\"><a href=\"https:\/\/loops.jonolsson.se\/no\/rettighetsreporterne\/\" target=\"_self\" >Rettighetsreporterne<\/a><\/h3><\/div>\n\n<\/li><li class=\"wp-block-post post-1627 post type-post status-publish format-standard has-post-thumbnail hentry category-inspiration-no tag-utbildning-no\">\n\n<div class=\"wp-block-group featured-image-with-text-base has-global-padding is-layout-constrained wp-container-core-group-is-layout-19e250f3 wp-block-group-is-layout-constrained\" style=\"border-style:none;border-width:0px;border-radius:5px\"><figure style=\"aspect-ratio:16\/9;\" class=\"wp-block-post-featured-image\"><a href=\"https:\/\/loops.jonolsson.se\/no\/det-grunnleggende-i-microsoft-365\/\" target=\"_self\"  ><img loading=\"lazy\" decoding=\"async\" width=\"1024\" height=\"800\" src=\"https:\/\/loops.jonolsson.se\/wp-content\/uploads\/Inspiration-m365-no.webp\" class=\"attachment-large size-large wp-post-image\" alt=\"Det grunnleggende i Microsoft 365\" style=\"border-radius:5px;width:100%;height:100%;object-fit:cover;\" srcset=\"https:\/\/loops.jonolsson.se\/wp-content\/uploads\/Inspiration-m365-no.webp 1024w, https:\/\/loops.jonolsson.se\/wp-content\/uploads\/Inspiration-m365-no-300x234.webp 300w, https:\/\/loops.jonolsson.se\/wp-content\/uploads\/Inspiration-m365-no-768x600.webp 768w\" sizes=\"auto, (max-width: 1024px) 100vw, 1024px\" \/><\/a><\/figure>\n\n<h3 class=\"has-text-align-center featured-image-with-text wp-block-post-title\"><a href=\"https:\/\/loops.jonolsson.se\/no\/det-grunnleggende-i-microsoft-365\/\" target=\"_self\" >Det grunnleggende i Microsoft 365<\/a><\/h3><\/div>\n\n<\/li><\/ul><\/div>\n\n\n\n<div class=\"wp-block-buttons is-content-justification-center is-layout-flex wp-container-core-buttons-is-layout-a89b3969 wp-block-buttons-is-layout-flex\">\n<div class=\"wp-block-button is-style-outline is-style-outline--1\" style=\"font-style:normal;font-weight:600\"><a class=\"wp-block-button__link has-primary-color has-text-color has-link-color wp-element-button\" href=\".\/inspiration\/\" style=\"border-width:2px;padding-top:8px;padding-bottom:8px\">Les mer<\/a><\/div>\n<\/div>\n<\/div>\n\n\n\n<div class=\"wp-block-group alignfull mychild-parallax-black has-global-padding is-layout-constrained wp-block-group-is-layout-constrained\" style=\"padding-top:var(--wp--preset--spacing--x-small);padding-bottom:var(--wp--preset--spacing--x-small)\">\n<div class=\"wp-block-columns alignfull mychild-reverse-mobile is-layout-flex wp-container-core-columns-is-layout-28f84493 wp-block-columns-is-layout-flex\">\n<div class=\"wp-block-column is-vertically-aligned-center with-text-alignment is-layout-flow wp-block-column-is-layout-flow core-column core-column-69fb2bfa37e0a\" style=\"padding-top:var(--wp--preset--spacing--small);padding-right:var(--wp--preset--spacing--small);padding-bottom:var(--wp--preset--spacing--small);padding-left:var(--wp--preset--spacing--small)\">\n<h2 class=\"wp-block-heading\">Utforsk p\u00e5 egen h\u00e5nd<\/h2>\n\n\n\n<p>Opprett en gratis pr\u00f8vekonto i dag! Opplev selv hva Loops kan gj\u00f8re for \u00e5 skape effektiv og engasjerende l\u00e6ring i organisasjonen din. Testkontoen har full funksjonalitet i 45 dager.<\/p>\n\n\n\n<div class=\"wp-block-buttons is-content-justification-center is-layout-flex wp-container-core-buttons-is-layout-a89b3969 wp-block-buttons-is-layout-flex\">\n<div class=\"wp-block-button is-style-outline is-style-outline--2\" style=\"font-style:normal;font-weight:600\"><a class=\"wp-block-button__link has-primary-color has-text-color has-link-color wp-element-button\" href=\"https:\/\/loops.jonolsson.se\/no\/produkt\/prov-loops\/\" style=\"border-width:2px;padding-top:8px;padding-bottom:8px\">Les mer<\/a><\/div>\n<\/div>\n<\/div>\n\n\n\n<div class=\"wp-block-column is-vertically-aligned-center is-layout-flow wp-block-column-is-layout-flow\" style=\"flex-basis:50%\">\n<figure class=\"wp-block-image aligncenter size-full\"><img loading=\"lazy\" decoding=\"async\" width=\"720\" height=\"404\" src=\"https:\/\/loops.jonolsson.se\/wp-content\/uploads\/Loops-Learn.gif\" alt=\"\" class=\"wp-image-252\"\/><\/figure>\n<\/div>\n<\/div>\n<\/div>\n\n\n\n<div class=\"wp-block-group alignfull utbildning has-background has-global-padding is-layout-constrained wp-container-core-group-is-layout-670e2573 wp-block-group-is-layout-constrained\" style=\"background-color:#0d482754;padding-top:var(--wp--preset--spacing--large);padding-right:var(--wp--preset--spacing--small);padding-bottom:var(--wp--preset--spacing--large);padding-left:var(--wp--preset--spacing--small)\">\n<h2 class=\"wp-block-heading has-text-align-center\">Brukerhistorier<\/h2>\n\n\n\n<p>Hvis du vil v\u00e6re oppleve hva utdanningsbedriftene og voksenoppl\u00e6ringen som bruker Loops i dag har \u00e5 si.<\/p>\n\n\n\n<div class=\"wp-block-query alignwide is-layout-flow wp-block-query-is-layout-flow\"><ul class=\"columns-3 wp-block-post-template is-layout-grid wp-container-core-post-template-is-layout-c494e2e5 wp-block-post-template-is-layout-grid\"><li class=\"wp-block-post post-1482 post type-post status-publish format-standard has-post-thumbnail hentry category-user-stories-no tag-utbildning-no\">\n\n<div class=\"wp-block-group featured-image-with-text-base has-base-background-color has-background is-vertical is-content-justification-center is-layout-flex wp-container-core-group-is-layout-8f5e43e0 wp-block-group-is-layout-flex\" style=\"border-style:none;border-width:0px;border-radius:5px;min-height:100%\"><figure style=\"aspect-ratio:16\/9;height:100%;\" class=\"wp-block-post-featured-image\"><a href=\"https:\/\/loops.jonolsson.se\/no\/ihm-business-school\/\" target=\"_self\"  style=\"height:100%\"><img loading=\"lazy\" decoding=\"async\" width=\"862\" height=\"248\" src=\"https:\/\/loops.jonolsson.se\/wp-content\/uploads\/user-stories-ihm.png\" class=\"attachment-full size-full wp-post-image\" alt=\"IHM Business School\" style=\"border-radius:5px;width:100%;height:100%;object-fit:contain;\" srcset=\"https:\/\/loops.jonolsson.se\/wp-content\/uploads\/user-stories-ihm.png 862w, https:\/\/loops.jonolsson.se\/wp-content\/uploads\/user-stories-ihm-300x86.png 300w, https:\/\/loops.jonolsson.se\/wp-content\/uploads\/user-stories-ihm-768x221.png 768w\" sizes=\"auto, (max-width: 862px) 100vw, 862px\" \/><\/a><\/figure>\n\n<h3 class=\"has-text-align-center featured-image-with-text wp-block-post-title\"><a href=\"https:\/\/loops.jonolsson.se\/no\/ihm-business-school\/\" target=\"_self\" >IHM Business School<\/a><\/h3><\/div>\n\n<\/li><li class=\"wp-block-post post-1485 post type-post status-publish format-standard has-post-thumbnail hentry category-user-stories-no tag-utbildning-no\">\n\n<div class=\"wp-block-group featured-image-with-text-base has-base-background-color has-background is-vertical is-content-justification-center is-layout-flex wp-container-core-group-is-layout-8f5e43e0 wp-block-group-is-layout-flex\" style=\"border-style:none;border-width:0px;border-radius:5px;min-height:100%\"><figure style=\"aspect-ratio:16\/9;height:100%;\" class=\"wp-block-post-featured-image\"><a href=\"https:\/\/loops.jonolsson.se\/no\/karisma-utbildning\/\" target=\"_self\"  style=\"height:100%\"><img loading=\"lazy\" decoding=\"async\" width=\"200\" height=\"200\" src=\"https:\/\/loops.jonolsson.se\/wp-content\/uploads\/user-stories-karisma.png\" class=\"attachment-full size-full wp-post-image\" alt=\"Karisma utbildning\" style=\"border-radius:5px;width:100%;height:100%;object-fit:contain;\" srcset=\"https:\/\/loops.jonolsson.se\/wp-content\/uploads\/user-stories-karisma.png 200w, https:\/\/loops.jonolsson.se\/wp-content\/uploads\/user-stories-karisma-150x150.png 150w\" sizes=\"auto, (max-width: 200px) 100vw, 200px\" \/><\/a><\/figure>\n\n<h3 class=\"has-text-align-center featured-image-with-text wp-block-post-title\"><a href=\"https:\/\/loops.jonolsson.se\/no\/karisma-utbildning\/\" target=\"_self\" >Karisma utbildning<\/a><\/h3><\/div>\n\n<\/li><li class=\"wp-block-post post-1493 post type-post status-publish format-standard has-post-thumbnail hentry category-user-stories-no tag-utbildning-no\">\n\n<div class=\"wp-block-group featured-image-with-text-base has-base-background-color has-background is-vertical is-content-justification-center is-layout-flex wp-container-core-group-is-layout-8f5e43e0 wp-block-group-is-layout-flex\" style=\"border-style:none;border-width:0px;border-radius:5px;min-height:100%\"><figure style=\"aspect-ratio:16\/9;height:100%;\" class=\"wp-block-post-featured-image\"><a href=\"https:\/\/loops.jonolsson.se\/no\/mr-piloterna\/\" target=\"_self\"  style=\"height:100%\"><img loading=\"lazy\" decoding=\"async\" width=\"706\" height=\"326\" src=\"https:\/\/loops.jonolsson.se\/wp-content\/uploads\/user-stories-mr-piloterna.png\" class=\"attachment-full size-full wp-post-image\" alt=\"MR-piloterna\" style=\"border-radius:5px;width:100%;height:100%;object-fit:contain;\" srcset=\"https:\/\/loops.jonolsson.se\/wp-content\/uploads\/user-stories-mr-piloterna.png 706w, https:\/\/loops.jonolsson.se\/wp-content\/uploads\/user-stories-mr-piloterna-300x139.png 300w\" sizes=\"auto, (max-width: 706px) 100vw, 706px\" \/><\/a><\/figure>\n\n<h3 class=\"has-text-align-center featured-image-with-text wp-block-post-title\"><a href=\"https:\/\/loops.jonolsson.se\/no\/mr-piloterna\/\" target=\"_self\" >MR-piloterna<\/a><\/h3><\/div>\n\n<\/li><\/ul><\/div>\n<\/div>\n\n\n\n<div class=\"wp-block-group alignfull mychild-parallax-black has-global-padding is-layout-constrained wp-block-group-is-layout-constrained\">\n<div class=\"wp-block-columns alignfull mychild-reverse-mobile is-layout-flex wp-container-core-columns-is-layout-28f84493 wp-block-columns-is-layout-flex\">\n<div class=\"wp-block-column is-vertically-aligned-center with-text-alignment is-layout-flow wp-block-column-is-layout-flow core-column core-column-69fb2bfa3d7e7\" style=\"padding-top:var(--wp--preset--spacing--medium);padding-right:var(--wp--preset--spacing--small);padding-bottom:var(--wp--preset--spacing--medium);padding-left:var(--wp--preset--spacing--small)\">\n<h2 class=\"wp-block-heading\">Loops i ditt digitale milj\u00f8<\/h2>\n\n\n\n<p>Les mer om hvordan Loops fungerer sammen med dine eksisterende digitale milj\u00f8er, og hvordan du enkelt kan komme i gang med Loops gjennom en jevn import eller din n\u00e5v\u00e6rende l\u00f8sning for enkel p\u00e5logging.<\/p>\n\n\n\n<figure class=\"wp-block-image aligncenter size-large is-resized\"><img loading=\"lazy\" decoding=\"async\" width=\"1024\" height=\"243\" src=\"https:\/\/loops.jonolsson.se\/wp-content\/uploads\/Eko-share-1024x243.png\" alt=\"\" class=\"wp-image-324\" style=\"width:200px\" srcset=\"https:\/\/loops.jonolsson.se\/wp-content\/uploads\/Eko-share-1024x243.png 1024w, https:\/\/loops.jonolsson.se\/wp-content\/uploads\/Eko-share-300x71.png 300w, https:\/\/loops.jonolsson.se\/wp-content\/uploads\/Eko-share-768x182.png 768w, https:\/\/loops.jonolsson.se\/wp-content\/uploads\/Eko-share.png 1500w\" sizes=\"auto, (max-width: 1024px) 100vw, 1024px\" \/><\/figure>\n\n\n\n<div class=\"wp-block-buttons is-content-justification-center is-layout-flex wp-container-core-buttons-is-layout-a89b3969 wp-block-buttons-is-layout-flex\">\n<div class=\"wp-block-button is-style-outline is-style-outline--3\" style=\"font-style:normal;font-weight:600\"><a class=\"wp-block-button__link has-primary-color has-text-color has-link-color wp-element-button\" href=\"\/no\/produkt\/#eko\" style=\"border-width:2px;padding-top:8px;padding-bottom:8px\">Les mer<\/a><\/div>\n<\/div>\n<\/div>\n\n\n\n<div class=\"wp-block-column is-vertically-aligned-center is-layout-flow wp-block-column-is-layout-flow\" style=\"flex-basis:50%\">\n<figure class=\"wp-block-video\"><video height=\"404\" style=\"aspect-ratio: 720 \/ 404;\" width=\"720\" autoplay loop muted src=\"https:\/\/loops.jonolsson.se\/wp-content\/uploads\/Loops-eko.mp4\" playsinline><\/video><\/figure>\n<\/div>\n<\/div>\n<\/div>\n\n\n\n<div class=\"wp-block-group alignfull mychild-parallax-darkgrey has-global-padding is-layout-constrained wp-container-core-group-is-layout-dbf27b9b wp-block-group-is-layout-constrained\" style=\"padding-top:var(--wp--preset--spacing--small);padding-right:var(--wp--preset--spacing--small);padding-bottom:var(--wp--preset--spacing--small);padding-left:var(--wp--preset--spacing--small)\">\n<div class=\"wp-block-columns alignfull mychild-reverse-mobile is-layout-flex wp-container-core-columns-is-layout-28f84493 wp-block-columns-is-layout-flex\">\n<div class=\"wp-block-column is-vertically-aligned-center with-text-alignment is-layout-flow wp-block-column-is-layout-flow core-column core-column-69fb2bfa3ee7b\" style=\"padding-top:var(--wp--preset--spacing--small);padding-right:var(--wp--preset--spacing--small);padding-bottom:var(--wp--preset--spacing--small);padding-left:var(--wp--preset--spacing--small)\">\n<h2 class=\"wp-block-heading\">Hva koster Loops?<\/h2>\n\n\n\n<p>I Loops kj\u00f8per du lisenser for l\u00e6rere eller pedagogiske ledere, og med disse lisensene f\u00f8lger en rekke student- eller deltakerlisenser. Vi har forskjellige priser for grunnskolen og bedrifter, s\u00e5 vel som det vi kaller annen oppl\u00e6ring. Klikk p\u00e5 les mer for \u00e5 se hva kostnaden vil v\u00e6re for virksomheten din.<\/p>\n\n\n\n<div class=\"wp-block-buttons is-content-justification-center is-layout-flex wp-container-core-buttons-is-layout-a89b3969 wp-block-buttons-is-layout-flex\">\n<div class=\"wp-block-button is-style-outline is-style-outline--4\" style=\"font-style:normal;font-weight:600\"><a class=\"wp-block-button__link has-primary-color has-text-color has-link-color wp-element-button\" href=\"\/no\/produkt\/pris\/\" style=\"border-width:2px;padding-top:8px;padding-bottom:8px\">Les mer<\/a><\/div>\n<\/div>\n<\/div>\n\n\n\n<div class=\"wp-block-column is-vertically-aligned-center is-layout-flow wp-block-column-is-layout-flow\" style=\"padding-top:var(--wp--preset--spacing--x-small);padding-right:var(--wp--preset--spacing--small);padding-bottom:var(--wp--preset--spacing--x-small);padding-left:var(--wp--preset--spacing--small);flex-basis:50%\">\n<figure class=\"wp-block-image aligncenter size-full has-custom-border\"><a href=\"https:\/\/loops.jonolsson.se\/wp-content\/uploads\/Engelska-byggifen.gif\"><img loading=\"lazy\" decoding=\"async\" width=\"720\" height=\"416\" src=\"https:\/\/loops.jonolsson.se\/wp-content\/uploads\/Engelska-byggifen.gif\" alt=\"\" class=\"wp-image-312\" style=\"border-radius:5px\"\/><\/a><\/figure>\n<\/div>\n<\/div>\n<\/div>\n\n\n\n<div class=\"wp-block-group alignfull has-custom-ovrig-background-color has-background has-global-padding is-layout-constrained wp-container-core-group-is-layout-5287f2a8 wp-block-group-is-layout-constrained\" style=\"padding-top:var(--wp--preset--spacing--x-large);padding-right:var(--wp--preset--spacing--small);padding-bottom:var(--wp--preset--spacing--x-large);padding-left:var(--wp--preset--spacing--small)\">\n<div class=\"wp-block-columns alignwide are-vertically-aligned-bottom is-layout-flex wp-container-core-columns-is-layout-28f84493 wp-block-columns-is-layout-flex\">\n<div class=\"wp-block-column is-vertically-aligned-bottom is-layout-flow wp-block-column-is-layout-flow\">\n<div class=\"wp-block-group has-global-padding is-layout-constrained wp-container-core-group-is-layout-7d0d3654 wp-block-group-is-layout-constrained\" style=\"border-style:none;border-width:0px;border-top-left-radius:5px;border-top-right-radius:5px;border-bottom-left-radius:5px;border-bottom-right-radius:5px\">\n<h3 class=\"wp-block-heading has-text-align-center\">Loops for skole<\/h3>\n\n\n\n<div class=\"wp-block-buttons is-content-justification-center is-layout-flex wp-container-core-buttons-is-layout-a89b3969 wp-block-buttons-is-layout-flex\">\n<div class=\"wp-block-button\"><a class=\"wp-block-button__link has-custom-grundskolan-background-color has-background wp-element-button\" href=\"https:\/\/loops.jonolsson.se\/no\/produkt\/skole\/\">Les mer<\/a><\/div>\n<\/div>\n<\/div>\n<\/div>\n\n\n\n<div class=\"wp-block-column is-vertically-aligned-bottom is-layout-flow wp-block-column-is-layout-flow\">\n<div class=\"wp-block-group has-global-padding is-layout-constrained wp-container-core-group-is-layout-7d0d3654 wp-block-group-is-layout-constrained\" style=\"border-style:none;border-width:0px;border-top-left-radius:5px;border-top-right-radius:5px;border-bottom-left-radius:5px;border-bottom-right-radius:5px\">\n<h3 class=\"wp-block-heading has-text-align-center\">Loops for bedrifter<\/h3>\n\n\n\n<div class=\"wp-block-buttons is-content-justification-center is-layout-flex wp-container-core-buttons-is-layout-a89b3969 wp-block-buttons-is-layout-flex\">\n<div class=\"wp-block-button\"><a class=\"wp-block-button__link has-custom-foretag-background-color has-background wp-element-button\" href=\"https:\/\/loops.jonolsson.se\/no\/produkt\/bedrifter\/\">Les mer<\/a><\/div>\n<\/div>\n<\/div>\n<\/div>\n<\/div>\n<\/div>\n","protected":false},"excerpt":{"rendered":"<p>Inspirert av andres looper Vil du se hva andre som bruker looper til voksenoppl\u00e6ring har valgt for bygge for looper? Klikk p\u00e5 Les mer s\u00e5 finner du eksempler p\u00e5 hvordan Loops kan brukes b\u00e5de p\u00e5 avstand og n\u00e5r gruppen du trener er der du er. Utforsk p\u00e5 egen h\u00e5nd Opprett en gratis pr\u00f8vekonto i dag! [&hellip;]<\/p>\n","protected":false},"author":1,"featured_media":1034,"parent":1022,"menu_order":0,"comment_status":"closed","ping_status":"closed","template":"","meta":{"_acf_changed":false,"footnotes":""},"class_list":["post-1079","page","type-page","status-publish","has-post-thumbnail","hentry"],"acf":[],"mb":[],"mfb_rest_fields":["title"],"_links":{"self":[{"href":"https:\/\/loops.jonolsson.se\/no\/wp-json\/wp\/v2\/pages\/1079","targetHints":{"allow":["GET"]}}],"collection":[{"href":"https:\/\/loops.jonolsson.se\/no\/wp-json\/wp\/v2\/pages"}],"about":[{"href":"https:\/\/loops.jonolsson.se\/no\/wp-json\/wp\/v2\/types\/page"}],"author":[{"embeddable":true,"href":"https:\/\/loops.jonolsson.se\/no\/wp-json\/wp\/v2\/users\/1"}],"replies":[{"embeddable":true,"href":"https:\/\/loops.jonolsson.se\/no\/wp-json\/wp\/v2\/comments?post=1079"}],"version-history":[{"count":5,"href":"https:\/\/loops.jonolsson.se\/no\/wp-json\/wp\/v2\/pages\/1079\/revisions"}],"predecessor-version":[{"id":1677,"href":"https:\/\/loops.jonolsson.se\/no\/wp-json\/wp\/v2\/pages\/1079\/revisions\/1677"}],"up":[{"embeddable":true,"href":"https:\/\/loops.jonolsson.se\/no\/wp-json\/wp\/v2\/pages\/1022"}],"wp:featuredmedia":[{"embeddable":true,"href":"https:\/\/loops.jonolsson.se\/no\/wp-json\/wp\/v2\/media\/1034"}],"wp:attachment":[{"href":"https:\/\/loops.jonolsson.se\/no\/wp-json\/wp\/v2\/media?parent=1079"}],"curies":[{"name":"wp","href":"https:\/\/api.w.org\/{rel}","templated":true}]}}