{"id":1095,"date":"2024-07-26T15:52:57","date_gmt":"2024-07-26T15:52:57","guid":{"rendered":"https:\/\/loops.jonolsson.se\/produkt\/utbildning\/inspiration\/"},"modified":"2025-04-09T09:14:14","modified_gmt":"2025-04-09T09:14:14","slug":"inspiration","status":"publish","type":"page","link":"https:\/\/loops.jonolsson.se\/no\/produkt\/opplaering\/inspiration\/","title":{"rendered":"Inspiration"},"content":{"rendered":"\n<div class=\"wp-block-cover alignfull\" style=\"padding-top:0;padding-right:0;padding-bottom:0;padding-left:0;min-height:450px;aspect-ratio:unset;\"><span aria-hidden=\"true\" class=\"wp-block-cover__background has-custom-ovrig-background-color has-background-dim-100 has-background-dim\"><\/span><div class=\"wp-block-cover__inner-container is-layout-flow wp-block-cover-is-layout-flow\">\n<div class=\"wp-block-group has-global-padding is-layout-constrained wp-container-core-group-is-layout-0ca5253d wp-block-group-is-layout-constrained\" style=\"padding-top:var(--wp--preset--spacing--medium);padding-right:var(--wp--preset--spacing--small);padding-bottom:var(--wp--preset--spacing--medium);padding-left:var(--wp--preset--spacing--small)\">\n<div class=\"wp-block-group alignwide has-global-padding is-content-justification-left is-layout-constrained wp-container-core-group-is-layout-12dd3699 wp-block-group-is-layout-constrained\">\n<div class=\"wp-block-group alignwide with-text-alignment is-layout-flow wp-container-core-group-is-layout-3507b13f wp-block-group-is-layout-flow\" style=\"padding-top:0;padding-right:0;padding-bottom:0;padding-left:0\">\n<h1 class=\"wp-block-heading alignwide has-text-align-left samskolan-text-shadow has-base-color has-text-color with-text-shadow core-heading core-heading-69fb3bbd1bf46\">Inspirert av andres looper!<\/h1>\n\n\n\n<p class=\"has-text-align-left samskolan-text-shadow has-base-color has-text-color has-medium-font-size\" style=\"line-height:1.3\">Loops brukes i et bredt spekter av utdanninger. Nedenfor ser du eksempler p\u00e5 looper som omhandler s\u00e5 mangfoldige ting som &#8230;<\/p>\n<\/div>\n<\/div>\n<\/div>\n<\/div><\/div>\n\n\n\n<div class=\"wp-block-group alignfull mychild-parallax-grey has-background has-global-padding is-layout-constrained wp-container-core-group-is-layout-dbf27b9b wp-block-group-is-layout-constrained\" style=\"background-color:#0d482754;padding-top:var(--wp--preset--spacing--small);padding-right:var(--wp--preset--spacing--small);padding-bottom:var(--wp--preset--spacing--small);padding-left:var(--wp--preset--spacing--small)\">\n<div class=\"wp-block-query alignwide is-layout-flow wp-block-query-is-layout-flow\"><ul class=\"wp-block-post-template is-layout-flow wp-container-core-post-template-is-layout-582de10d wp-block-post-template-is-layout-flow\"><li class=\"wp-block-post post-1627 post type-post status-publish format-standard has-post-thumbnail hentry category-inspiration-no tag-utbildning-no\">\n\n<div class=\"wp-block-columns alignfull mychild-reverse-mobile is-layout-flex wp-container-core-columns-is-layout-28f84493 wp-block-columns-is-layout-flex\">\n<div class=\"wp-block-column is-vertically-aligned-center is-layout-flow wp-block-column-is-layout-flow\" style=\"padding-top:var(--wp--preset--spacing--x-small);padding-right:var(--wp--preset--spacing--small);padding-bottom:var(--wp--preset--spacing--x-small);padding-left:var(--wp--preset--spacing--small);flex-basis:50%\"><figure style=\"aspect-ratio:4\/3;\" class=\"wp-block-post-featured-image\"><img loading=\"lazy\" decoding=\"async\" width=\"1024\" height=\"800\" src=\"https:\/\/loops.jonolsson.se\/wp-content\/uploads\/Inspiration-m365-no.webp\" class=\"attachment-post-thumbnail size-post-thumbnail wp-post-image\" alt=\"\" style=\"width:100%;height:100%;object-fit:contain;\" srcset=\"https:\/\/loops.jonolsson.se\/wp-content\/uploads\/Inspiration-m365-no.webp 1024w, https:\/\/loops.jonolsson.se\/wp-content\/uploads\/Inspiration-m365-no-300x234.webp 300w, https:\/\/loops.jonolsson.se\/wp-content\/uploads\/Inspiration-m365-no-768x600.webp 768w\" sizes=\"auto, (max-width: 1024px) 100vw, 1024px\" \/><\/figure><\/div>\n\n\n\n<div class=\"wp-block-column is-vertically-aligned-center with-text-alignment is-layout-flow wp-block-column-is-layout-flow core-column core-column-69fb3bbd27bb6\" style=\"padding-top:var(--wp--preset--spacing--x-small);padding-right:var(--wp--preset--spacing--small);padding-bottom:var(--wp--preset--spacing--x-small);padding-left:var(--wp--preset--spacing--small)\"><h2 class=\"wp-block-post-title\">Det grunnleggende i Microsoft 365<\/h2>\n\n<div class=\"entry-content wp-block-post-content is-layout-flow wp-block-post-content-is-layout-flow\">\n<p>I denne loopen kan du arbeide uavhengig med det grunnleggende i Microsoft 365 eller med kolleger for \u00e5 utvikle fagfellesskap. De forskjellige hubene kan bearbeides sammen eller hver for seg, du kan velge det du er interessert i!<\/p>\n\n\n\n<p><em>Loopen \u00e4r p\u00e5 svenska.<\/em><\/p>\n\n\n\n<div class=\"wp-block-buttons is-content-justification-left is-layout-flex wp-container-core-buttons-is-layout-fc4fd283 wp-block-buttons-is-layout-flex\">\n<div class=\"wp-block-button is-style-outline is-style-outline--1\" style=\"font-style:normal;font-weight:600\"><a class=\"wp-block-button__link has-primary-color has-text-color has-link-color wp-element-button\" href=\"https:\/\/loops.education\/l\/2mL4zYXx\" style=\"border-width:2px;padding-top:8px;padding-bottom:8px\" target=\"_blank\" rel=\"noreferrer noopener\">G\u00e5 til Loopen<\/a><\/div>\n<\/div>\n<\/div><\/div>\n<\/div>\n\n<\/li><li class=\"wp-block-post post-1630 post type-post status-publish format-standard has-post-thumbnail hentry category-inspiration-no tag-utbildning-no\">\n\n<div class=\"wp-block-columns alignfull mychild-reverse-mobile is-layout-flex wp-container-core-columns-is-layout-28f84493 wp-block-columns-is-layout-flex\">\n<div class=\"wp-block-column is-vertically-aligned-center is-layout-flow wp-block-column-is-layout-flow\" style=\"padding-top:var(--wp--preset--spacing--x-small);padding-right:var(--wp--preset--spacing--small);padding-bottom:var(--wp--preset--spacing--x-small);padding-left:var(--wp--preset--spacing--small);flex-basis:50%\"><figure style=\"aspect-ratio:4\/3;\" class=\"wp-block-post-featured-image\"><img loading=\"lazy\" decoding=\"async\" width=\"1023\" height=\"466\" src=\"https:\/\/loops.jonolsson.se\/wp-content\/uploads\/Inspiration-Farjestad-no.webp\" class=\"attachment-post-thumbnail size-post-thumbnail wp-post-image\" alt=\"\" style=\"width:100%;height:100%;object-fit:contain;\" srcset=\"https:\/\/loops.jonolsson.se\/wp-content\/uploads\/Inspiration-Farjestad-no.webp 1023w, https:\/\/loops.jonolsson.se\/wp-content\/uploads\/Inspiration-Farjestad-no-300x137.webp 300w, https:\/\/loops.jonolsson.se\/wp-content\/uploads\/Inspiration-Farjestad-no-768x350.webp 768w\" sizes=\"auto, (max-width: 1023px) 100vw, 1023px\" \/><\/figure><\/div>\n\n\n\n<div class=\"wp-block-column is-vertically-aligned-center with-text-alignment is-layout-flow wp-block-column-is-layout-flow core-column core-column-69fb3bbd28b67\" style=\"padding-top:var(--wp--preset--spacing--x-small);padding-right:var(--wp--preset--spacing--small);padding-bottom:var(--wp--preset--spacing--x-small);padding-left:var(--wp--preset--spacing--small)\"><h2 class=\"wp-block-post-title\">F\u00e4rjestad CCM Loop Camp<\/h2>\n\n<div class=\"entry-content wp-block-post-content is-layout-flow wp-block-post-content-is-layout-flow\">\n<p>S\u00e5 g\u00f8y at du deltar i F\u00e4rjestad CCM Loops Camp. Her vil du kunne gjennomf\u00f8re en leirdag helt digitalt. Knutepunktene samsvarer med de forskjellige aktivitetene p\u00e5 timeplanen i l\u00f8pet av en dag p\u00e5 F\u00e4rjestad CCM Hockey Camp. Her f\u00e5r du trene dine ferdigheter innen sk\u00f8yteteknikk, puckh\u00e5ndtering, spillforst\u00e5else samt fysisk trening og mental trening.<\/p>\n\n\n\n<p><em>Loopen er p\u00e5 svensk.<\/em><\/p>\n\n\n\n<div class=\"wp-block-buttons is-content-justification-left is-layout-flex wp-container-core-buttons-is-layout-fc4fd283 wp-block-buttons-is-layout-flex\">\n<div class=\"wp-block-button is-style-outline is-style-outline--2\" style=\"font-style:normal;font-weight:600\"><a class=\"wp-block-button__link has-primary-color has-text-color has-link-color wp-element-button\" href=\"https:\/\/loops.education\/l\/X81xMBQj\" style=\"border-width:2px;padding-top:8px;padding-bottom:8px\" target=\"_blank\" rel=\"noreferrer noopener\">G\u00e5 til Loopen<\/a><\/div>\n<\/div>\n<\/div><\/div>\n<\/div>\n\n<\/li><li class=\"wp-block-post post-1629 post type-post status-publish format-standard has-post-thumbnail hentry category-inspiration-no tag-utbildning-no\">\n\n<div class=\"wp-block-columns alignfull mychild-reverse-mobile is-layout-flex wp-container-core-columns-is-layout-28f84493 wp-block-columns-is-layout-flex\">\n<div class=\"wp-block-column is-vertically-aligned-center is-layout-flow wp-block-column-is-layout-flow\" style=\"padding-top:var(--wp--preset--spacing--x-small);padding-right:var(--wp--preset--spacing--small);padding-bottom:var(--wp--preset--spacing--x-small);padding-left:var(--wp--preset--spacing--small);flex-basis:50%\"><figure style=\"aspect-ratio:4\/3;\" class=\"wp-block-post-featured-image\"><img loading=\"lazy\" decoding=\"async\" width=\"1024\" height=\"533\" src=\"https:\/\/loops.jonolsson.se\/wp-content\/uploads\/Inspiration-rattighetsreportrarna-no.webp\" class=\"attachment-post-thumbnail size-post-thumbnail wp-post-image\" alt=\"\" style=\"width:100%;height:100%;object-fit:contain;\" srcset=\"https:\/\/loops.jonolsson.se\/wp-content\/uploads\/Inspiration-rattighetsreportrarna-no.webp 1024w, https:\/\/loops.jonolsson.se\/wp-content\/uploads\/Inspiration-rattighetsreportrarna-no-300x156.webp 300w, https:\/\/loops.jonolsson.se\/wp-content\/uploads\/Inspiration-rattighetsreportrarna-no-768x400.webp 768w\" sizes=\"auto, (max-width: 1024px) 100vw, 1024px\" \/><\/figure><\/div>\n\n\n\n<div class=\"wp-block-column is-vertically-aligned-center with-text-alignment is-layout-flow wp-block-column-is-layout-flow core-column core-column-69fb3bbd2976a\" style=\"padding-top:var(--wp--preset--spacing--x-small);padding-right:var(--wp--preset--spacing--small);padding-bottom:var(--wp--preset--spacing--x-small);padding-left:var(--wp--preset--spacing--small)\"><h2 class=\"wp-block-post-title\">Rettighetsreporterne<\/h2>\n\n<div class=\"entry-content wp-block-post-content is-layout-flow wp-block-post-content-is-layout-flow\">\n<p>Rettighetsreporterne er en loop om menneskerettigheter og unges rett til innflytelse, der elevene unders\u00f8ker hvordan skolen lever opp til FNs barnekonvensjon.<\/p>\n\n\n\n<p><em>Loopen er p\u00e5 svensk.<\/em><\/p>\n\n\n\n<div class=\"wp-block-buttons is-content-justification-left is-layout-flex wp-container-core-buttons-is-layout-fc4fd283 wp-block-buttons-is-layout-flex\">\n<div class=\"wp-block-button is-style-outline is-style-outline--3\" style=\"font-style:normal;font-weight:600\"><a class=\"wp-block-button__link has-primary-color has-text-color has-link-color wp-element-button\" href=\"https:\/\/loops.education\/l\/YdAvCVgf\" style=\"border-width:2px;padding-top:8px;padding-bottom:8px\" target=\"_blank\" rel=\"noreferrer noopener\">G\u00e5 til Loopen<\/a><\/div>\n<\/div>\n<\/div><\/div>\n<\/div>\n\n<\/li><\/ul><\/div>\n<\/div>\n\n\n\n<div class=\"wp-block-group alignfull mychild-parallax-black has-global-padding is-layout-constrained wp-block-group-is-layout-constrained\">\n<div class=\"wp-block-columns alignfull mychild-reverse-mobile is-layout-flex wp-container-core-columns-is-layout-28f84493 wp-block-columns-is-layout-flex\">\n<div class=\"wp-block-column is-vertically-aligned-center with-text-alignment is-layout-flow wp-block-column-is-layout-flow core-column core-column-69fb3bbd2a5f3\" style=\"padding-top:var(--wp--preset--spacing--medium);padding-right:var(--wp--preset--spacing--small);padding-bottom:var(--wp--preset--spacing--medium);padding-left:var(--wp--preset--spacing--small)\">\n<h2 class=\"wp-block-heading\">Loops i ditt digitale milj\u00f8<\/h2>\n\n\n\n<p>Les mer om hvordan Loops fungerer sammen med dine eksisterende digitale milj\u00f8er, og hvordan du enkelt kan komme i gang med Loops gjennom en jevn import eller din n\u00e5v\u00e6rende l\u00f8sning for enkel p\u00e5logging.<\/p>\n\n\n\n<figure class=\"wp-block-image aligncenter size-large is-resized\"><img loading=\"lazy\" decoding=\"async\" width=\"1024\" height=\"243\" src=\"https:\/\/loops.jonolsson.se\/wp-content\/uploads\/Eko-share-1024x243.png\" alt=\"\" class=\"wp-image-324\" style=\"width:200px\" srcset=\"https:\/\/loops.jonolsson.se\/wp-content\/uploads\/Eko-share-1024x243.png 1024w, https:\/\/loops.jonolsson.se\/wp-content\/uploads\/Eko-share-300x71.png 300w, https:\/\/loops.jonolsson.se\/wp-content\/uploads\/Eko-share-768x182.png 768w, https:\/\/loops.jonolsson.se\/wp-content\/uploads\/Eko-share.png 1500w\" sizes=\"auto, (max-width: 1024px) 100vw, 1024px\" \/><\/figure>\n\n\n\n<div class=\"wp-block-buttons is-content-justification-center is-layout-flex wp-container-core-buttons-is-layout-a89b3969 wp-block-buttons-is-layout-flex\">\n<div class=\"wp-block-button is-style-outline is-style-outline--4\" style=\"font-style:normal;font-weight:600\"><a class=\"wp-block-button__link has-primary-color has-text-color has-link-color wp-element-button\" href=\"\/no\/produkt\/#eko\" style=\"border-width:2px;padding-top:8px;padding-bottom:8px\">Les mer<\/a><\/div>\n<\/div>\n<\/div>\n\n\n\n<div class=\"wp-block-column is-vertically-aligned-center is-layout-flow wp-block-column-is-layout-flow\" style=\"flex-basis:50%\">\n<figure class=\"wp-block-video\"><video height=\"404\" style=\"aspect-ratio: 720 \/ 404;\" width=\"720\" autoplay loop muted src=\"https:\/\/loops.jonolsson.se\/wp-content\/uploads\/Loops-eko.mp4\" playsinline><\/video><\/figure>\n<\/div>\n<\/div>\n<\/div>\n\n\n\n<div class=\"wp-block-group alignfull mychild-parallax-darkgrey has-global-padding is-layout-constrained wp-container-core-group-is-layout-dbf27b9b wp-block-group-is-layout-constrained\" style=\"padding-top:var(--wp--preset--spacing--small);padding-right:var(--wp--preset--spacing--small);padding-bottom:var(--wp--preset--spacing--small);padding-left:var(--wp--preset--spacing--small)\">\n<div class=\"wp-block-columns alignfull mychild-reverse-mobile is-layout-flex wp-container-core-columns-is-layout-28f84493 wp-block-columns-is-layout-flex\">\n<div class=\"wp-block-column is-vertically-aligned-center with-text-alignment is-layout-flow wp-block-column-is-layout-flow core-column core-column-69fb3bbd2b3b3\" style=\"padding-top:var(--wp--preset--spacing--small);padding-right:var(--wp--preset--spacing--small);padding-bottom:var(--wp--preset--spacing--small);padding-left:var(--wp--preset--spacing--small)\">\n<h2 class=\"wp-block-heading\">Hva koster Loops?<\/h2>\n\n\n\n<p>I Loops kj\u00f8per du lisenser for l\u00e6rere eller pedagogiske ledere, og med disse lisensene f\u00f8lger en rekke student- eller deltakerlisenser. Vi har forskjellige priser for grunnskolen og bedrifter, s\u00e5 vel som det vi kaller annen oppl\u00e6ring. Klikk p\u00e5 les mer for \u00e5 se hva kostnaden vil v\u00e6re for virksomheten din.<\/p>\n\n\n\n<div class=\"wp-block-buttons is-content-justification-center is-layout-flex wp-container-core-buttons-is-layout-a89b3969 wp-block-buttons-is-layout-flex\">\n<div class=\"wp-block-button is-style-outline is-style-outline--5\" style=\"font-style:normal;font-weight:600\"><a class=\"wp-block-button__link has-primary-color has-text-color has-link-color wp-element-button\" href=\"\/no\/produkt\/pris\/\" style=\"border-width:2px;padding-top:8px;padding-bottom:8px\">Les mer<\/a><\/div>\n<\/div>\n<\/div>\n\n\n\n<div class=\"wp-block-column is-vertically-aligned-center is-layout-flow wp-block-column-is-layout-flow\" style=\"padding-top:var(--wp--preset--spacing--x-small);padding-right:var(--wp--preset--spacing--small);padding-bottom:var(--wp--preset--spacing--x-small);padding-left:var(--wp--preset--spacing--small);flex-basis:50%\">\n<figure class=\"wp-block-image aligncenter size-full has-custom-border\"><a href=\"https:\/\/loops.jonolsson.se\/wp-content\/uploads\/Engelska-byggifen.gif\"><img loading=\"lazy\" decoding=\"async\" width=\"720\" height=\"416\" src=\"https:\/\/loops.jonolsson.se\/wp-content\/uploads\/Engelska-byggifen.gif\" alt=\"\" class=\"wp-image-312\" style=\"border-radius:5px\"\/><\/a><\/figure>\n<\/div>\n<\/div>\n<\/div>\n\n\n\n<div class=\"wp-block-group alignfull has-custom-ovrig-background-color has-background has-global-padding is-layout-constrained wp-container-core-group-is-layout-5287f2a8 wp-block-group-is-layout-constrained\" style=\"padding-top:var(--wp--preset--spacing--x-large);padding-right:var(--wp--preset--spacing--small);padding-bottom:var(--wp--preset--spacing--x-large);padding-left:var(--wp--preset--spacing--small)\">\n<div class=\"wp-block-columns alignwide are-vertically-aligned-bottom is-layout-flex wp-container-core-columns-is-layout-28f84493 wp-block-columns-is-layout-flex\">\n<div class=\"wp-block-column is-vertically-aligned-bottom is-layout-flow wp-block-column-is-layout-flow\">\n<div class=\"wp-block-group has-global-padding is-layout-constrained wp-container-core-group-is-layout-7d0d3654 wp-block-group-is-layout-constrained\" style=\"border-style:none;border-width:0px;border-top-left-radius:5px;border-top-right-radius:5px;border-bottom-left-radius:5px;border-bottom-right-radius:5px\">\n<h3 class=\"wp-block-heading has-text-align-center\">Loops for skole<\/h3>\n\n\n\n<div class=\"wp-block-buttons is-content-justification-center is-layout-flex wp-container-core-buttons-is-layout-a89b3969 wp-block-buttons-is-layout-flex\">\n<div class=\"wp-block-button\"><a class=\"wp-block-button__link has-custom-grundskolan-background-color has-background wp-element-button\" href=\"\/no\/produkt\/skole\/\">Les mer<\/a><\/div>\n<\/div>\n<\/div>\n<\/div>\n\n\n\n<div class=\"wp-block-column is-vertically-aligned-bottom is-layout-flow wp-block-column-is-layout-flow\">\n<div class=\"wp-block-group has-global-padding is-layout-constrained wp-container-core-group-is-layout-7d0d3654 wp-block-group-is-layout-constrained\" style=\"border-style:none;border-width:0px;border-top-left-radius:5px;border-top-right-radius:5px;border-bottom-left-radius:5px;border-bottom-right-radius:5px\">\n<h3 class=\"wp-block-heading has-text-align-center\">Loops for bedrifter<\/h3>\n\n\n\n<div class=\"wp-block-buttons is-content-justification-center is-layout-flex wp-container-core-buttons-is-layout-a89b3969 wp-block-buttons-is-layout-flex\">\n<div class=\"wp-block-button\"><a class=\"wp-block-button__link has-custom-foretag-background-color has-background wp-element-button\" href=\"\/no\/produkt\/bedrifter\/\">Les mer<\/a><\/div>\n<\/div>\n<\/div>\n<\/div>\n<\/div>\n<\/div>\n","protected":false},"excerpt":{"rendered":"<p>Loops for skole Loops for bedrifter<\/p>\n","protected":false},"author":1,"featured_media":1034,"parent":1079,"menu_order":0,"comment_status":"closed","ping_status":"closed","template":"","meta":{"_acf_changed":false,"footnotes":""},"class_list":["post-1095","page","type-page","status-publish","has-post-thumbnail","hentry"],"acf":[],"mb":[],"mfb_rest_fields":["title"],"_links":{"self":[{"href":"https:\/\/loops.jonolsson.se\/no\/wp-json\/wp\/v2\/pages\/1095","targetHints":{"allow":["GET"]}}],"collection":[{"href":"https:\/\/loops.jonolsson.se\/no\/wp-json\/wp\/v2\/pages"}],"about":[{"href":"https:\/\/loops.jonolsson.se\/no\/wp-json\/wp\/v2\/types\/page"}],"author":[{"embeddable":true,"href":"https:\/\/loops.jonolsson.se\/no\/wp-json\/wp\/v2\/users\/1"}],"replies":[{"embeddable":true,"href":"https:\/\/loops.jonolsson.se\/no\/wp-json\/wp\/v2\/comments?post=1095"}],"version-history":[{"count":2,"href":"https:\/\/loops.jonolsson.se\/no\/wp-json\/wp\/v2\/pages\/1095\/revisions"}],"predecessor-version":[{"id":1372,"href":"https:\/\/loops.jonolsson.se\/no\/wp-json\/wp\/v2\/pages\/1095\/revisions\/1372"}],"up":[{"embeddable":true,"href":"https:\/\/loops.jonolsson.se\/no\/wp-json\/wp\/v2\/pages\/1079"}],"wp:featuredmedia":[{"embeddable":true,"href":"https:\/\/loops.jonolsson.se\/no\/wp-json\/wp\/v2\/media\/1034"}],"wp:attachment":[{"href":"https:\/\/loops.jonolsson.se\/no\/wp-json\/wp\/v2\/media?parent=1095"}],"curies":[{"name":"wp","href":"https:\/\/api.w.org\/{rel}","templated":true}]}}