{"id":1762,"date":"2025-04-10T11:16:12","date_gmt":"2025-04-10T11:16:12","guid":{"rendered":"https:\/\/loops.jonolsson.se\/cookie-policy-2\/"},"modified":"2025-04-10T17:55:42","modified_gmt":"2025-04-10T17:55:42","slug":"cookie-policy","status":"publish","type":"page","link":"https:\/\/loops.jonolsson.se\/no\/cookie-policy\/","title":{"rendered":"Cookie policy"},"content":{"rendered":"\n<div style=\"height:150px\" aria-hidden=\"true\" class=\"wp-block-spacer\"><\/div>\n\n\n\n<div class=\"wp-block-group has-link-color wp-elements-c70ea5b0bd00e0b9ce5e127969c03892 has-global-padding is-layout-constrained wp-block-group-is-layout-constrained\">\n<h1 class=\"wp-block-heading\">Informasjonskapsler <\/h1>\n\n\n\n<h2 class=\"wp-block-heading\" id=\"vad-ar-kakor\">Introduksjon<\/h2>\n\n\n\n<p>Denne retningslinjen for informasjonskapsler forklarer hva informasjonskapsler er og hvordan vi bruker dem p\u00e5 v\u00e5r nettside. Vi anbefaler at du leser denne retningslinjen for \u00e5 forst\u00e5 hvilken type informasjon vi samler inn ved hjelp av informasjonskapsler og hvordan denne informasjonen brukes.<\/p>\n\n\n\n<h3 class=\"wp-block-heading\">Hva er informasjonskapsler?<\/h3>\n\n\n\n<p>Informasjonskapsler er sm\u00e5 tekstfiler som lagres p\u00e5 enheten din (datamaskin, nettbrett eller mobil) n\u00e5r du bes\u00f8ker et nettsted. De brukes for \u00e5 gj\u00f8re nettsteder mer effektive og for \u00e5 gi informasjon til eierne av nettstedet.<\/p>\n\n\n\n<h3 class=\"wp-block-heading\">Hvordan vi bruker informasjonskapsler<\/h3>\n\n\n\n<p>Vi bruker informasjonskapsler til ulike form\u00e5l, inkludert:<\/p>\n\n\n\n<ul class=\"wp-block-list\">\n<li>Forbedre funksjonaliteten p\u00e5 v\u00e5r nettside<\/li>\n\n\n\n<li>Analysere trafikken p\u00e5 v\u00e5r nettside<\/li>\n\n\n\n<li>Tilpasse innhold og annonser basert p\u00e5 dine interesser<\/li>\n<\/ul>\n\n\n\n<h3 class=\"wp-block-heading\">Typer informasjonskapsler vi bruker<\/h3>\n\n\n\n<p><strong>N\u00f8dvendige<\/strong> informasjonskapsler: Disse informasjonskapslene er n\u00f8dvendige for at nettstedet skal fungere riktig og kan ikke sl\u00e5s av i v\u00e5re systemer. De settes vanligvis bare som svar p\u00e5 handlinger du gj\u00f8r som tilsvarer en foresp\u00f8rsel om tjenester, for eksempel \u00e5 angi dine personverninnstillinger, logge inn eller fylle ut skjemaer.<\/p>\n\n\n\n<figure class=\"wp-block-table\"><table class=\"has-fixed-layout\"><tbody><tr><td><strong>Navn<\/strong><\/td><td><strong>&nbsp;Varighet<\/strong><\/td><td><strong>Hensikt<\/strong><\/td><\/tr><tr><td>Moove_gdpr_popup<\/td><td>1 y<\/td><td>Cookie compliance<\/td><\/tr><tr><td>__cfuvid, __cfruid, __cf_bm<\/td><td>Session\/<br>30 min<\/td><td>Cloudflare CDN\/bot provider<\/td><\/tr><tr><td>JSESSIONID<\/td><td>Session<\/td><td>Generate forms (HubSpot)<\/td><\/tr><tr><td>AEC, DV, NID, OGPC, SOCS<\/td><td>6 months<\/td><td>ReCaptcha, spam remover (Google)<\/td><\/tr><tr><td>_GRECAPTCHA<\/td><td>6 months<\/td><td>ReCaptcha, spam remover (Google)<\/td><\/tr><\/tbody><\/table><\/figure>\n\n\n\n<p><strong>Ytelseskapsler<\/strong>: Disse informasjonskapslene lar oss telle bes\u00f8k og trafikkilder slik at vi kan m\u00e5le og forbedre ytelsen p\u00e5 nettstedet v\u00e5rt. De hjelper oss med \u00e5 vite hvilke sider som er mest og minst popul\u00e6re og se hvordan bes\u00f8kende beveger seg rundt p\u00e5 nettstedet.<\/p>\n\n\n\n<figure class=\"wp-block-table\"><table class=\"has-fixed-layout\"><tbody><tr><td><strong>Namn<\/strong><\/td><td><strong>&nbsp;Varaktighet<\/strong><\/td><td><strong>Syfte<\/strong><\/td><\/tr><tr><td>TipMix<\/td><td>30 min<\/td><td>Azure Server<\/td><\/tr><tr><td>x-ms-routing-name<\/td><td>30 min<\/td><td>Azure Server<\/td><\/tr><tr><td>__hstc, hubspotutk<\/td><td>6 months<\/td><td>HubSpot tracker<\/td><\/tr><tr><td>__hssc, __hssrc<\/td><td>session<\/td><td>HubSpot tracker<\/td><\/tr><tr><td>_ga<\/td><td>2 y<\/td><td>Identify unique visitors (Google Analytics)<\/td><\/tr><tr><td>_gat<\/td><td>1 min<\/td><td>Visitor\u2019s frequency (Google Analytics)<\/td><\/tr><tr><td>_gid<\/td><td>24 h<\/td><td>Identify visitors (Google Analytics)<\/td><\/tr><\/tbody><\/table><\/figure>\n\n\n\n<p><strong>Funksjonelle<\/strong> informasjonskapsler: Disse informasjonskapslene gj\u00f8r det mulig for nettstedet \u00e5 tilby forbedret funksjonalitet og personlig tilpasning. De kan settes av oss eller av tredjepartsleverand\u00f8rer hvis tjenester vi har lagt til p\u00e5 v\u00e5re sider.<\/p>\n\n\n\n<figure class=\"wp-block-table\"><table class=\"has-fixed-layout\"><tbody><tr><td><strong>Navn<\/strong><\/td><td><strong>Varighet<\/strong><\/td><td><strong>Hensikt<\/strong><\/td><\/tr><tr><td>messageUtk<\/td><td>6 months<\/td><td>HubSpot\u2019s chat<\/td><\/tr><tr><td>PREF, SOCS<\/td><td>1 y<\/td><td>Embed Youtube<\/td><\/tr><tr><td>VISITOR_*<\/td><td>6 months<\/td><td>Embed Youtube<\/td><\/tr><tr><td>YSC<\/td><td>session<\/td><td>Embed Youtube<\/td><\/tr><tr><td>Vuid, player, flags<\/td><td>1-2 y<\/td><td>Embed Vimeo<\/td><\/tr><\/tbody><\/table><\/figure>\n\n\n\n<p><strong>M\u00e5lrettings- og annonsering<\/strong>skapsler: Disse informasjonskapslene kan settes via v\u00e5rt nettsted av v\u00e5re reklamepartnere. De kan brukes av disse selskapene for \u00e5 bygge en profil av dine interesser og vise deg relevante annonser p\u00e5 andre nettsteder.<\/p>\n\n\n\n<figure class=\"wp-block-table\"><table class=\"has-fixed-layout\"><tbody><tr><td><strong>Navn<\/strong><\/td><td><strong>&nbsp;Varighet<\/strong><\/td><td><strong>Hensikt<\/strong><\/td><\/tr><tr><td>&nbsp;<\/td><td>&nbsp;<\/td><td>&nbsp;<\/td><\/tr><\/tbody><\/table><\/figure>\n\n\n\n<h3 class=\"wp-block-heading\">Administrer dine informasjonskapselinnstillinger<\/h3>\n\n\n\n<p>Du kan n\u00e5r som helst endre eller trekke tilbake ditt samtykke fra informasjonskapselerkl\u00e6ringen p\u00e5 v\u00e5r nettside.<\/p>\n\n\n\n<div class=\"wp-block-buttons is-layout-flex wp-block-buttons-is-layout-flex\">\n<div class=\"wp-block-button\"><a class=\"wp-block-button__link wp-element-button\" href=\"\/#gdpr_cookie_modal\">Informasjonskapselinnstillinger<\/a><\/div>\n<\/div>\n\n\n\n<p>Du kan ogs\u00e5 justere nettleserinnstillingene dine for \u00e5 blokkere eller varsle deg om informasjonskapsler, men noen deler av nettstedet kan da slutte \u00e5 fungere riktig.<\/p>\n\n\n\n<h3 class=\"wp-block-heading\">Endringer i denne retningslinjen for informasjonskapsler<\/h3>\n\n\n\n<p>Vi kan oppdatere denne retningslinjen for informasjonskapsler fra tid til annen for \u00e5 gjenspeile endringer i hvordan vi bruker informasjonskapsler eller av andre operative, juridiske eller regulatoriske \u00e5rsaker. Vi oppfordrer deg til \u00e5 gjennomg\u00e5 denne siden periodisk for \u00e5 f\u00e5 den nyeste informasjonen om v\u00e5r bruk av informasjonskapsler.<\/p>\n\n\n\n<h3 class=\"wp-block-heading\">Kontakt oss<\/h3>\n\n\n\n<p>Hvis du har sp\u00f8rsm\u00e5l om v\u00e5r bruk av informasjonskapsler, vennligst kontakt oss p\u00e5 <a href=\"mailto:hello@loopseducation.com\">hello@loopseducation.com<\/a>.<\/p>\n<\/div>\n\n\n\n<div style=\"height:100px\" aria-hidden=\"true\" class=\"wp-block-spacer\"><\/div>\n","protected":false},"excerpt":{"rendered":"<p>Informasjonskapsler Introduksjon Denne retningslinjen for informasjonskapsler forklarer hva informasjonskapsler er og hvordan vi bruker dem p\u00e5 v\u00e5r nettside. Vi anbefaler at du leser denne retningslinjen for \u00e5 forst\u00e5 hvilken type informasjon vi samler inn ved hjelp av informasjonskapsler og hvordan denne informasjonen brukes. Hva er informasjonskapsler? Informasjonskapsler er sm\u00e5 tekstfiler som lagres p\u00e5 enheten din [&hellip;]<\/p>\n","protected":false},"author":1,"featured_media":0,"parent":0,"menu_order":0,"comment_status":"closed","ping_status":"closed","template":"","meta":{"_acf_changed":false,"footnotes":""},"class_list":["post-1762","page","type-page","status-publish","hentry"],"acf":[],"mb":[],"mfb_rest_fields":["title"],"_links":{"self":[{"href":"https:\/\/loops.jonolsson.se\/no\/wp-json\/wp\/v2\/pages\/1762","targetHints":{"allow":["GET"]}}],"collection":[{"href":"https:\/\/loops.jonolsson.se\/no\/wp-json\/wp\/v2\/pages"}],"about":[{"href":"https:\/\/loops.jonolsson.se\/no\/wp-json\/wp\/v2\/types\/page"}],"author":[{"embeddable":true,"href":"https:\/\/loops.jonolsson.se\/no\/wp-json\/wp\/v2\/users\/1"}],"replies":[{"embeddable":true,"href":"https:\/\/loops.jonolsson.se\/no\/wp-json\/wp\/v2\/comments?post=1762"}],"version-history":[{"count":4,"href":"https:\/\/loops.jonolsson.se\/no\/wp-json\/wp\/v2\/pages\/1762\/revisions"}],"predecessor-version":[{"id":1798,"href":"https:\/\/loops.jonolsson.se\/no\/wp-json\/wp\/v2\/pages\/1762\/revisions\/1798"}],"wp:attachment":[{"href":"https:\/\/loops.jonolsson.se\/no\/wp-json\/wp\/v2\/media?parent=1762"}],"curies":[{"name":"wp","href":"https:\/\/api.w.org\/{rel}","templated":true}]}}