{"id":846,"date":"2023-04-29T14:50:56","date_gmt":"2023-04-29T14:50:56","guid":{"rendered":"https:\/\/loops.jonolsson.se\/home\/"},"modified":"2025-04-10T11:07:44","modified_gmt":"2025-04-10T11:07:44","slug":"hjem","status":"publish","type":"page","link":"https:\/\/loops.jonolsson.se\/no\/","title":{"rendered":"Hjem"},"content":{"rendered":"\n<div class=\"wp-block-cover alignfull is-light\" style=\"padding-top:0;padding-right:0;padding-bottom:0;padding-left:0;min-height:500px;aspect-ratio:unset;\"><span aria-hidden=\"true\" class=\"wp-block-cover__background has-contrast-background-color has-background-dim\"><\/span><video class=\"wp-block-cover__video-background intrinsic-ignore\" autoplay muted loop playsinline src=\"https:\/\/loops.jonolsson.se\/wp-content\/uploads\/Hero-Film-1.mp4\" data-object-fit=\"cover\"><\/video><div class=\"wp-block-cover__inner-container is-layout-flow wp-block-cover-is-layout-flow\">\n<div class=\"wp-block-group has-global-padding is-layout-constrained wp-container-core-group-is-layout-0ca5253d wp-block-group-is-layout-constrained\" style=\"padding-top:var(--wp--preset--spacing--medium);padding-right:var(--wp--preset--spacing--small);padding-bottom:var(--wp--preset--spacing--medium);padding-left:var(--wp--preset--spacing--small)\">\n<div class=\"wp-block-group alignwide with-text-alignment has-global-padding is-content-justification-left is-layout-constrained wp-container-core-group-is-layout-06628af8 wp-block-group-is-layout-constrained core-group core-group-69fb0e1a19bae\" style=\"padding-top:0;padding-right:0;padding-bottom:0;padding-left:0\">\n<div class=\"wp-block-group alignwide with-text-alignment has-global-padding is-layout-constrained wp-container-core-group-is-layout-6f4be487 wp-block-group-is-layout-constrained\" style=\"padding-top:0;padding-right:0;padding-bottom:0;padding-left:0\">\n<h1 class=\"wp-block-heading alignwide has-text-align-center samskolan-text-shadow has-base-color has-text-color with-text-shadow core-heading core-heading-69fb0e1a16118\">Loops \u2013 kreativ l\u00e6ring<\/h1>\n\n\n\n<p class=\"has-text-align-center samskolan-text-shadow has-base-color has-text-color has-medium-font-size\" style=\"line-height:1.3\">Loops er et verkt\u00f8y for b\u00e5de skoler og bedrifter hvor du enkelt kan lage undervisningsmateriell, som vi kaller looper. En loop er bygget opp som et kart fylt med tekster, filmer, lenker og aktiviteter. Kartet skiller Loops fra andre l\u00e6ringsverkt\u00f8y og gir en unik opplevelse.<\/p>\n<\/div>\n<\/div>\n<\/div>\n<\/div><\/div>\n\n\n\n<div class=\"wp-block-group alignfull mychild-parallax-grey has-global-padding is-layout-constrained wp-container-core-group-is-layout-5287f2a8 wp-block-group-is-layout-constrained\" style=\"padding-top:var(--wp--preset--spacing--x-large);padding-right:var(--wp--preset--spacing--small);padding-bottom:var(--wp--preset--spacing--x-large);padding-left:var(--wp--preset--spacing--small)\">\n<div class=\"wp-block-columns alignwide are-vertically-aligned-bottom is-layout-flex wp-container-core-columns-is-layout-28f84493 wp-block-columns-is-layout-flex\">\n<div class=\"wp-block-column is-vertically-aligned-bottom is-layout-flow wp-block-column-is-layout-flow\">\n<div class=\"wp-block-group has-global-padding is-layout-constrained wp-container-core-group-is-layout-7d0d3654 wp-block-group-is-layout-constrained\" style=\"border-style:none;border-width:0px;border-top-left-radius:5px;border-top-right-radius:5px;border-bottom-left-radius:5px;border-bottom-right-radius:5px\">\n<h3 class=\"wp-block-heading has-text-align-center\">Loops for skole<\/h3>\n\n\n\n<div class=\"wp-block-buttons is-content-justification-center is-layout-flex wp-container-core-buttons-is-layout-a89b3969 wp-block-buttons-is-layout-flex\">\n<div class=\"wp-block-button\"><a class=\"wp-block-button__link has-custom-grundskolan-background-color has-background wp-element-button\" href=\"https:\/\/loops.jonolsson.se\/no\/produkt\/skole\/\">Les mer<\/a><\/div>\n<\/div>\n<\/div>\n<\/div>\n\n\n\n<div class=\"wp-block-column is-vertically-aligned-bottom is-layout-flow wp-block-column-is-layout-flow\">\n<div class=\"wp-block-group has-global-padding is-layout-constrained wp-container-core-group-is-layout-7d0d3654 wp-block-group-is-layout-constrained\" style=\"border-style:none;border-width:0px;border-top-left-radius:5px;border-top-right-radius:5px;border-bottom-left-radius:5px;border-bottom-right-radius:5px\">\n<h3 class=\"wp-block-heading has-text-align-center\">Loops for annen oppl\u00e6ring<\/h3>\n\n\n\n<div class=\"wp-block-buttons is-content-justification-center is-layout-flex wp-container-core-buttons-is-layout-a89b3969 wp-block-buttons-is-layout-flex\">\n<div class=\"wp-block-button\"><a class=\"wp-block-button__link has-custom-ovrig-background-color has-background wp-element-button\" href=\"https:\/\/loops.jonolsson.se\/no\/produkt\/opplaering\/\">Les mer<\/a><\/div>\n<\/div>\n<\/div>\n<\/div>\n\n\n\n<div class=\"wp-block-column is-vertically-aligned-bottom is-layout-flow wp-block-column-is-layout-flow\">\n<div class=\"wp-block-group has-global-padding is-layout-constrained wp-container-core-group-is-layout-7d0d3654 wp-block-group-is-layout-constrained\" style=\"border-style:none;border-width:0px;border-top-left-radius:5px;border-top-right-radius:5px;border-bottom-left-radius:5px;border-bottom-right-radius:5px\">\n<h3 class=\"wp-block-heading has-text-align-center\">Loops for bedrifter<\/h3>\n\n\n\n<div class=\"wp-block-buttons is-content-justification-center is-layout-flex wp-container-core-buttons-is-layout-a89b3969 wp-block-buttons-is-layout-flex\">\n<div class=\"wp-block-button\"><a class=\"wp-block-button__link has-custom-foretag-background-color has-background wp-element-button\" href=\"https:\/\/loops.jonolsson.se\/no\/produkt\/bedrifter\/\">Les mer<\/a><\/div>\n<\/div>\n<\/div>\n<\/div>\n<\/div>\n<\/div>\n\n\n\n<div class=\"wp-block-group alignfull mychild-parallax-black has-global-padding is-layout-constrained wp-block-group-is-layout-constrained\" style=\"padding-top:var(--wp--preset--spacing--x-small);padding-bottom:var(--wp--preset--spacing--x-small)\">\n<div class=\"wp-block-columns alignfull mychild-reverse-mobile is-layout-flex wp-container-core-columns-is-layout-28f84493 wp-block-columns-is-layout-flex\">\n<div class=\"wp-block-column is-vertically-aligned-center with-text-alignment is-layout-flow wp-block-column-is-layout-flow core-column core-column-69fb0e1a1bdfd\" style=\"padding-top:var(--wp--preset--spacing--small);padding-right:var(--wp--preset--spacing--small);padding-bottom:var(--wp--preset--spacing--small);padding-left:var(--wp--preset--spacing--small)\">\n<h2 class=\"wp-block-heading\">L\u00e6r deg Loops p\u00e5 5 minutter<\/h2>\n\n\n\n<p>Vil du forst\u00e5 hva Loops er og hvordan det fungerer ved \u00e5 pr\u00f8ve det selv? Opprett en testkonto med full funksjonalitet som er gyldig i 45 dager!<\/p>\n\n\n\n<div class=\"wp-block-buttons is-content-justification-center is-layout-flex wp-container-core-buttons-is-layout-a89b3969 wp-block-buttons-is-layout-flex\">\n<div class=\"wp-block-button is-style-outline is-style-outline--1\" style=\"font-style:normal;font-weight:600\"><a class=\"wp-block-button__link has-primary-color has-text-color has-link-color wp-element-button\" href=\"https:\/\/loops.jonolsson.se\/no\/produkt\/prov-loops\/\" style=\"border-width:2px;padding-top:8px;padding-bottom:8px\">Les mer<\/a><\/div>\n<\/div>\n<\/div>\n\n\n\n<div class=\"wp-block-column is-vertically-aligned-center is-layout-flow wp-block-column-is-layout-flow\" style=\"flex-basis:50%\">\n<figure class=\"wp-block-image aligncenter size-full\"><img loading=\"lazy\" decoding=\"async\" width=\"720\" height=\"404\" src=\"https:\/\/loops.jonolsson.se\/wp-content\/uploads\/Loops-Learn.gif\" alt=\"\" class=\"wp-image-252\"\/><\/figure>\n<\/div>\n<\/div>\n<\/div>\n\n\n\n<div class=\"wp-block-group alignfull mychild-parallax-grey has-global-padding is-layout-constrained wp-container-core-group-is-layout-bd03884e wp-block-group-is-layout-constrained\" style=\"padding-top:var(--wp--preset--spacing--large);padding-right:var(--wp--preset--spacing--small);padding-bottom:var(--wp--preset--spacing--large);padding-left:var(--wp--preset--spacing--small)\">\n<div class=\"wp-block-columns alignwide is-layout-flex wp-container-core-columns-is-layout-28f84493 wp-block-columns-is-layout-flex\">\n<div class=\"wp-block-column is-layout-flow wp-block-column-is-layout-flow\">\n<div class=\"wp-block-group with-text-alignment has-global-padding is-layout-constrained wp-container-core-group-is-layout-7d0d3654 wp-block-group-is-layout-constrained core-group core-group-69fb0e1a1c235\" style=\"border-style:none;border-width:0px;border-top-left-radius:5px;border-top-right-radius:5px;border-bottom-left-radius:5px;border-bottom-right-radius:5px\">\n<figure class=\"wp-block-image aligncenter size-medium is-resized\"><img loading=\"lazy\" decoding=\"async\" width=\"300\" height=\"300\" src=\"https:\/\/loops.jonolsson.se\/wp-content\/uploads\/icon-build-1-300x300.png\" alt=\"\" class=\"wp-image-241\" style=\"width:100px\" srcset=\"https:\/\/loops.jonolsson.se\/wp-content\/uploads\/icon-build-1-300x300.png 300w, https:\/\/loops.jonolsson.se\/wp-content\/uploads\/icon-build-1-150x150.png 150w, https:\/\/loops.jonolsson.se\/wp-content\/uploads\/icon-build-1.png 600w\" sizes=\"auto, (max-width: 300px) 100vw, 300px\" \/><\/figure>\n\n\n\n<h2 class=\"wp-block-heading has-text-align-center\">Bygge<\/h2>\n\n\n\n<p>Med Loops sitt verkt\u00f8y kan du enkelt lage dine egne looper, digitale l\u00e6ringskart, med n\u00f8yaktig innhold du trenger.<\/p>\n<\/div>\n<\/div>\n\n\n\n<div class=\"wp-block-column is-layout-flow wp-block-column-is-layout-flow\">\n<div class=\"wp-block-group with-text-alignment has-global-padding is-layout-constrained wp-container-core-group-is-layout-7d0d3654 wp-block-group-is-layout-constrained core-group core-group-69fb0e1a1c43a\" style=\"border-style:none;border-width:0px;border-top-left-radius:5px;border-top-right-radius:5px;border-bottom-left-radius:5px;border-bottom-right-radius:5px\">\n<figure class=\"wp-block-image aligncenter size-medium is-resized\"><img loading=\"lazy\" decoding=\"async\" width=\"300\" height=\"300\" src=\"https:\/\/loops.jonolsson.se\/wp-content\/uploads\/icon-educate-2-300x300.png\" alt=\"\" class=\"wp-image-243\" style=\"width:100px\" srcset=\"https:\/\/loops.jonolsson.se\/wp-content\/uploads\/icon-educate-2-300x300.png 300w, https:\/\/loops.jonolsson.se\/wp-content\/uploads\/icon-educate-2-150x150.png 150w, https:\/\/loops.jonolsson.se\/wp-content\/uploads\/icon-educate-2.png 600w\" sizes=\"auto, (max-width: 300px) 100vw, 300px\" \/><\/figure>\n\n\n\n<h2 class=\"wp-block-heading has-text-align-center\">L\u00e6re opp<\/h2>\n\n\n\n<p>Du kan bruke loopene du har bygget for fjernundervisning, undervisning p\u00e5 stedet der du er, eller en blanding av de to!<\/p>\n<\/div>\n<\/div>\n\n\n\n<div class=\"wp-block-column is-layout-flow wp-block-column-is-layout-flow\">\n<div class=\"wp-block-group with-text-alignment has-global-padding is-layout-constrained wp-container-core-group-is-layout-7d0d3654 wp-block-group-is-layout-constrained core-group core-group-69fb0e1a1c62c\" style=\"border-style:none;border-width:0px;border-top-left-radius:5px;border-top-right-radius:5px;border-bottom-left-radius:5px;border-bottom-right-radius:5px\">\n<figure class=\"wp-block-image aligncenter size-medium is-resized\"><img loading=\"lazy\" decoding=\"async\" width=\"300\" height=\"300\" src=\"https:\/\/loops.jonolsson.se\/wp-content\/uploads\/icon-cooperate-1-300x300.png\" alt=\"\" class=\"wp-image-242\" style=\"width:100px\" srcset=\"https:\/\/loops.jonolsson.se\/wp-content\/uploads\/icon-cooperate-1-300x300.png 300w, https:\/\/loops.jonolsson.se\/wp-content\/uploads\/icon-cooperate-1-150x150.png 150w, https:\/\/loops.jonolsson.se\/wp-content\/uploads\/icon-cooperate-1.png 600w\" sizes=\"auto, (max-width: 300px) 100vw, 300px\" \/><\/figure>\n\n\n\n<h2 class=\"wp-block-heading has-text-align-center\">Samarbeide<\/h2>\n\n\n\n<p>Loopen er fylt med muligheter for \u00e5 samarbeide og kommunisere med deltakere og kolleger under l\u00e6ringsprosessen.<\/p>\n<\/div>\n<\/div>\n<\/div>\n\n\n\n<div class=\"wp-block-buttons is-content-justification-center is-layout-flex wp-container-core-buttons-is-layout-a89b3969 wp-block-buttons-is-layout-flex\">\n<div class=\"wp-block-button is-style-outline is-style-outline--2\" style=\"font-style:normal;font-weight:600\"><a class=\"wp-block-button__link has-primary-color has-text-color has-link-color wp-element-button\" href=\"https:\/\/loops.jonolsson.se\/no\/produkt\/\" style=\"border-width:2px;padding-top:8px;padding-bottom:8px\">Les mer<\/a><\/div>\n<\/div>\n<\/div>\n\n\n\n<div class=\"wp-block-group alignfull mychild-parallax-black has-global-padding is-layout-constrained wp-block-group-is-layout-constrained\">\n<div class=\"wp-block-columns alignfull mychild-reverse-mobile is-layout-flex wp-container-core-columns-is-layout-28f84493 wp-block-columns-is-layout-flex\">\n<div class=\"wp-block-column is-vertically-aligned-center with-text-alignment is-layout-flow wp-block-column-is-layout-flow core-column core-column-69fb0e1a1ddc7\" style=\"padding-top:var(--wp--preset--spacing--medium);padding-right:var(--wp--preset--spacing--small);padding-bottom:var(--wp--preset--spacing--medium);padding-left:var(--wp--preset--spacing--small)\">\n<h2 class=\"wp-block-heading\">Loops i ditt digitale milj\u00f8<\/h2>\n\n\n\n<p>Les mer om hvordan Loops fungerer sammen med dine eksisterende digitale milj\u00f8er, og hvordan du enkelt kan komme i gang med Loops gjennom en jevn import eller din n\u00e5v\u00e6rende l\u00f8sning for enkel p\u00e5logging.<\/p>\n\n\n\n<figure class=\"wp-block-image aligncenter size-large is-resized\"><img loading=\"lazy\" decoding=\"async\" width=\"1024\" height=\"243\" src=\"https:\/\/loops.jonolsson.se\/wp-content\/uploads\/Eko-share-1024x243.png\" alt=\"\" class=\"wp-image-324\" style=\"width:200px\" srcset=\"https:\/\/loops.jonolsson.se\/wp-content\/uploads\/Eko-share-1024x243.png 1024w, https:\/\/loops.jonolsson.se\/wp-content\/uploads\/Eko-share-300x71.png 300w, https:\/\/loops.jonolsson.se\/wp-content\/uploads\/Eko-share-768x182.png 768w, https:\/\/loops.jonolsson.se\/wp-content\/uploads\/Eko-share.png 1500w\" sizes=\"auto, (max-width: 1024px) 100vw, 1024px\" \/><\/figure>\n\n\n\n<div class=\"wp-block-buttons is-content-justification-center is-layout-flex wp-container-core-buttons-is-layout-a89b3969 wp-block-buttons-is-layout-flex\">\n<div class=\"wp-block-button is-style-outline is-style-outline--3\" style=\"font-style:normal;font-weight:600\"><a class=\"wp-block-button__link has-primary-color has-text-color has-link-color wp-element-button\" href=\"\/no\/produkt\/#eko\" style=\"border-width:2px;padding-top:8px;padding-bottom:8px\">Les mer<\/a><\/div>\n<\/div>\n<\/div>\n\n\n\n<div class=\"wp-block-column is-vertically-aligned-center is-layout-flow wp-block-column-is-layout-flow\" style=\"flex-basis:50%\">\n<figure class=\"wp-block-video\"><video height=\"404\" style=\"aspect-ratio: 720 \/ 404;\" width=\"720\" autoplay loop muted src=\"https:\/\/loops.jonolsson.se\/wp-content\/uploads\/Loops-eko.mp4\" playsinline><\/video><\/figure>\n<\/div>\n<\/div>\n<\/div>\n\n\n\n<div class=\"wp-block-group alignfull mychild-parallax-darkgrey has-global-padding is-layout-constrained wp-container-core-group-is-layout-dbf27b9b wp-block-group-is-layout-constrained\" style=\"padding-top:var(--wp--preset--spacing--small);padding-right:var(--wp--preset--spacing--small);padding-bottom:var(--wp--preset--spacing--small);padding-left:var(--wp--preset--spacing--small)\">\n<div class=\"wp-block-columns alignfull mychild-reverse-mobile is-layout-flex wp-container-core-columns-is-layout-28f84493 wp-block-columns-is-layout-flex\">\n<div class=\"wp-block-column is-vertically-aligned-center with-text-alignment is-layout-flow wp-block-column-is-layout-flow core-column core-column-69fb0e1a1f0a4\" style=\"padding-top:var(--wp--preset--spacing--small);padding-right:var(--wp--preset--spacing--small);padding-bottom:var(--wp--preset--spacing--small);padding-left:var(--wp--preset--spacing--small)\">\n<h2 class=\"wp-block-heading\">Hva koster Loops?<\/h2>\n\n\n\n<p>I Loops kj\u00f8per du lisenser for l\u00e6rere eller pedagogiske ledere, og med disse lisensene f\u00f8lger en rekke student- eller deltakerlisenser. Vi har forskjellige priser for grunnskolen og bedrifter, s\u00e5 vel som det vi kaller annen oppl\u00e6ring. Klikk p\u00e5 les mer for \u00e5 se hva kostnaden vil v\u00e6re for virksomheten din.<\/p>\n\n\n\n<div class=\"wp-block-buttons is-content-justification-center is-layout-flex wp-container-core-buttons-is-layout-a89b3969 wp-block-buttons-is-layout-flex\">\n<div class=\"wp-block-button is-style-outline is-style-outline--4\" style=\"font-style:normal;font-weight:600\"><a class=\"wp-block-button__link has-primary-color has-text-color has-link-color wp-element-button\" href=\"\/no\/produkt\/pris\/\" style=\"border-width:2px;padding-top:8px;padding-bottom:8px\">Les mer<\/a><\/div>\n<\/div>\n<\/div>\n\n\n\n<div class=\"wp-block-column is-vertically-aligned-center is-layout-flow wp-block-column-is-layout-flow\" style=\"padding-top:var(--wp--preset--spacing--x-small);padding-right:var(--wp--preset--spacing--small);padding-bottom:var(--wp--preset--spacing--x-small);padding-left:var(--wp--preset--spacing--small);flex-basis:50%\">\n<figure class=\"wp-block-image aligncenter size-full has-custom-border\"><a href=\"https:\/\/loops.jonolsson.se\/wp-content\/uploads\/Engelska-byggifen.gif\"><img loading=\"lazy\" decoding=\"async\" width=\"720\" height=\"416\" src=\"https:\/\/loops.jonolsson.se\/wp-content\/uploads\/Engelska-byggifen.gif\" alt=\"\" class=\"wp-image-312\" style=\"border-radius:5px\"\/><\/a><\/figure>\n<\/div>\n<\/div>\n<\/div>\n","protected":false},"excerpt":{"rendered":"<p>Loops for skole Loops for annen oppl\u00e6ring Loops for bedrifter L\u00e6r deg Loops p\u00e5 5 minutter Vil du forst\u00e5 hva Loops er og hvordan det fungerer ved \u00e5 pr\u00f8ve det selv? Opprett en testkonto med full funksjonalitet som er gyldig i 45 dager! Bygge Med Loops sitt verkt\u00f8y kan du enkelt lage dine egne looper, [&hellip;]<\/p>\n","protected":false},"author":1,"featured_media":1028,"parent":0,"menu_order":0,"comment_status":"closed","ping_status":"closed","template":"","meta":{"_acf_changed":false,"footnotes":""},"class_list":["post-846","page","type-page","status-publish","has-post-thumbnail","hentry"],"acf":[],"mb":[],"mfb_rest_fields":["title"],"_links":{"self":[{"href":"https:\/\/loops.jonolsson.se\/no\/wp-json\/wp\/v2\/pages\/846","targetHints":{"allow":["GET"]}}],"collection":[{"href":"https:\/\/loops.jonolsson.se\/no\/wp-json\/wp\/v2\/pages"}],"about":[{"href":"https:\/\/loops.jonolsson.se\/no\/wp-json\/wp\/v2\/types\/page"}],"author":[{"embeddable":true,"href":"https:\/\/loops.jonolsson.se\/no\/wp-json\/wp\/v2\/users\/1"}],"replies":[{"embeddable":true,"href":"https:\/\/loops.jonolsson.se\/no\/wp-json\/wp\/v2\/comments?post=846"}],"version-history":[{"count":5,"href":"https:\/\/loops.jonolsson.se\/no\/wp-json\/wp\/v2\/pages\/846\/revisions"}],"predecessor-version":[{"id":1744,"href":"https:\/\/loops.jonolsson.se\/no\/wp-json\/wp\/v2\/pages\/846\/revisions\/1744"}],"wp:featuredmedia":[{"embeddable":true,"href":"https:\/\/loops.jonolsson.se\/no\/wp-json\/wp\/v2\/media\/1028"}],"wp:attachment":[{"href":"https:\/\/loops.jonolsson.se\/no\/wp-json\/wp\/v2\/media?parent=846"}],"curies":[{"name":"wp","href":"https:\/\/api.w.org\/{rel}","templated":true}]}}